{"id":60532,"date":"2024-10-24T14:55:16","date_gmt":"2024-10-24T12:55:16","guid":{"rendered":"https:\/\/temper-doctor.com\/?post_type=product&#038;p=60532"},"modified":"2024-10-24T15:07:06","modified_gmt":"2024-10-24T13:07:06","slug":"ego-serie","status":"publish","type":"product","link":"https:\/\/schokoma.de\/fr\/produkt\/ego-serie\/","title":{"rendered":"Ego-Serie"},"content":{"rendered":"\t\t<div data-elementor-type=\"product-post\" data-elementor-id=\"60532\" class=\"elementor elementor-60532\" data-elementor-post-type=\"product\">\n\t\t\t\t\t\t<section class=\"has_eae_slider elementor-section elementor-top-section elementor-element elementor-element-6af4d0d elementor-section-boxed elementor-section-height-default elementor-section-height-default\" data-eae-slider=\"12527\" data-id=\"6af4d0d\" data-element_type=\"section\" data-e-type=\"section\">\n\t\t\t\t\t\t<div class=\"elementor-container elementor-column-gap-default\">\n\t\t\t\t\t<div class=\"has_eae_slider elementor-column elementor-col-100 elementor-top-column elementor-element elementor-element-09f44cb\" data-eae-slider=\"97373\" data-id=\"09f44cb\" data-element_type=\"column\" data-e-type=\"column\">\n\t\t\t<div class=\"elementor-widget-wrap elementor-element-populated\">\n\t\t\t\t\t\t<section class=\"has_eae_slider elementor-section elementor-inner-section elementor-element elementor-element-673eb60 elementor-section-boxed elementor-section-height-default elementor-section-height-default\" data-eae-slider=\"36648\" data-id=\"673eb60\" data-element_type=\"section\" data-e-type=\"section\">\n\t\t\t\t\t\t<div class=\"elementor-container elementor-column-gap-default\">\n\t\t\t\t\t<div class=\"has_eae_slider elementor-column elementor-col-50 elementor-inner-column elementor-element elementor-element-52af687\" data-eae-slider=\"98209\" data-id=\"52af687\" data-element_type=\"column\" data-e-type=\"column\">\n\t\t\t<div class=\"elementor-widget-wrap elementor-element-populated\">\n\t\t\t\t\t\t<div class=\"elementor-element elementor-element-54d77cc elementor-widget elementor-widget-text-editor\" data-id=\"54d77cc\" data-element_type=\"widget\" data-e-type=\"widget\" data-widget_type=\"text-editor.default\">\n\t\t\t\t<div class=\"elementor-widget-container\">\n\t\t\t\t\t\t\t\t\t<h3>EGO-Serie<\/h3><h5>Laborschmelzger\u00e4t der Ego T-Serie und Temperierger\u00e4t der Ego TP-Serie\u00a0<\/h5><p>Das Schmelzger\u00e4t der EGO T-Serie wird zum Schmelzen, Mischen und Halten verschiedener Produkte in fl\u00fcssigem Zustand und auf einer konstanten Temperatur verwendet.<br \/>Da die EGO TP-Serie jedoch mit einem K\u00e4ltekompressor ausgestattet ist, handelt es sich in jeder Hinsicht um eine Temperiermaschine.<\/p><h4><span style=\"color: #3d3d3d; font-family: 'Open Sans'; font-size: 22px;\">EINIGE DETAILS<\/span><\/h4><ul><li>TANKK\u00d6RPER AUS ELEKTROGESCHWEI\u00dfTEM EDELSTAHL AISI 304<\/li><li>LEXAN-VERSCHLUSSABDECKUNG<\/li><li>ABNEHMBARE AUSSENW\u00c4NDE AUS EDELSTAHL AISI 304<\/li><li>MISCHER AUS EDELSTAHL AISI 304<\/li><li>\u201eINDIREKTES\u201c HEIZ-\/K\u00dcHLSYSTEM<\/li><li>ELEKTRISCHES PANEL KONFORM MIT DEN CE-NORMEN<\/li><li>NOTFALLPILZ<\/li><\/ul><div>\u00a0<\/div><table><tbody><tr><td>Bezeichnung<\/td><td>Kapazit\u00e4t in KG<\/td><td>St\u00e4rke (KW)<\/td><\/tr><tr><td>EGO TP50<\/td><td>50<\/td><td>2,8<\/td><\/tr><\/tbody><\/table>\t\t\t\t\t\t\t\t<\/div>\n\t\t\t\t<\/div>\n\t\t\t\t\t<\/div>\n\t\t<\/div>\n\t\t\t\t<div class=\"has_eae_slider elementor-column elementor-col-50 elementor-inner-column elementor-element elementor-element-848d410\" data-eae-slider=\"49815\" data-id=\"848d410\" data-element_type=\"column\" data-e-type=\"column\">\n\t\t\t<div class=\"elementor-widget-wrap elementor-element-populated\">\n\t\t\t\t\t\t<div class=\"elementor-element elementor-element-340e61c elementor-widget elementor-widget-heading\" data-id=\"340e61c\" data-element_type=\"widget\" data-e-type=\"widget\" data-widget_type=\"heading.default\">\n\t\t\t\t<div class=\"elementor-widget-container\">\n\t\t\t\t\t<h4 class=\"elementor-heading-title elementor-size-default\">Jetzt Anfragen!<\/h4>\t\t\t\t<\/div>\n\t\t\t\t<\/div>\n\t\t\t\t<div class=\"elementor-element elementor-element-99feb65 elementor-button-align-stretch elementor-widget elementor-widget-form\" data-id=\"99feb65\" data-element_type=\"widget\" data-e-type=\"widget\" data-settings=\"{&quot;step_next_label&quot;:&quot;N\\u00e4chster&quot;,&quot;step_previous_label&quot;:&quot;Voriger&quot;,&quot;button_width&quot;:&quot;100&quot;,&quot;step_type&quot;:&quot;number_text&quot;,&quot;step_icon_shape&quot;:&quot;circle&quot;}\" data-widget_type=\"form.default\">\n\t\t\t\t<div class=\"elementor-widget-container\">\n\t\t\t\t\t\t\t<form class=\"elementor-form\" method=\"post\" name=\"Anfrage Massa EGO-Serie\" aria-label=\"Anfrage Massa EGO-Serie\">\n\t\t\t<input type=\"hidden\" name=\"post_id\" value=\"60532\"\/>\n\t\t\t<input type=\"hidden\" name=\"form_id\" value=\"99feb65\"\/>\n\t\t\t<input type=\"hidden\" name=\"referer_title\" value=\"Ego-Serie\" \/>\n\n\t\t\t\t\t\t\t<input type=\"hidden\" name=\"queried_id\" value=\"60532\"\/>\n\t\t\t\n\t\t\t<div class=\"elementor-form-fields-wrapper elementor-labels-above\">\n\t\t\t\t\t\t\t\t<div class=\"elementor-field-type-text elementor-field-group elementor-column elementor-field-group-name elementor-col-50\">\n\t\t\t\t\t\t\t\t\t\t\t\t<label for=\"form-field-name\" class=\"elementor-field-label\">\n\t\t\t\t\t\t\t\tFirma\t\t\t\t\t\t\t<\/label>\n\t\t\t\t\t\t\t\t\t\t\t\t\t\t<input size=\"1\" type=\"text\" name=\"form_fields[name]\" id=\"form-field-name\" class=\"elementor-field elementor-size-sm  elementor-field-textual\" placeholder=\"Firma\">\n\t\t\t\t\t\t\t\t\t\t\t<\/div>\n\t\t\t\t\t\t\t\t<div class=\"elementor-field-type-text elementor-field-group elementor-column elementor-field-group-field_491a5c4 elementor-col-50\">\n\t\t\t\t\t\t\t\t\t\t\t\t<label for=\"form-field-field_491a5c4\" class=\"elementor-field-label\">\n\t\t\t\t\t\t\t\tAnsprechpartner\t\t\t\t\t\t\t<\/label>\n\t\t\t\t\t\t\t\t\t\t\t\t\t\t<input size=\"1\" type=\"text\" name=\"form_fields[field_491a5c4]\" id=\"form-field-field_491a5c4\" class=\"elementor-field elementor-size-sm  elementor-field-textual\" placeholder=\"Name Nachname\">\n\t\t\t\t\t\t\t\t\t\t\t<\/div>\n\t\t\t\t\t\t\t\t<div class=\"elementor-field-type-text elementor-field-group elementor-column elementor-field-group-field_ba7982e elementor-col-70\">\n\t\t\t\t\t\t\t\t\t\t\t\t<label for=\"form-field-field_ba7982e\" class=\"elementor-field-label\">\n\t\t\t\t\t\t\t\tStra\u00dfe\t\t\t\t\t\t\t<\/label>\n\t\t\t\t\t\t\t\t\t\t\t\t\t\t<input size=\"1\" type=\"text\" name=\"form_fields[field_ba7982e]\" id=\"form-field-field_ba7982e\" class=\"elementor-field elementor-size-sm  elementor-field-textual\" placeholder=\"Stra\u00dfe\">\n\t\t\t\t\t\t\t\t\t\t\t<\/div>\n\t\t\t\t\t\t\t\t<div class=\"elementor-field-type-text elementor-field-group elementor-column elementor-field-group-field_1a7be15 elementor-col-30\">\n\t\t\t\t\t\t\t\t\t\t\t\t<label for=\"form-field-field_1a7be15\" class=\"elementor-field-label\">\n\t\t\t\t\t\t\t\tHausnummer\t\t\t\t\t\t\t<\/label>\n\t\t\t\t\t\t\t\t\t\t\t\t\t\t<input size=\"1\" type=\"text\" name=\"form_fields[field_1a7be15]\" id=\"form-field-field_1a7be15\" class=\"elementor-field elementor-size-sm  elementor-field-textual\" placeholder=\"Hausnummer\">\n\t\t\t\t\t\t\t\t\t\t\t<\/div>\n\t\t\t\t\t\t\t\t<div class=\"elementor-field-type-text elementor-field-group elementor-column elementor-field-group-field_0a6e10e elementor-col-40\">\n\t\t\t\t\t\t\t\t\t\t\t\t<label for=\"form-field-field_0a6e10e\" class=\"elementor-field-label\">\n\t\t\t\t\t\t\t\tPostleitzahl\t\t\t\t\t\t\t<\/label>\n\t\t\t\t\t\t\t\t\t\t\t\t\t\t<input size=\"1\" type=\"text\" name=\"form_fields[field_0a6e10e]\" id=\"form-field-field_0a6e10e\" class=\"elementor-field elementor-size-sm  elementor-field-textual\">\n\t\t\t\t\t\t\t\t\t\t\t<\/div>\n\t\t\t\t\t\t\t\t<div class=\"elementor-field-type-text elementor-field-group elementor-column elementor-field-group-field_20a0a06 elementor-col-60\">\n\t\t\t\t\t\t\t\t\t\t\t\t<label for=\"form-field-field_20a0a06\" class=\"elementor-field-label\">\n\t\t\t\t\t\t\t\tOrt\t\t\t\t\t\t\t<\/label>\n\t\t\t\t\t\t\t\t\t\t\t\t\t\t<input size=\"1\" type=\"text\" name=\"form_fields[field_20a0a06]\" id=\"form-field-field_20a0a06\" class=\"elementor-field elementor-size-sm  elementor-field-textual\">\n\t\t\t\t\t\t\t\t\t\t\t<\/div>\n\t\t\t\t\t\t\t\t<div class=\"elementor-field-type-email elementor-field-group elementor-column elementor-field-group-email elementor-col-50 elementor-field-required\">\n\t\t\t\t\t\t\t\t\t\t\t\t<label for=\"form-field-email\" class=\"elementor-field-label\">\n\t\t\t\t\t\t\t\tE-Mail\t\t\t\t\t\t\t<\/label>\n\t\t\t\t\t\t\t\t\t\t\t\t\t\t<input size=\"1\" type=\"email\" name=\"form_fields[email]\" id=\"form-field-email\" class=\"elementor-field elementor-size-sm  elementor-field-textual\" placeholder=\"E-Mail\" required=\"required\">\n\t\t\t\t\t\t\t\t\t\t\t<\/div>\n\t\t\t\t\t\t\t\t<div class=\"elementor-field-type-text elementor-field-group elementor-column elementor-field-group-field_5f6e84e elementor-col-50\">\n\t\t\t\t\t\t\t\t\t\t\t\t<label for=\"form-field-field_5f6e84e\" class=\"elementor-field-label\">\n\t\t\t\t\t\t\t\tTelefonnummer\t\t\t\t\t\t\t<\/label>\n\t\t\t\t\t\t\t\t\t\t\t\t\t\t<input size=\"1\" type=\"text\" name=\"form_fields[field_5f6e84e]\" id=\"form-field-field_5f6e84e\" class=\"elementor-field elementor-size-sm  elementor-field-textual\">\n\t\t\t\t\t\t\t\t\t\t\t<\/div>\n\t\t\t\t\t\t\t\t<div class=\"elementor-field-group elementor-column elementor-field-type-submit elementor-col-100 e-form__buttons\">\n\t\t\t\t\t<button class=\"elementor-button elementor-size-sm\" type=\"submit\">\n\t\t\t\t\t\t<span class=\"elementor-button-content-wrapper\">\n\t\t\t\t\t\t\t\t\t\t\t\t\t\t\t\t\t\t\t\t\t\t<span class=\"elementor-button-text\">Senden<\/span>\n\t\t\t\t\t\t\t\t\t\t\t\t\t<\/span>\n\t\t\t\t\t<\/button>\n\t\t\t\t<\/div>\n\t\t\t<\/div>\n\t\t<\/form>\n\t\t\t\t\t\t<\/div>\n\t\t\t\t<\/div>\n\t\t\t\t\t<\/div>\n\t\t<\/div>\n\t\t\t\t\t<\/div>\n\t\t<\/section>\n\t\t\t\t<div class=\"elementor-element elementor-element-8f167c4 elementor-widget-divider--view-line elementor-widget elementor-widget-divider\" data-id=\"8f167c4\" data-element_type=\"widget\" data-e-type=\"widget\" data-widget_type=\"divider.default\">\n\t\t\t\t<div class=\"elementor-widget-container\">\n\t\t\t\t\t\t\t<div class=\"elementor-divider\">\n\t\t\t<span class=\"elementor-divider-separator\">\n\t\t\t\t\t\t<\/span>\n\t\t<\/div>\n\t\t\t\t\t\t<\/div>\n\t\t\t\t<\/div>\n\t\t<div class=\"has_eae_slider elementor-element elementor-element-d6bd097 e-flex e-con-boxed e-con e-parent\" data-eae-slider=\"79720\" data-id=\"d6bd097\" data-element_type=\"container\" data-e-type=\"container\">\n\t\t\t\t\t<div class=\"e-con-inner\">\n\t\t\t\t<div class=\"elementor-element elementor-element-20faf78 elementor-widget__width-initial elementor-widget elementor-widget-text-editor\" data-id=\"20faf78\" data-element_type=\"widget\" data-e-type=\"widget\" data-widget_type=\"text-editor.default\">\n\t\t\t\t<div class=\"elementor-widget-container\">\n\t\t\t\t\t\t\t\t\t<h4>Verarbeitbare Rohstoffe<\/h4><ul><li>Schokolade<\/li><li>Schokoladenersatz<\/li><li>Kakaopaste<\/li><li>Kakaobutter<\/li><li>Pflanzliche Fette<\/li><li>Cremes<\/li><li>Glucose<\/li><\/ul>\t\t\t\t\t\t\t\t<\/div>\n\t\t\t\t<\/div>\n\t\t\t\t<div class=\"elementor-element elementor-element-7801ddc elementor-widget__width-initial elementor-widget elementor-widget-image\" data-id=\"7801ddc\" data-element_type=\"widget\" data-e-type=\"widget\" data-widget_type=\"image.default\">\n\t\t\t\t<div class=\"elementor-widget-container\">\n\t\t\t\t\t\t\t\t\t\t\t\t\t\t\t<img fetchpriority=\"high\" decoding=\"async\" width=\"719\" height=\"1024\" src=\"https:\/\/schokoma.de\/wp-content\/uploads\/2024\/10\/MCM_chocolate_equipment_3Scheda_Ego_Temperatrici-719x1024.png\" class=\"attachment-large size-large wp-image-60537\" alt=\"\" srcset=\"https:\/\/schokoma.de\/wp-content\/uploads\/2024\/10\/MCM_chocolate_equipment_3Scheda_Ego_Temperatrici-719x1024.png 719w, https:\/\/schokoma.de\/wp-content\/uploads\/2024\/10\/MCM_chocolate_equipment_3Scheda_Ego_Temperatrici-211x300.png 211w, https:\/\/schokoma.de\/wp-content\/uploads\/2024\/10\/MCM_chocolate_equipment_3Scheda_Ego_Temperatrici-768x1094.png 768w, https:\/\/schokoma.de\/wp-content\/uploads\/2024\/10\/MCM_chocolate_equipment_3Scheda_Ego_Temperatrici-600x854.png 600w, https:\/\/schokoma.de\/wp-content\/uploads\/2024\/10\/MCM_chocolate_equipment_3Scheda_Ego_Temperatrici.png 797w\" sizes=\"(max-width: 719px) 100vw, 719px\" \/>\t\t\t\t\t\t\t\t\t\t\t\t\t\t\t<\/div>\n\t\t\t\t<\/div>\n\t\t\t\t\t<\/div>\n\t\t\t\t<\/div>\n\t\t\t\t\t<\/div>\n\t\t<\/div>\n\t\t\t\t\t<\/div>\n\t\t<\/section>\n\t\t\t\t<\/div>\n\t\t","protected":false},"excerpt":{"rendered":"<p>EGO-Serie Laborschmelzger\u00e4t der Ego T-Serie und Temperierger\u00e4t der Ego TP-Serie\u00a0 Das Schmelzger\u00e4t der EGO T-Serie wird zum Schmelzen, Mischen und Halten verschiedener Produkte in fl\u00fcssigem Zustand und auf einer konstanten Temperatur verwendet.Da die EGO TP-Serie jedoch mit einem K\u00e4ltekompressor ausgestattet ist, handelt es sich in jeder Hinsicht um eine Temperiermaschine. EINIGE DETAILS TANKK\u00d6RPER AUS ELEKTROGESCHWEI\u00dfTEM [&hellip;]<\/p>\n","protected":false},"featured_media":60537,"template":"","meta":[],"product_brand":[],"product_cat":[7862,7867],"product_tag":[],"class_list":{"0":"post-60532","1":"product","2":"type-product","3":"status-publish","4":"has-post-thumbnail","6":"product_cat-mcm-massa","7":"product_cat-temperier-und-schmelzgeraete","9":"first","10":"instock","11":"shipping-taxable","12":"product-type-simple"},"_links":{"self":[{"href":"https:\/\/schokoma.de\/fr\/wp-json\/wp\/v2\/product\/60532","targetHints":{"allow":["GET"]}}],"collection":[{"href":"https:\/\/schokoma.de\/fr\/wp-json\/wp\/v2\/product"}],"about":[{"href":"https:\/\/schokoma.de\/fr\/wp-json\/wp\/v2\/types\/product"}],"version-history":[{"count":4,"href":"https:\/\/schokoma.de\/fr\/wp-json\/wp\/v2\/product\/60532\/revisions"}],"predecessor-version":[{"id":60543,"href":"https:\/\/schokoma.de\/fr\/wp-json\/wp\/v2\/product\/60532\/revisions\/60543"}],"wp:featuredmedia":[{"embeddable":true,"href":"https:\/\/schokoma.de\/fr\/wp-json\/wp\/v2\/media\/60537"}],"wp:attachment":[{"href":"https:\/\/schokoma.de\/fr\/wp-json\/wp\/v2\/media?parent=60532"}],"wp:term":[{"taxonomy":"product_brand","embeddable":true,"href":"https:\/\/schokoma.de\/fr\/wp-json\/wp\/v2\/product_brand?post=60532"},{"taxonomy":"product_cat","embeddable":true,"href":"https:\/\/schokoma.de\/fr\/wp-json\/wp\/v2\/product_cat?post=60532"},{"taxonomy":"product_tag","embeddable":true,"href":"https:\/\/schokoma.de\/fr\/wp-json\/wp\/v2\/product_tag?post=60532"}],"curies":[{"name":"wp","href":"https:\/\/api.w.org\/{rel}","templated":true}]}}