{"id":60375,"date":"2024-10-24T10:51:08","date_gmt":"2024-10-24T08:51:08","guid":{"rendered":"https:\/\/temper-doctor.com\/?post_type=product&#038;p=60375"},"modified":"2024-10-24T15:08:38","modified_gmt":"2024-10-24T13:08:38","slug":"tcxf-serie","status":"publish","type":"product","link":"https:\/\/schokoma.de\/fr\/produkt\/tcxf-serie\/","title":{"rendered":"TCXF-Serie"},"content":{"rendered":"\t\t<div data-elementor-type=\"product-post\" data-elementor-id=\"60375\" class=\"elementor elementor-60375\" data-elementor-post-type=\"product\">\n\t\t\t\t\t\t<section class=\"has_eae_slider elementor-section elementor-top-section elementor-element elementor-element-6af4d0d elementor-section-boxed elementor-section-height-default elementor-section-height-default\" data-eae-slider=\"36245\" data-id=\"6af4d0d\" data-element_type=\"section\" data-e-type=\"section\">\n\t\t\t\t\t\t<div class=\"elementor-container elementor-column-gap-default\">\n\t\t\t\t\t<div class=\"has_eae_slider elementor-column elementor-col-100 elementor-top-column elementor-element elementor-element-09f44cb\" data-eae-slider=\"86671\" data-id=\"09f44cb\" data-element_type=\"column\" data-e-type=\"column\">\n\t\t\t<div class=\"elementor-widget-wrap elementor-element-populated\">\n\t\t\t\t\t\t<section class=\"has_eae_slider elementor-section elementor-inner-section elementor-element elementor-element-673eb60 elementor-section-boxed elementor-section-height-default elementor-section-height-default\" data-eae-slider=\"94525\" data-id=\"673eb60\" data-element_type=\"section\" data-e-type=\"section\">\n\t\t\t\t\t\t<div class=\"elementor-container elementor-column-gap-default\">\n\t\t\t\t\t<div class=\"has_eae_slider elementor-column elementor-col-50 elementor-inner-column elementor-element elementor-element-52af687\" data-eae-slider=\"31814\" data-id=\"52af687\" data-element_type=\"column\" data-e-type=\"column\">\n\t\t\t<div class=\"elementor-widget-wrap elementor-element-populated\">\n\t\t\t\t\t\t<div class=\"elementor-element elementor-element-54d77cc elementor-widget elementor-widget-text-editor\" data-id=\"54d77cc\" data-element_type=\"widget\" data-e-type=\"widget\" data-widget_type=\"text-editor.default\">\n\t\t\t\t<div class=\"elementor-widget-container\">\n\t\t\t\t\t\t\t\t\t<h3>TCXF-Serie<\/h3><p>Schmelzbeh\u00e4lter mit R\u00fchrwerk.<\/p><h4><span style=\"color: #3d3d3d; font-family: 'Open Sans'; font-size: 22px;\">EINIGE DETAILS<\/span><\/h4><ul><li>ABNEHMBARE UND ABNEHMBARE MISCHER AUS EDELSTAHL AISI 304 MIT EINSTELLBAREN SCHABERN<\/li><li>HEIZUNG MIT ELEKTRISCHEN WIDERST\u00c4NDEN\/WARMWASSER<\/li><li>HEIZSPULE ZUR UNTERST\u00dcTZUNG VON MARKENPRODUKTEN<\/li><li>Beladungs- und Produktinspektionst\u00fcr<\/li><li>TANKK\u00d6RPER UND AUSSENW\u00c4NDE AUS STAHL AISI 304<\/li><li>2 ANSCHL\u00dcSSE F\u00dcR JEGLICHE PRODUKTAUSGABE MIT VOLUMETRISCHER PUMPE<\/li><li>ELEKTRISCHES PANEL KONFORM MIT DEN CE-NORMEN<\/li><li>NOTFALLPILZ<\/li><\/ul><p>\u00a0<\/p><table class=\"table\"><tbody><tr class=\"intestazionetabella\"><td>Bezeichnung<\/td><td>Kapazit\u00e4t in L<\/td><td>St\u00e4rke (KW)<\/td><\/tr><tr class=\"contenutotabella\"><td>TCXF 1,5<\/td><td>105<\/td><td>6<\/td><\/tr><tr class=\"contenutotabella\"><td>TCXF 2,5<\/td><td>265<\/td><td>6<\/td><\/tr><tr class=\"contenutotabella\"><td>TCXF 5<\/td><td>520<\/td><td>15<\/td><\/tr><tr class=\"contenutotabella\"><td>TCXF 10<\/td><td>1100<\/td><td>20<\/td><\/tr><tr class=\"contenutotabella\"><td>TCXF 20<\/td><td>2000<\/td><td>25<\/td><\/tr><\/tbody><\/table>\t\t\t\t\t\t\t\t<\/div>\n\t\t\t\t<\/div>\n\t\t\t\t\t<\/div>\n\t\t<\/div>\n\t\t\t\t<div class=\"has_eae_slider elementor-column elementor-col-50 elementor-inner-column elementor-element elementor-element-848d410\" data-eae-slider=\"76887\" data-id=\"848d410\" data-element_type=\"column\" data-e-type=\"column\">\n\t\t\t<div class=\"elementor-widget-wrap elementor-element-populated\">\n\t\t\t\t\t\t<div class=\"elementor-element elementor-element-340e61c elementor-widget elementor-widget-heading\" data-id=\"340e61c\" data-element_type=\"widget\" data-e-type=\"widget\" data-widget_type=\"heading.default\">\n\t\t\t\t<div class=\"elementor-widget-container\">\n\t\t\t\t\t<h4 class=\"elementor-heading-title elementor-size-default\">Jetzt Anfragen!<\/h4>\t\t\t\t<\/div>\n\t\t\t\t<\/div>\n\t\t\t\t<div class=\"elementor-element elementor-element-99feb65 elementor-button-align-stretch elementor-widget elementor-widget-form\" data-id=\"99feb65\" data-element_type=\"widget\" data-e-type=\"widget\" data-settings=\"{&quot;step_next_label&quot;:&quot;N\\u00e4chster&quot;,&quot;step_previous_label&quot;:&quot;Voriger&quot;,&quot;button_width&quot;:&quot;100&quot;,&quot;step_type&quot;:&quot;number_text&quot;,&quot;step_icon_shape&quot;:&quot;circle&quot;}\" data-widget_type=\"form.default\">\n\t\t\t\t<div class=\"elementor-widget-container\">\n\t\t\t\t\t\t\t<form class=\"elementor-form\" method=\"post\" name=\"Anfrage Massa TCXF-Serie\" aria-label=\"Anfrage Massa TCXF-Serie\">\n\t\t\t<input type=\"hidden\" name=\"post_id\" value=\"60375\"\/>\n\t\t\t<input type=\"hidden\" name=\"form_id\" value=\"99feb65\"\/>\n\t\t\t<input type=\"hidden\" name=\"referer_title\" value=\"Produkt-Kategorien  M.C.M Massa\" \/>\n\n\t\t\t\n\t\t\t<div class=\"elementor-form-fields-wrapper elementor-labels-above\">\n\t\t\t\t\t\t\t\t<div class=\"elementor-field-type-radio elementor-field-group elementor-column elementor-field-group-field_d65ab36 elementor-col-100\">\n\t\t\t\t\t\t\t\t\t\t\t\t<label for=\"form-field-field_d65ab36\" class=\"elementor-field-label\">\n\t\t\t\t\t\t\t\tZu welcher Maschine\t\t\t\t\t\t\t<\/label>\n\t\t\t\t\t\t<div class=\"elementor-field-subgroup  elementor-subgroup-inline\"><span class=\"elementor-field-option\"><input type=\"radio\" value=\"TCXF  1,5\" id=\"form-field-field_d65ab36-0\" name=\"form_fields[field_d65ab36]\"> <label for=\"form-field-field_d65ab36-0\">TCXF  1,5<\/label><\/span><span class=\"elementor-field-option\"><input type=\"radio\" value=\"TCXF  2,5\" id=\"form-field-field_d65ab36-1\" name=\"form_fields[field_d65ab36]\"> <label for=\"form-field-field_d65ab36-1\">TCXF  2,5<\/label><\/span><span class=\"elementor-field-option\"><input type=\"radio\" value=\"TCXF  5\" id=\"form-field-field_d65ab36-2\" name=\"form_fields[field_d65ab36]\"> <label for=\"form-field-field_d65ab36-2\">TCXF  5<\/label><\/span><span class=\"elementor-field-option\"><input type=\"radio\" value=\"TCXF  10\" id=\"form-field-field_d65ab36-3\" name=\"form_fields[field_d65ab36]\"> <label for=\"form-field-field_d65ab36-3\">TCXF  10<\/label><\/span><span class=\"elementor-field-option\"><input type=\"radio\" value=\"TCXF  20\" id=\"form-field-field_d65ab36-4\" name=\"form_fields[field_d65ab36]\"> <label for=\"form-field-field_d65ab36-4\">TCXF  20<\/label><\/span><\/div>\t\t\t\t<\/div>\n\t\t\t\t\t\t\t\t<div class=\"elementor-field-type-text elementor-field-group elementor-column elementor-field-group-name elementor-col-50\">\n\t\t\t\t\t\t\t\t\t\t\t\t<label for=\"form-field-name\" class=\"elementor-field-label\">\n\t\t\t\t\t\t\t\tFirma\t\t\t\t\t\t\t<\/label>\n\t\t\t\t\t\t\t\t\t\t\t\t\t\t<input size=\"1\" type=\"text\" name=\"form_fields[name]\" id=\"form-field-name\" class=\"elementor-field elementor-size-sm  elementor-field-textual\" placeholder=\"Firma\">\n\t\t\t\t\t\t\t\t\t\t\t<\/div>\n\t\t\t\t\t\t\t\t<div class=\"elementor-field-type-text elementor-field-group elementor-column elementor-field-group-field_491a5c4 elementor-col-50\">\n\t\t\t\t\t\t\t\t\t\t\t\t<label for=\"form-field-field_491a5c4\" class=\"elementor-field-label\">\n\t\t\t\t\t\t\t\tAnsprechpartner\t\t\t\t\t\t\t<\/label>\n\t\t\t\t\t\t\t\t\t\t\t\t\t\t<input size=\"1\" type=\"text\" name=\"form_fields[field_491a5c4]\" id=\"form-field-field_491a5c4\" class=\"elementor-field elementor-size-sm  elementor-field-textual\" placeholder=\"Name Nachname\">\n\t\t\t\t\t\t\t\t\t\t\t<\/div>\n\t\t\t\t\t\t\t\t<div class=\"elementor-field-type-text elementor-field-group elementor-column elementor-field-group-field_ba7982e elementor-col-70\">\n\t\t\t\t\t\t\t\t\t\t\t\t<label for=\"form-field-field_ba7982e\" class=\"elementor-field-label\">\n\t\t\t\t\t\t\t\tStra\u00dfe\t\t\t\t\t\t\t<\/label>\n\t\t\t\t\t\t\t\t\t\t\t\t\t\t<input size=\"1\" type=\"text\" name=\"form_fields[field_ba7982e]\" id=\"form-field-field_ba7982e\" class=\"elementor-field elementor-size-sm  elementor-field-textual\" placeholder=\"Stra\u00dfe\">\n\t\t\t\t\t\t\t\t\t\t\t<\/div>\n\t\t\t\t\t\t\t\t<div class=\"elementor-field-type-text elementor-field-group elementor-column elementor-field-group-field_1a7be15 elementor-col-30\">\n\t\t\t\t\t\t\t\t\t\t\t\t<label for=\"form-field-field_1a7be15\" class=\"elementor-field-label\">\n\t\t\t\t\t\t\t\tHausnummer\t\t\t\t\t\t\t<\/label>\n\t\t\t\t\t\t\t\t\t\t\t\t\t\t<input size=\"1\" type=\"text\" name=\"form_fields[field_1a7be15]\" id=\"form-field-field_1a7be15\" class=\"elementor-field elementor-size-sm  elementor-field-textual\" placeholder=\"Hausnummer\">\n\t\t\t\t\t\t\t\t\t\t\t<\/div>\n\t\t\t\t\t\t\t\t<div class=\"elementor-field-type-text elementor-field-group elementor-column elementor-field-group-field_0a6e10e elementor-col-40\">\n\t\t\t\t\t\t\t\t\t\t\t\t<label for=\"form-field-field_0a6e10e\" class=\"elementor-field-label\">\n\t\t\t\t\t\t\t\tPostleitzahl\t\t\t\t\t\t\t<\/label>\n\t\t\t\t\t\t\t\t\t\t\t\t\t\t<input size=\"1\" type=\"text\" name=\"form_fields[field_0a6e10e]\" id=\"form-field-field_0a6e10e\" class=\"elementor-field elementor-size-sm  elementor-field-textual\">\n\t\t\t\t\t\t\t\t\t\t\t<\/div>\n\t\t\t\t\t\t\t\t<div class=\"elementor-field-type-text elementor-field-group elementor-column elementor-field-group-field_20a0a06 elementor-col-60\">\n\t\t\t\t\t\t\t\t\t\t\t\t<label for=\"form-field-field_20a0a06\" class=\"elementor-field-label\">\n\t\t\t\t\t\t\t\tOrt\t\t\t\t\t\t\t<\/label>\n\t\t\t\t\t\t\t\t\t\t\t\t\t\t<input size=\"1\" type=\"text\" name=\"form_fields[field_20a0a06]\" id=\"form-field-field_20a0a06\" class=\"elementor-field elementor-size-sm  elementor-field-textual\">\n\t\t\t\t\t\t\t\t\t\t\t<\/div>\n\t\t\t\t\t\t\t\t<div class=\"elementor-field-type-email elementor-field-group elementor-column elementor-field-group-email elementor-col-50 elementor-field-required\">\n\t\t\t\t\t\t\t\t\t\t\t\t<label for=\"form-field-email\" class=\"elementor-field-label\">\n\t\t\t\t\t\t\t\tE-Mail\t\t\t\t\t\t\t<\/label>\n\t\t\t\t\t\t\t\t\t\t\t\t\t\t<input size=\"1\" type=\"email\" name=\"form_fields[email]\" id=\"form-field-email\" class=\"elementor-field elementor-size-sm  elementor-field-textual\" placeholder=\"E-Mail\" required=\"required\">\n\t\t\t\t\t\t\t\t\t\t\t<\/div>\n\t\t\t\t\t\t\t\t<div class=\"elementor-field-type-text elementor-field-group elementor-column elementor-field-group-field_5f6e84e elementor-col-50\">\n\t\t\t\t\t\t\t\t\t\t\t\t<label for=\"form-field-field_5f6e84e\" class=\"elementor-field-label\">\n\t\t\t\t\t\t\t\tTelefonnummer\t\t\t\t\t\t\t<\/label>\n\t\t\t\t\t\t\t\t\t\t\t\t\t\t<input size=\"1\" type=\"text\" name=\"form_fields[field_5f6e84e]\" id=\"form-field-field_5f6e84e\" class=\"elementor-field elementor-size-sm  elementor-field-textual\">\n\t\t\t\t\t\t\t\t\t\t\t<\/div>\n\t\t\t\t\t\t\t\t<div class=\"elementor-field-group elementor-column elementor-field-type-submit elementor-col-100 e-form__buttons\">\n\t\t\t\t\t<button class=\"elementor-button elementor-size-sm\" type=\"submit\">\n\t\t\t\t\t\t<span class=\"elementor-button-content-wrapper\">\n\t\t\t\t\t\t\t\t\t\t\t\t\t\t\t\t\t\t\t\t\t\t<span class=\"elementor-button-text\">Senden<\/span>\n\t\t\t\t\t\t\t\t\t\t\t\t\t<\/span>\n\t\t\t\t\t<\/button>\n\t\t\t\t<\/div>\n\t\t\t<\/div>\n\t\t<\/form>\n\t\t\t\t\t\t<\/div>\n\t\t\t\t<\/div>\n\t\t\t\t\t<\/div>\n\t\t<\/div>\n\t\t\t\t\t<\/div>\n\t\t<\/section>\n\t\t\t\t<div class=\"elementor-element elementor-element-8f167c4 elementor-widget-divider--view-line elementor-widget elementor-widget-divider\" data-id=\"8f167c4\" data-element_type=\"widget\" data-e-type=\"widget\" data-widget_type=\"divider.default\">\n\t\t\t\t<div class=\"elementor-widget-container\">\n\t\t\t\t\t\t\t<div class=\"elementor-divider\">\n\t\t\t<span class=\"elementor-divider-separator\">\n\t\t\t\t\t\t<\/span>\n\t\t<\/div>\n\t\t\t\t\t\t<\/div>\n\t\t\t\t<\/div>\n\t\t<div class=\"has_eae_slider elementor-element elementor-element-340fc26 e-flex e-con-boxed e-con e-parent\" data-eae-slider=\"21584\" data-id=\"340fc26\" data-element_type=\"container\" data-e-type=\"container\">\n\t\t\t\t\t<div class=\"e-con-inner\">\n\t\t\t\t<div class=\"elementor-element elementor-element-a119a30 elementor-widget__width-initial elementor-widget elementor-widget-text-editor\" data-id=\"a119a30\" data-element_type=\"widget\" data-e-type=\"widget\" data-widget_type=\"text-editor.default\">\n\t\t\t\t<div class=\"elementor-widget-container\">\n\t\t\t\t\t\t\t\t\t<h4>Verarbeitbare Rohstoffe<\/h4>\n<ul>\n \t<li><span>Schokolade<\/span><\/li>\n \t<li><span>Schokoladenersatz<\/span><\/li>\n \t<li><span>Kakaopaste<\/span><\/li>\n \t<li><span>Kakaobutter<\/span><\/li>\n \t<li><span>Pflanzliche Fette<\/span><\/li>\n \t<li><span>Cremes<\/span><\/li>\n \t<li><span>Glucose<\/span><\/li>\n<\/ul>\t\t\t\t\t\t\t\t<\/div>\n\t\t\t\t<\/div>\n\t\t\t\t<div class=\"elementor-element elementor-element-9cd586b elementor-widget__width-initial elementor-widget elementor-widget-image\" data-id=\"9cd586b\" data-element_type=\"widget\" data-e-type=\"widget\" data-widget_type=\"image.default\">\n\t\t\t\t<div class=\"elementor-widget-container\">\n\t\t\t\t\t\t\t\t\t\t\t\t\t\t\t<img fetchpriority=\"high\" decoding=\"async\" width=\"697\" height=\"1024\" src=\"https:\/\/schokoma.de\/wp-content\/uploads\/2024\/10\/2b_FUSORE_MCM_chocolate_equipment_SCHEDA_TCXF-697x1024.png\" class=\"attachment-large size-large wp-image-60376\" alt=\"\" srcset=\"https:\/\/schokoma.de\/wp-content\/uploads\/2024\/10\/2b_FUSORE_MCM_chocolate_equipment_SCHEDA_TCXF-697x1024.png 697w, https:\/\/schokoma.de\/wp-content\/uploads\/2024\/10\/2b_FUSORE_MCM_chocolate_equipment_SCHEDA_TCXF-204x300.png 204w, https:\/\/schokoma.de\/wp-content\/uploads\/2024\/10\/2b_FUSORE_MCM_chocolate_equipment_SCHEDA_TCXF-768x1128.png 768w, https:\/\/schokoma.de\/wp-content\/uploads\/2024\/10\/2b_FUSORE_MCM_chocolate_equipment_SCHEDA_TCXF-600x881.png 600w, https:\/\/schokoma.de\/wp-content\/uploads\/2024\/10\/2b_FUSORE_MCM_chocolate_equipment_SCHEDA_TCXF.png 791w\" sizes=\"(max-width: 697px) 100vw, 697px\" \/>\t\t\t\t\t\t\t\t\t\t\t\t\t\t\t<\/div>\n\t\t\t\t<\/div>\n\t\t\t\t\t<\/div>\n\t\t\t\t<\/div>\n\t\t\t\t\t<\/div>\n\t\t<\/div>\n\t\t\t\t\t<\/div>\n\t\t<\/section>\n\t\t\t\t<\/div>\n\t\t","protected":false},"excerpt":{"rendered":"<p>TCXF-Serie Schmelzbeh\u00e4lter mit R\u00fchrwerk. EINIGE DETAILS ABNEHMBARE UND ABNEHMBARE MISCHER AUS EDELSTAHL AISI 304 MIT EINSTELLBAREN SCHABERN HEIZUNG MIT ELEKTRISCHEN WIDERST\u00c4NDEN\/WARMWASSER HEIZSPULE ZUR UNTERST\u00dcTZUNG VON MARKENPRODUKTEN Beladungs- und Produktinspektionst\u00fcr TANKK\u00d6RPER UND AUSSENW\u00c4NDE AUS STAHL AISI 304 2 ANSCHL\u00dcSSE F\u00dcR JEGLICHE PRODUKTAUSGABE MIT VOLUMETRISCHER PUMPE ELEKTRISCHES PANEL KONFORM MIT DEN CE-NORMEN NOTFALLPILZ \u00a0 Bezeichnung Kapazit\u00e4t in [&hellip;]<\/p>\n","protected":false},"featured_media":60376,"template":"","meta":[],"product_brand":[],"product_cat":[7866,7862],"product_tag":[],"class_list":{"0":"post-60375","1":"product","2":"type-product","3":"status-publish","4":"has-post-thumbnail","6":"product_cat-isolierte-temperiergeraete","7":"product_cat-mcm-massa","9":"first","10":"instock","11":"shipping-taxable","12":"product-type-simple"},"_links":{"self":[{"href":"https:\/\/schokoma.de\/fr\/wp-json\/wp\/v2\/product\/60375","targetHints":{"allow":["GET"]}}],"collection":[{"href":"https:\/\/schokoma.de\/fr\/wp-json\/wp\/v2\/product"}],"about":[{"href":"https:\/\/schokoma.de\/fr\/wp-json\/wp\/v2\/types\/product"}],"version-history":[{"count":7,"href":"https:\/\/schokoma.de\/fr\/wp-json\/wp\/v2\/product\/60375\/revisions"}],"predecessor-version":[{"id":60513,"href":"https:\/\/schokoma.de\/fr\/wp-json\/wp\/v2\/product\/60375\/revisions\/60513"}],"wp:featuredmedia":[{"embeddable":true,"href":"https:\/\/schokoma.de\/fr\/wp-json\/wp\/v2\/media\/60376"}],"wp:attachment":[{"href":"https:\/\/schokoma.de\/fr\/wp-json\/wp\/v2\/media?parent=60375"}],"wp:term":[{"taxonomy":"product_brand","embeddable":true,"href":"https:\/\/schokoma.de\/fr\/wp-json\/wp\/v2\/product_brand?post=60375"},{"taxonomy":"product_cat","embeddable":true,"href":"https:\/\/schokoma.de\/fr\/wp-json\/wp\/v2\/product_cat?post=60375"},{"taxonomy":"product_tag","embeddable":true,"href":"https:\/\/schokoma.de\/fr\/wp-json\/wp\/v2\/product_tag?post=60375"}],"curies":[{"name":"wp","href":"https:\/\/api.w.org\/{rel}","templated":true}]}}