{"id":60229,"date":"2024-04-02T07:46:06","date_gmt":"2024-04-02T05:46:06","guid":{"rendered":"https:\/\/temper-doctor.com\/?post_type=product&#038;p=60229"},"modified":"2024-10-24T15:09:29","modified_gmt":"2024-10-24T13:09:29","slug":"vitti-multifunktions-dosiermaschine","status":"publish","type":"product","link":"https:\/\/schokoma.de\/fr\/produkt\/vitti-multifunktions-dosiermaschine\/","title":{"rendered":"VITTI MULTIFUNKTIONS-DOSIERMASCHINE"},"content":{"rendered":"\t\t<div data-elementor-type=\"product-post\" data-elementor-id=\"60229\" class=\"elementor elementor-60229\" data-elementor-post-type=\"product\">\n\t\t\t\t\t\t<section class=\"has_eae_slider elementor-section elementor-top-section elementor-element elementor-element-08112c4 elementor-section-boxed elementor-section-height-default elementor-section-height-default\" data-eae-slider=\"77164\" data-id=\"08112c4\" data-element_type=\"section\" data-e-type=\"section\">\n\t\t\t\t\t\t<div class=\"elementor-container elementor-column-gap-default\">\n\t\t\t\t\t<div class=\"has_eae_slider elementor-column elementor-col-100 elementor-top-column elementor-element elementor-element-5179e4d\" data-eae-slider=\"6192\" data-id=\"5179e4d\" data-element_type=\"column\" data-e-type=\"column\">\n\t\t\t<div class=\"elementor-widget-wrap elementor-element-populated\">\n\t\t\t\t\t\t<section class=\"has_eae_slider elementor-section elementor-inner-section elementor-element elementor-element-0c6f88a elementor-section-boxed elementor-section-height-default elementor-section-height-default\" data-eae-slider=\"96343\" data-id=\"0c6f88a\" data-element_type=\"section\" data-e-type=\"section\">\n\t\t\t\t\t\t<div class=\"elementor-container elementor-column-gap-default\">\n\t\t\t\t\t<div class=\"has_eae_slider elementor-column elementor-col-50 elementor-inner-column elementor-element elementor-element-05eb9ab\" data-eae-slider=\"67459\" data-id=\"05eb9ab\" data-element_type=\"column\" data-e-type=\"column\">\n\t\t\t<div class=\"elementor-widget-wrap elementor-element-populated\">\n\t\t\t\t\t\t<div class=\"elementor-element elementor-element-b2a7677 elementor-widget elementor-widget-text-editor\" data-id=\"b2a7677\" data-element_type=\"widget\" data-e-type=\"widget\" data-widget_type=\"text-editor.default\">\n\t\t\t\t<div class=\"elementor-widget-container\">\n\t\t\t\t\t\t\t\t\t<div class=\"vc_row wpb_row vc_inner vc_row-fluid vc_custom_1595249926089 vc_row-o-content-middle vc_row-flex\"><div class=\"iconimg wpb_column vc_column_container vc_col-sm-6\"><div class=\"vc_column-inner \"><div class=\"wpb_wrapper\"><div class=\"wpb_text_column wpb_content_element \"><div class=\"wpb_wrapper\"><h4 class=\"titoletto\">F\u00fcr jede Art von Labor<\/h4><p>Vitti, automatische Dosiermaschine zum Abf\u00fcllen von Pralinen, Riegeln, Macarons und Gl\u00e4sern mit unterschiedlichen Viskosit\u00e4ten.<\/p><p>Aus weichen Teigen lassen sich Windbeutel, Eclere, Macarons und andere kleine Gussgeb\u00e4cke herstellen.<\/p><p>Einfache Bedienung, schnelle Reinigung und schneller Formatwechsel machen Vitti zu einer Maschine, die f\u00fcr jede Art von Labor geeignet ist.<\/p><table class=\"table\"><tbody><tr class=\"intestazionetabella\"><td>Bezeichnung<\/td><td>Kapazit\u00e4t<\/td><td>St\u00e4rke (KW)<\/td><\/tr><tr class=\"contenutotabella\"><td>OSD Zero<\/td><td>12 kg<\/td><td>0,4<\/td><\/tr><\/tbody><\/table><h4 class=\"titoletto\">Benutzerfreundlichkeit<\/h4><p>Einfache Bedienung, schnelle Reinigung und schneller Formatwechsel machen Vitti zu einer Maschine, die f\u00fcr jede Art von Labor geeignet ist.<\/p><\/div><\/div><\/div><\/div><\/div><\/div>\t\t\t\t\t\t\t\t<\/div>\n\t\t\t\t<\/div>\n\t\t\t\t\t<\/div>\n\t\t<\/div>\n\t\t\t\t<div class=\"has_eae_slider elementor-column elementor-col-50 elementor-inner-column elementor-element elementor-element-baf8b01\" data-eae-slider=\"71239\" data-id=\"baf8b01\" data-element_type=\"column\" data-e-type=\"column\">\n\t\t\t<div class=\"elementor-widget-wrap elementor-element-populated\">\n\t\t\t\t\t\t<div class=\"elementor-element elementor-element-cc89b98 elementor-widget elementor-widget-heading\" data-id=\"cc89b98\" data-element_type=\"widget\" data-e-type=\"widget\" data-widget_type=\"heading.default\">\n\t\t\t\t<div class=\"elementor-widget-container\">\n\t\t\t\t\t<h4 class=\"elementor-heading-title elementor-size-default\">Jetzt Anfragen!<\/h4>\t\t\t\t<\/div>\n\t\t\t\t<\/div>\n\t\t\t\t<div class=\"elementor-element elementor-element-d4525f4 elementor-button-align-stretch elementor-widget elementor-widget-form\" data-id=\"d4525f4\" data-element_type=\"widget\" data-e-type=\"widget\" data-settings=\"{&quot;step_next_label&quot;:&quot;N\\u00e4chster&quot;,&quot;step_previous_label&quot;:&quot;Voriger&quot;,&quot;button_width&quot;:&quot;100&quot;,&quot;step_type&quot;:&quot;number_text&quot;,&quot;step_icon_shape&quot;:&quot;circle&quot;}\" data-widget_type=\"form.default\">\n\t\t\t\t<div class=\"elementor-widget-container\">\n\t\t\t\t\t\t\t<form class=\"elementor-form\" method=\"post\" name=\"Anfrage Pomati Vitti\" aria-label=\"Anfrage Pomati Vitti\">\n\t\t\t<input type=\"hidden\" name=\"post_id\" value=\"60229\"\/>\n\t\t\t<input type=\"hidden\" name=\"form_id\" value=\"d4525f4\"\/>\n\t\t\t<input type=\"hidden\" name=\"referer_title\" value=\"VITTI MULTIFUNKTIONS-DOSIERMASCHINE\" \/>\n\n\t\t\t\t\t\t\t<input type=\"hidden\" name=\"queried_id\" value=\"60229\"\/>\n\t\t\t\n\t\t\t<div class=\"elementor-form-fields-wrapper elementor-labels-above\">\n\t\t\t\t\t\t\t\t<div class=\"elementor-field-type-text elementor-field-group elementor-column elementor-field-group-name elementor-col-50\">\n\t\t\t\t\t\t\t\t\t\t\t\t<label for=\"form-field-name\" class=\"elementor-field-label\">\n\t\t\t\t\t\t\t\tFirma\t\t\t\t\t\t\t<\/label>\n\t\t\t\t\t\t\t\t\t\t\t\t\t\t<input size=\"1\" type=\"text\" name=\"form_fields[name]\" id=\"form-field-name\" class=\"elementor-field elementor-size-sm  elementor-field-textual\" placeholder=\"Firma\">\n\t\t\t\t\t\t\t\t\t\t\t<\/div>\n\t\t\t\t\t\t\t\t<div class=\"elementor-field-type-text elementor-field-group elementor-column elementor-field-group-field_491a5c4 elementor-col-50\">\n\t\t\t\t\t\t\t\t\t\t\t\t<label for=\"form-field-field_491a5c4\" class=\"elementor-field-label\">\n\t\t\t\t\t\t\t\tAnsprechpartner\t\t\t\t\t\t\t<\/label>\n\t\t\t\t\t\t\t\t\t\t\t\t\t\t<input size=\"1\" type=\"text\" name=\"form_fields[field_491a5c4]\" id=\"form-field-field_491a5c4\" class=\"elementor-field elementor-size-sm  elementor-field-textual\" placeholder=\"Name Nachname\">\n\t\t\t\t\t\t\t\t\t\t\t<\/div>\n\t\t\t\t\t\t\t\t<div class=\"elementor-field-type-text elementor-field-group elementor-column elementor-field-group-field_ba7982e elementor-col-70\">\n\t\t\t\t\t\t\t\t\t\t\t\t<label for=\"form-field-field_ba7982e\" class=\"elementor-field-label\">\n\t\t\t\t\t\t\t\tStra\u00dfe\t\t\t\t\t\t\t<\/label>\n\t\t\t\t\t\t\t\t\t\t\t\t\t\t<input size=\"1\" type=\"text\" name=\"form_fields[field_ba7982e]\" id=\"form-field-field_ba7982e\" class=\"elementor-field elementor-size-sm  elementor-field-textual\" placeholder=\"Stra\u00dfe\">\n\t\t\t\t\t\t\t\t\t\t\t<\/div>\n\t\t\t\t\t\t\t\t<div class=\"elementor-field-type-text elementor-field-group elementor-column elementor-field-group-field_1a7be15 elementor-col-30\">\n\t\t\t\t\t\t\t\t\t\t\t\t<label for=\"form-field-field_1a7be15\" class=\"elementor-field-label\">\n\t\t\t\t\t\t\t\tHausnummer\t\t\t\t\t\t\t<\/label>\n\t\t\t\t\t\t\t\t\t\t\t\t\t\t<input size=\"1\" type=\"text\" name=\"form_fields[field_1a7be15]\" id=\"form-field-field_1a7be15\" class=\"elementor-field elementor-size-sm  elementor-field-textual\" placeholder=\"Hausnummer\">\n\t\t\t\t\t\t\t\t\t\t\t<\/div>\n\t\t\t\t\t\t\t\t<div class=\"elementor-field-type-text elementor-field-group elementor-column elementor-field-group-field_0a6e10e elementor-col-40\">\n\t\t\t\t\t\t\t\t\t\t\t\t<label for=\"form-field-field_0a6e10e\" class=\"elementor-field-label\">\n\t\t\t\t\t\t\t\tPostleitzahl\t\t\t\t\t\t\t<\/label>\n\t\t\t\t\t\t\t\t\t\t\t\t\t\t<input size=\"1\" type=\"text\" name=\"form_fields[field_0a6e10e]\" id=\"form-field-field_0a6e10e\" class=\"elementor-field elementor-size-sm  elementor-field-textual\">\n\t\t\t\t\t\t\t\t\t\t\t<\/div>\n\t\t\t\t\t\t\t\t<div class=\"elementor-field-type-text elementor-field-group elementor-column elementor-field-group-field_20a0a06 elementor-col-60\">\n\t\t\t\t\t\t\t\t\t\t\t\t<label for=\"form-field-field_20a0a06\" class=\"elementor-field-label\">\n\t\t\t\t\t\t\t\tOrt\t\t\t\t\t\t\t<\/label>\n\t\t\t\t\t\t\t\t\t\t\t\t\t\t<input size=\"1\" type=\"text\" name=\"form_fields[field_20a0a06]\" id=\"form-field-field_20a0a06\" class=\"elementor-field elementor-size-sm  elementor-field-textual\">\n\t\t\t\t\t\t\t\t\t\t\t<\/div>\n\t\t\t\t\t\t\t\t<div class=\"elementor-field-type-email elementor-field-group elementor-column elementor-field-group-email elementor-col-50 elementor-field-required\">\n\t\t\t\t\t\t\t\t\t\t\t\t<label for=\"form-field-email\" class=\"elementor-field-label\">\n\t\t\t\t\t\t\t\tE-Mail\t\t\t\t\t\t\t<\/label>\n\t\t\t\t\t\t\t\t\t\t\t\t\t\t<input size=\"1\" type=\"email\" name=\"form_fields[email]\" id=\"form-field-email\" class=\"elementor-field elementor-size-sm  elementor-field-textual\" placeholder=\"E-Mail\" required=\"required\">\n\t\t\t\t\t\t\t\t\t\t\t<\/div>\n\t\t\t\t\t\t\t\t<div class=\"elementor-field-type-text elementor-field-group elementor-column elementor-field-group-field_5f6e84e elementor-col-50\">\n\t\t\t\t\t\t\t\t\t\t\t\t<label for=\"form-field-field_5f6e84e\" class=\"elementor-field-label\">\n\t\t\t\t\t\t\t\tTelefonnummer\t\t\t\t\t\t\t<\/label>\n\t\t\t\t\t\t\t\t\t\t\t\t\t\t<input size=\"1\" type=\"text\" name=\"form_fields[field_5f6e84e]\" id=\"form-field-field_5f6e84e\" class=\"elementor-field elementor-size-sm  elementor-field-textual\">\n\t\t\t\t\t\t\t\t\t\t\t<\/div>\n\t\t\t\t\t\t\t\t<div class=\"elementor-field-group elementor-column elementor-field-type-submit elementor-col-100 e-form__buttons\">\n\t\t\t\t\t<button class=\"elementor-button elementor-size-sm\" type=\"submit\">\n\t\t\t\t\t\t<span class=\"elementor-button-content-wrapper\">\n\t\t\t\t\t\t\t\t\t\t\t\t\t\t\t\t\t\t\t\t\t\t<span class=\"elementor-button-text\">Senden<\/span>\n\t\t\t\t\t\t\t\t\t\t\t\t\t<\/span>\n\t\t\t\t\t<\/button>\n\t\t\t\t<\/div>\n\t\t\t<\/div>\n\t\t<\/form>\n\t\t\t\t\t\t<\/div>\n\t\t\t\t<\/div>\n\t\t\t\t\t<\/div>\n\t\t<\/div>\n\t\t\t\t\t<\/div>\n\t\t<\/section>\n\t\t\t\t<div class=\"elementor-element elementor-element-9b16430 elementor-widget-divider--view-line elementor-widget elementor-widget-divider\" data-id=\"9b16430\" data-element_type=\"widget\" data-e-type=\"widget\" data-widget_type=\"divider.default\">\n\t\t\t\t<div class=\"elementor-widget-container\">\n\t\t\t\t\t\t\t<div class=\"elementor-divider\">\n\t\t\t<span class=\"elementor-divider-separator\">\n\t\t\t\t\t\t<\/span>\n\t\t<\/div>\n\t\t\t\t\t\t<\/div>\n\t\t\t\t<\/div>\n\t\t\t\t<section class=\"has_eae_slider elementor-section elementor-inner-section elementor-element elementor-element-5bd4c62 elementor-section-content-middle elementor-section-boxed elementor-section-height-default elementor-section-height-default\" data-eae-slider=\"34064\" data-id=\"5bd4c62\" data-element_type=\"section\" data-e-type=\"section\">\n\t\t\t\t\t\t<div class=\"elementor-container elementor-column-gap-default\">\n\t\t\t\t\t<div class=\"has_eae_slider elementor-column elementor-col-100 elementor-inner-column elementor-element elementor-element-1732bfa\" data-eae-slider=\"62305\" data-id=\"1732bfa\" data-element_type=\"column\" data-e-type=\"column\">\n\t\t\t<div class=\"elementor-widget-wrap elementor-element-populated\">\n\t\t\t\t\t\t<div class=\"elementor-element elementor-element-c636931 elementor-widget elementor-widget-text-editor\" data-id=\"c636931\" data-element_type=\"widget\" data-e-type=\"widget\" data-widget_type=\"text-editor.default\">\n\t\t\t\t<div class=\"elementor-widget-container\">\n\t\t\t\t\t\t\t\t\t<div class=\"vc_row wpb_row vc_inner vc_row-fluid vc_custom_1595249926089 vc_row-o-content-middle vc_row-flex\"><div class=\"iconimg wpb_column vc_column_container vc_col-sm-6\"><div class=\"vc_column-inner \"><div class=\"wpb_wrapper\"><div class=\"wpb_text_column wpb_content_element \"><div class=\"wpb_wrapper\"><h2 class=\"titoletto\">Spezifikationen<\/h2><ul><li><span>12 kg Trichterkapazit\u00e4t<\/span><\/li><li><span>M\u00f6glichkeit, im \u201eSingle-Shot\u201c- oder \u201eLong-Shot\u201c-Modus zu arbeiten<\/span><\/li><li><span>Zahnraddosiersystem<\/span><\/li><li><span>Trichter und Dosierkopf separat beheizt<\/span><\/li><li><span>Touchscreen-Panel<\/span><\/li><li><span>M\u00f6glichkeit, bis zu 50 Rezepte im Panel zu speichern<\/span><\/li><li><span>Anpassbare Dosierplatte<\/span><\/li><li><span>Manuelle Verstellung der Bankh\u00f6he. Ma\u00dfe: Tiefe 670 x L\u00e4nge 830 x H\u00f6he 750 mm<\/span><\/li><li><span>Volt 200\/230 \u201350\/60 Hz \u20130,4 kW Einphasig<\/span><\/li><\/ul><\/div><\/div><\/div><\/div><\/div><\/div>\t\t\t\t\t\t\t\t<\/div>\n\t\t\t\t<\/div>\n\t\t\t\t\t<\/div>\n\t\t<\/div>\n\t\t\t\t\t<\/div>\n\t\t<\/section>\n\t\t\t\t\t<\/div>\n\t\t<\/div>\n\t\t\t\t\t<\/div>\n\t\t<\/section>\n\t\t\t\t<\/div>\n\t\t","protected":false},"excerpt":{"rendered":"<p>F\u00fcr jede Art von Labor Vitti, automatische Dosiermaschine zum Abf\u00fcllen von Pralinen, Riegeln, Macarons und Gl\u00e4sern mit unterschiedlichen Viskosit\u00e4ten. Aus weichen Teigen lassen sich Windbeutel, Eclere, Macarons und andere kleine Gussgeb\u00e4cke herstellen. Einfache Bedienung, schnelle Reinigung und schneller Formatwechsel machen Vitti zu einer Maschine, die f\u00fcr jede Art von Labor geeignet ist. Bezeichnung Kapazit\u00e4t St\u00e4rke [&hellip;]<\/p>\n","protected":false},"featured_media":60230,"template":"","meta":[],"product_brand":[],"product_cat":[7919,7916],"product_tag":[],"class_list":{"0":"post-60229","1":"product","2":"type-product","3":"status-publish","4":"has-post-thumbnail","6":"product_cat-dosiermaschine","7":"product_cat-pomati","9":"first","10":"instock","11":"shipping-taxable","12":"product-type-simple"},"_links":{"self":[{"href":"https:\/\/schokoma.de\/fr\/wp-json\/wp\/v2\/product\/60229","targetHints":{"allow":["GET"]}}],"collection":[{"href":"https:\/\/schokoma.de\/fr\/wp-json\/wp\/v2\/product"}],"about":[{"href":"https:\/\/schokoma.de\/fr\/wp-json\/wp\/v2\/types\/product"}],"version-history":[{"count":7,"href":"https:\/\/schokoma.de\/fr\/wp-json\/wp\/v2\/product\/60229\/revisions"}],"predecessor-version":[{"id":60240,"href":"https:\/\/schokoma.de\/fr\/wp-json\/wp\/v2\/product\/60229\/revisions\/60240"}],"wp:featuredmedia":[{"embeddable":true,"href":"https:\/\/schokoma.de\/fr\/wp-json\/wp\/v2\/media\/60230"}],"wp:attachment":[{"href":"https:\/\/schokoma.de\/fr\/wp-json\/wp\/v2\/media?parent=60229"}],"wp:term":[{"taxonomy":"product_brand","embeddable":true,"href":"https:\/\/schokoma.de\/fr\/wp-json\/wp\/v2\/product_brand?post=60229"},{"taxonomy":"product_cat","embeddable":true,"href":"https:\/\/schokoma.de\/fr\/wp-json\/wp\/v2\/product_cat?post=60229"},{"taxonomy":"product_tag","embeddable":true,"href":"https:\/\/schokoma.de\/fr\/wp-json\/wp\/v2\/product_tag?post=60229"}],"curies":[{"name":"wp","href":"https:\/\/api.w.org\/{rel}","templated":true}]}}