{"id":60194,"date":"2024-04-02T07:24:04","date_gmt":"2024-04-02T05:24:04","guid":{"rendered":"https:\/\/temper-doctor.com\/?post_type=product&#038;p=60194"},"modified":"2024-10-24T15:09:16","modified_gmt":"2024-10-24T13:09:16","slug":"temperiermaschine-sl16-sl80","status":"publish","type":"product","link":"https:\/\/schokoma.de\/fr\/produkt\/temperiermaschine-sl16-sl80\/","title":{"rendered":"Temperier&shy;maschine SL16 &#8211; SL80"},"content":{"rendered":"\t\t<div data-elementor-type=\"product-post\" data-elementor-id=\"60194\" class=\"elementor elementor-60194\" data-elementor-post-type=\"product\">\n\t\t\t\t\t\t<section class=\"has_eae_slider elementor-section elementor-top-section elementor-element elementor-element-90be62e elementor-section-boxed elementor-section-height-default elementor-section-height-default\" data-eae-slider=\"36488\" data-id=\"90be62e\" data-element_type=\"section\" data-e-type=\"section\">\n\t\t\t\t\t\t<div class=\"elementor-container elementor-column-gap-default\">\n\t\t\t\t\t<div class=\"has_eae_slider elementor-column elementor-col-100 elementor-top-column elementor-element elementor-element-dff0ba8\" data-eae-slider=\"88052\" data-id=\"dff0ba8\" data-element_type=\"column\" data-e-type=\"column\">\n\t\t\t<div class=\"elementor-widget-wrap elementor-element-populated\">\n\t\t\t\t\t\t<section class=\"has_eae_slider elementor-section elementor-inner-section elementor-element elementor-element-b5aa53f elementor-section-boxed elementor-section-height-default elementor-section-height-default\" data-eae-slider=\"37246\" data-id=\"b5aa53f\" data-element_type=\"section\" data-e-type=\"section\">\n\t\t\t\t\t\t<div class=\"elementor-container elementor-column-gap-default\">\n\t\t\t\t\t<div class=\"has_eae_slider elementor-column elementor-col-50 elementor-inner-column elementor-element elementor-element-79233e2\" data-eae-slider=\"27933\" data-id=\"79233e2\" data-element_type=\"column\" data-e-type=\"column\">\n\t\t\t<div class=\"elementor-widget-wrap elementor-element-populated\">\n\t\t\t\t\t\t<div class=\"elementor-element elementor-element-f8de406 elementor-widget elementor-widget-text-editor\" data-id=\"f8de406\" data-element_type=\"widget\" data-e-type=\"widget\" data-widget_type=\"text-editor.default\">\n\t\t\t\t<div class=\"elementor-widget-container\">\n\t\t\t\t\t\t\t\t\t<div class=\"vc_row wpb_row vc_inner vc_row-fluid vc_custom_1595249926089 vc_row-o-content-middle vc_row-flex\"><div class=\"iconimg wpb_column vc_column_container vc_col-sm-6\"><div class=\"vc_column-inner \"><div class=\"wpb_wrapper\"><div class=\"wpb_text_column wpb_content_element \"><div class=\"wpb_wrapper\"><p>Pomati Temperier- und Schmelzmaschinen, entwickelt zum Schmelzen und Temperieren jeder Art von Schokolade<\/p><h3 class=\"titoletto\">Maximale Kontrolle<br \/>und Effizienz<\/h3><p>Entwickelt zum Schmelzen und Temperieren jeder Art von Schokolade; Die direkte Temperierung mit Schnecken erm\u00f6glicht die Flie\u00dff\u00e4higkeit der Schokolade und eine perfekte Kristallmischung, wodurch ein Endprodukt von au\u00dfergew\u00f6hnlicher Qualit\u00e4t entsteht.<\/p><table class=\"table\"><tbody><tr class=\"intestazionetabella\"><td>Bezeichnung<\/td><td>Beckenkapazit\u00e4t (Lt)<\/td><td>St\u00e4rke (KW)<\/td><\/tr><tr class=\"contenutotabella\"><td>SL16<\/td><td>16 kg<\/td><td>1<\/td><\/tr><tr class=\"contenutotabella\"><td>SL30<\/td><td>30 kg<\/td><td>1,6<\/td><\/tr><tr class=\"contenutotabella\"><td>SL50<\/td><td>50 kg<\/td><td>2<\/td><\/tr><tr class=\"contenutotabella\"><td>SL80<\/td><td>80 kg<\/td><td>2,8<\/td><\/tr><\/tbody><\/table><\/div><\/div><\/div><\/div><\/div><\/div>\t\t\t\t\t\t\t\t<\/div>\n\t\t\t\t<\/div>\n\t\t\t\t\t<\/div>\n\t\t<\/div>\n\t\t\t\t<div class=\"has_eae_slider elementor-column elementor-col-50 elementor-inner-column elementor-element elementor-element-c59a3c8\" data-eae-slider=\"98616\" data-id=\"c59a3c8\" data-element_type=\"column\" data-e-type=\"column\">\n\t\t\t<div class=\"elementor-widget-wrap elementor-element-populated\">\n\t\t\t\t\t\t<div class=\"elementor-element elementor-element-5906f0c elementor-widget elementor-widget-heading\" data-id=\"5906f0c\" data-element_type=\"widget\" data-e-type=\"widget\" data-widget_type=\"heading.default\">\n\t\t\t\t<div class=\"elementor-widget-container\">\n\t\t\t\t\t<h4 class=\"elementor-heading-title elementor-size-default\">Jetzt Anfragen!<\/h4>\t\t\t\t<\/div>\n\t\t\t\t<\/div>\n\t\t\t\t<div class=\"elementor-element elementor-element-cb87caa elementor-button-align-stretch elementor-widget elementor-widget-form\" data-id=\"cb87caa\" data-element_type=\"widget\" data-e-type=\"widget\" data-settings=\"{&quot;step_next_label&quot;:&quot;N\\u00e4chster&quot;,&quot;step_previous_label&quot;:&quot;Voriger&quot;,&quot;button_width&quot;:&quot;100&quot;,&quot;step_type&quot;:&quot;number_text&quot;,&quot;step_icon_shape&quot;:&quot;circle&quot;}\" data-widget_type=\"form.default\">\n\t\t\t\t<div class=\"elementor-widget-container\">\n\t\t\t\t\t\t\t<form class=\"elementor-form\" method=\"post\" name=\"Anfrage Pomati SL16-SL80\" aria-label=\"Anfrage Pomati SL16-SL80\">\n\t\t\t<input type=\"hidden\" name=\"post_id\" value=\"60194\"\/>\n\t\t\t<input type=\"hidden\" name=\"form_id\" value=\"cb87caa\"\/>\n\t\t\t<input type=\"hidden\" name=\"referer_title\" value=\"Temperier&shy;maschine SL16 &#8211; SL80\" \/>\n\n\t\t\t\t\t\t\t<input type=\"hidden\" name=\"queried_id\" value=\"60194\"\/>\n\t\t\t\n\t\t\t<div class=\"elementor-form-fields-wrapper elementor-labels-above\">\n\t\t\t\t\t\t\t\t<div class=\"elementor-field-type-radio elementor-field-group elementor-column elementor-field-group-field_ea646e2 elementor-col-100\">\n\t\t\t\t\t\t\t\t\t\t\t\t<label for=\"form-field-field_ea646e2\" class=\"elementor-field-label\">\n\t\t\t\t\t\t\t\tZu  welcher Maschine\t\t\t\t\t\t\t<\/label>\n\t\t\t\t\t\t<div class=\"elementor-field-subgroup  elementor-subgroup-inline\"><span class=\"elementor-field-option\"><input type=\"radio\" value=\"SL16\" id=\"form-field-field_ea646e2-0\" name=\"form_fields[field_ea646e2]\"> <label for=\"form-field-field_ea646e2-0\">SL16<\/label><\/span><span class=\"elementor-field-option\"><input type=\"radio\" value=\"SL30\" id=\"form-field-field_ea646e2-1\" name=\"form_fields[field_ea646e2]\"> <label for=\"form-field-field_ea646e2-1\">SL30<\/label><\/span><span class=\"elementor-field-option\"><input type=\"radio\" value=\"SL50\" id=\"form-field-field_ea646e2-2\" name=\"form_fields[field_ea646e2]\"> <label for=\"form-field-field_ea646e2-2\">SL50<\/label><\/span><span class=\"elementor-field-option\"><input type=\"radio\" value=\"SL80\" id=\"form-field-field_ea646e2-3\" name=\"form_fields[field_ea646e2]\"> <label for=\"form-field-field_ea646e2-3\">SL80<\/label><\/span><\/div>\t\t\t\t<\/div>\n\t\t\t\t\t\t\t\t<div class=\"elementor-field-type-text elementor-field-group elementor-column elementor-field-group-name elementor-col-50\">\n\t\t\t\t\t\t\t\t\t\t\t\t<label for=\"form-field-name\" class=\"elementor-field-label\">\n\t\t\t\t\t\t\t\tFirma\t\t\t\t\t\t\t<\/label>\n\t\t\t\t\t\t\t\t\t\t\t\t\t\t<input size=\"1\" type=\"text\" name=\"form_fields[name]\" id=\"form-field-name\" class=\"elementor-field elementor-size-sm  elementor-field-textual\" placeholder=\"Firma\">\n\t\t\t\t\t\t\t\t\t\t\t<\/div>\n\t\t\t\t\t\t\t\t<div class=\"elementor-field-type-text elementor-field-group elementor-column elementor-field-group-field_491a5c4 elementor-col-50\">\n\t\t\t\t\t\t\t\t\t\t\t\t<label for=\"form-field-field_491a5c4\" class=\"elementor-field-label\">\n\t\t\t\t\t\t\t\tAnsprechpartner\t\t\t\t\t\t\t<\/label>\n\t\t\t\t\t\t\t\t\t\t\t\t\t\t<input size=\"1\" type=\"text\" name=\"form_fields[field_491a5c4]\" id=\"form-field-field_491a5c4\" class=\"elementor-field elementor-size-sm  elementor-field-textual\" placeholder=\"Name Nachname\">\n\t\t\t\t\t\t\t\t\t\t\t<\/div>\n\t\t\t\t\t\t\t\t<div class=\"elementor-field-type-text elementor-field-group elementor-column elementor-field-group-field_ba7982e elementor-col-70\">\n\t\t\t\t\t\t\t\t\t\t\t\t<label for=\"form-field-field_ba7982e\" class=\"elementor-field-label\">\n\t\t\t\t\t\t\t\tStra\u00dfe\t\t\t\t\t\t\t<\/label>\n\t\t\t\t\t\t\t\t\t\t\t\t\t\t<input size=\"1\" type=\"text\" name=\"form_fields[field_ba7982e]\" id=\"form-field-field_ba7982e\" class=\"elementor-field elementor-size-sm  elementor-field-textual\" placeholder=\"Stra\u00dfe\">\n\t\t\t\t\t\t\t\t\t\t\t<\/div>\n\t\t\t\t\t\t\t\t<div class=\"elementor-field-type-text elementor-field-group elementor-column elementor-field-group-field_1a7be15 elementor-col-30\">\n\t\t\t\t\t\t\t\t\t\t\t\t<label for=\"form-field-field_1a7be15\" class=\"elementor-field-label\">\n\t\t\t\t\t\t\t\tHausnummer\t\t\t\t\t\t\t<\/label>\n\t\t\t\t\t\t\t\t\t\t\t\t\t\t<input size=\"1\" type=\"text\" name=\"form_fields[field_1a7be15]\" id=\"form-field-field_1a7be15\" class=\"elementor-field elementor-size-sm  elementor-field-textual\" placeholder=\"Hausnummer\">\n\t\t\t\t\t\t\t\t\t\t\t<\/div>\n\t\t\t\t\t\t\t\t<div class=\"elementor-field-type-text elementor-field-group elementor-column elementor-field-group-field_0a6e10e elementor-col-40\">\n\t\t\t\t\t\t\t\t\t\t\t\t<label for=\"form-field-field_0a6e10e\" class=\"elementor-field-label\">\n\t\t\t\t\t\t\t\tPostleitzahl\t\t\t\t\t\t\t<\/label>\n\t\t\t\t\t\t\t\t\t\t\t\t\t\t<input size=\"1\" type=\"text\" name=\"form_fields[field_0a6e10e]\" id=\"form-field-field_0a6e10e\" class=\"elementor-field elementor-size-sm  elementor-field-textual\">\n\t\t\t\t\t\t\t\t\t\t\t<\/div>\n\t\t\t\t\t\t\t\t<div class=\"elementor-field-type-text elementor-field-group elementor-column elementor-field-group-field_20a0a06 elementor-col-60\">\n\t\t\t\t\t\t\t\t\t\t\t\t<label for=\"form-field-field_20a0a06\" class=\"elementor-field-label\">\n\t\t\t\t\t\t\t\tOrt\t\t\t\t\t\t\t<\/label>\n\t\t\t\t\t\t\t\t\t\t\t\t\t\t<input size=\"1\" type=\"text\" name=\"form_fields[field_20a0a06]\" id=\"form-field-field_20a0a06\" class=\"elementor-field elementor-size-sm  elementor-field-textual\">\n\t\t\t\t\t\t\t\t\t\t\t<\/div>\n\t\t\t\t\t\t\t\t<div class=\"elementor-field-type-email elementor-field-group elementor-column elementor-field-group-email elementor-col-50 elementor-field-required\">\n\t\t\t\t\t\t\t\t\t\t\t\t<label for=\"form-field-email\" class=\"elementor-field-label\">\n\t\t\t\t\t\t\t\tE-Mail\t\t\t\t\t\t\t<\/label>\n\t\t\t\t\t\t\t\t\t\t\t\t\t\t<input size=\"1\" type=\"email\" name=\"form_fields[email]\" id=\"form-field-email\" class=\"elementor-field elementor-size-sm  elementor-field-textual\" placeholder=\"E-Mail\" required=\"required\">\n\t\t\t\t\t\t\t\t\t\t\t<\/div>\n\t\t\t\t\t\t\t\t<div class=\"elementor-field-type-text elementor-field-group elementor-column elementor-field-group-field_5f6e84e elementor-col-50\">\n\t\t\t\t\t\t\t\t\t\t\t\t<label for=\"form-field-field_5f6e84e\" class=\"elementor-field-label\">\n\t\t\t\t\t\t\t\tTelefonnummer\t\t\t\t\t\t\t<\/label>\n\t\t\t\t\t\t\t\t\t\t\t\t\t\t<input size=\"1\" type=\"text\" name=\"form_fields[field_5f6e84e]\" id=\"form-field-field_5f6e84e\" class=\"elementor-field elementor-size-sm  elementor-field-textual\">\n\t\t\t\t\t\t\t\t\t\t\t<\/div>\n\t\t\t\t\t\t\t\t<div class=\"elementor-field-group elementor-column elementor-field-type-submit elementor-col-100 e-form__buttons\">\n\t\t\t\t\t<button class=\"elementor-button elementor-size-sm\" type=\"submit\">\n\t\t\t\t\t\t<span class=\"elementor-button-content-wrapper\">\n\t\t\t\t\t\t\t\t\t\t\t\t\t\t\t\t\t\t\t\t\t\t<span class=\"elementor-button-text\">Senden<\/span>\n\t\t\t\t\t\t\t\t\t\t\t\t\t<\/span>\n\t\t\t\t\t<\/button>\n\t\t\t\t<\/div>\n\t\t\t<\/div>\n\t\t<\/form>\n\t\t\t\t\t\t<\/div>\n\t\t\t\t<\/div>\n\t\t\t\t\t<\/div>\n\t\t<\/div>\n\t\t\t\t\t<\/div>\n\t\t<\/section>\n\t\t\t\t<div class=\"elementor-element elementor-element-2989d57 elementor-widget-divider--view-line elementor-widget elementor-widget-divider\" data-id=\"2989d57\" data-element_type=\"widget\" data-e-type=\"widget\" data-widget_type=\"divider.default\">\n\t\t\t\t<div class=\"elementor-widget-container\">\n\t\t\t\t\t\t\t<div class=\"elementor-divider\">\n\t\t\t<span class=\"elementor-divider-separator\">\n\t\t\t\t\t\t<\/span>\n\t\t<\/div>\n\t\t\t\t\t\t<\/div>\n\t\t\t\t<\/div>\n\t\t\t\t<section class=\"has_eae_slider elementor-section elementor-inner-section elementor-element elementor-element-1bcd8ff elementor-section-content-middle elementor-section-boxed elementor-section-height-default elementor-section-height-default\" data-eae-slider=\"64634\" data-id=\"1bcd8ff\" data-element_type=\"section\" data-e-type=\"section\">\n\t\t\t\t\t\t<div class=\"elementor-container elementor-column-gap-default\">\n\t\t\t\t\t<div class=\"has_eae_slider elementor-column elementor-col-50 elementor-inner-column elementor-element elementor-element-975e5d4\" data-eae-slider=\"5316\" data-id=\"975e5d4\" data-element_type=\"column\" data-e-type=\"column\">\n\t\t\t<div class=\"elementor-widget-wrap elementor-element-populated\">\n\t\t\t\t\t\t<div class=\"elementor-element elementor-element-61e515d elementor-widget elementor-widget-text-editor\" data-id=\"61e515d\" data-element_type=\"widget\" data-e-type=\"widget\" data-widget_type=\"text-editor.default\">\n\t\t\t\t<div class=\"elementor-widget-container\">\n\t\t\t\t\t\t\t\t\t<div class=\"vc_row wpb_row vc_inner vc_row-fluid vc_custom_1595249926089 vc_row-o-content-middle vc_row-flex\"><div class=\"iconimg wpb_column vc_column_container vc_col-sm-6\"><div class=\"vc_column-inner \"><div class=\"wpb_wrapper\"><div class=\"wpb_text_column wpb_content_element \"><div class=\"wpb_wrapper\"><h2 class=\"titoletto\"><span>Technologie<\/span><\/h2><p>Dank der engen Zusammenarbeit mit weltber\u00fchmten Chocolatiers und Konditormeistern verbindet Pomati Tradition mit Qualit\u00e4t und technologischem Fortschritt, indem es sich auf ein qualifiziertes Personal verl\u00e4sst, das in der Lage ist, jede Herausforderung zu meistern und jedes Ziel zu erreichen.<\/p><\/div><\/div><\/div><\/div><\/div><\/div>\t\t\t\t\t\t\t\t<\/div>\n\t\t\t\t<\/div>\n\t\t\t\t\t<\/div>\n\t\t<\/div>\n\t\t\t\t<div class=\"has_eae_slider elementor-column elementor-col-50 elementor-inner-column elementor-element elementor-element-14a2bbc\" data-eae-slider=\"16835\" data-id=\"14a2bbc\" data-element_type=\"column\" data-e-type=\"column\">\n\t\t\t<div class=\"elementor-widget-wrap elementor-element-populated\">\n\t\t\t\t\t\t<div class=\"elementor-element elementor-element-1da224d elementor-widget elementor-widget-image\" data-id=\"1da224d\" data-element_type=\"widget\" data-e-type=\"widget\" data-widget_type=\"image.default\">\n\t\t\t\t<div class=\"elementor-widget-container\">\n\t\t\t\t\t\t\t\t\t\t\t\t\t\t\t<img fetchpriority=\"high\" decoding=\"async\" width=\"400\" height=\"463\" src=\"https:\/\/schokoma.de\/wp-content\/uploads\/2024\/04\/POMATI_SL30_1-2-qi1w4xug06jmh00iy10jwr78hdikyj9nkoqpqx2yvq.jpg\" class=\"attachment-large size-large wp-image-60207\" alt=\"\" srcset=\"https:\/\/schokoma.de\/wp-content\/uploads\/2024\/04\/POMATI_SL30_1-2-qi1w4xug06jmh00iy10jwr78hdikyj9nkoqpqx2yvq.jpg 400w, https:\/\/schokoma.de\/wp-content\/uploads\/2024\/04\/POMATI_SL30_1-2-qi1w4xug06jmh00iy10jwr78hdikyj9nkoqpqx2yvq-259x300.jpg 259w\" sizes=\"(max-width: 400px) 100vw, 400px\" \/>\t\t\t\t\t\t\t\t\t\t\t\t\t\t\t<\/div>\n\t\t\t\t<\/div>\n\t\t\t\t\t<\/div>\n\t\t<\/div>\n\t\t\t\t\t<\/div>\n\t\t<\/section>\n\t\t\t\t<section class=\"has_eae_slider elementor-section elementor-inner-section elementor-element elementor-element-eaaa03c elementor-section-content-middle elementor-section-boxed elementor-section-height-default elementor-section-height-default\" data-eae-slider=\"59446\" data-id=\"eaaa03c\" data-element_type=\"section\" data-e-type=\"section\">\n\t\t\t\t\t\t<div class=\"elementor-container elementor-column-gap-default\">\n\t\t\t\t\t<div class=\"has_eae_slider elementor-column elementor-col-50 elementor-inner-column elementor-element elementor-element-821f1ee\" data-eae-slider=\"47861\" data-id=\"821f1ee\" data-element_type=\"column\" data-e-type=\"column\">\n\t\t\t<div class=\"elementor-widget-wrap elementor-element-populated\">\n\t\t\t\t\t\t<div class=\"elementor-element elementor-element-cb66854 elementor-widget elementor-widget-image\" data-id=\"cb66854\" data-element_type=\"widget\" data-e-type=\"widget\" data-widget_type=\"image.default\">\n\t\t\t\t<div class=\"elementor-widget-container\">\n\t\t\t\t\t\t\t\t\t\t\t\t\t\t\t<img decoding=\"async\" width=\"280\" height=\"280\" src=\"https:\/\/schokoma.de\/wp-content\/uploads\/2024\/04\/temperatrici-design-pomati-chocolate.png\" class=\"attachment-large size-large wp-image-60172\" alt=\"\" srcset=\"https:\/\/schokoma.de\/wp-content\/uploads\/2024\/04\/temperatrici-design-pomati-chocolate.png 280w, https:\/\/schokoma.de\/wp-content\/uploads\/2024\/04\/temperatrici-design-pomati-chocolate-150x150.png 150w, https:\/\/schokoma.de\/wp-content\/uploads\/2024\/04\/temperatrici-design-pomati-chocolate-100x100.png 100w\" sizes=\"(max-width: 280px) 100vw, 280px\" \/>\t\t\t\t\t\t\t\t\t\t\t\t\t\t\t<\/div>\n\t\t\t\t<\/div>\n\t\t\t\t\t<\/div>\n\t\t<\/div>\n\t\t\t\t<div class=\"has_eae_slider elementor-column elementor-col-50 elementor-inner-column elementor-element elementor-element-d444493\" data-eae-slider=\"86998\" data-id=\"d444493\" data-element_type=\"column\" data-e-type=\"column\">\n\t\t\t<div class=\"elementor-widget-wrap elementor-element-populated\">\n\t\t\t\t\t\t<div class=\"elementor-element elementor-element-5147e69 elementor-widget elementor-widget-text-editor\" data-id=\"5147e69\" data-element_type=\"widget\" data-e-type=\"widget\" data-widget_type=\"text-editor.default\">\n\t\t\t\t<div class=\"elementor-widget-container\">\n\t\t\t\t\t\t\t\t\t<div class=\"vc_row wpb_row vc_inner vc_row-fluid vc_custom_1595249926089 vc_row-o-content-middle vc_row-flex\"><div class=\"iconimg wpb_column vc_column_container vc_col-sm-6\"><div class=\"vc_column-inner \"><div class=\"wpb_wrapper\"><div class=\"wpb_text_column wpb_content_element \"><div class=\"wpb_wrapper\"><h2 class=\"titoletto\"><span>Design<\/span><\/h2><p>Das italienische Design von Pomati ist das Ergebnis langj\u00e4hriger Erfahrung in diesem Sektor und eines genauen Verst\u00e4ndnisses der Bed\u00fcrfnisse seiner Kunden. Pomati-Maschinen sind so konzipiert, dass sie sich perfekt in die Einrichtung von Konditoreien, Caf\u00e9s, Eisdielen und Schokoladenl\u00e4den einf\u00fcgen. Oberstes Ziel ist es, Kunden durch die \u00c4sthetik unserer Maschinen anzulocken und zu beeindrucken.<\/p><\/div><\/div><\/div><\/div><\/div><\/div>\t\t\t\t\t\t\t\t<\/div>\n\t\t\t\t<\/div>\n\t\t\t\t\t<\/div>\n\t\t<\/div>\n\t\t\t\t\t<\/div>\n\t\t<\/section>\n\t\t\t\t<section class=\"has_eae_slider elementor-section elementor-inner-section elementor-element elementor-element-b9d5ce7 elementor-section-content-middle elementor-section-boxed elementor-section-height-default elementor-section-height-default\" data-eae-slider=\"22334\" data-id=\"b9d5ce7\" data-element_type=\"section\" data-e-type=\"section\">\n\t\t\t\t\t\t<div class=\"elementor-container elementor-column-gap-default\">\n\t\t\t\t\t<div class=\"has_eae_slider elementor-column elementor-col-50 elementor-inner-column elementor-element elementor-element-0e5f83c\" data-eae-slider=\"76832\" data-id=\"0e5f83c\" data-element_type=\"column\" data-e-type=\"column\">\n\t\t\t<div class=\"elementor-widget-wrap elementor-element-populated\">\n\t\t\t\t\t\t<div class=\"elementor-element elementor-element-e5ec06a elementor-widget elementor-widget-text-editor\" data-id=\"e5ec06a\" data-element_type=\"widget\" data-e-type=\"widget\" data-widget_type=\"text-editor.default\">\n\t\t\t\t<div class=\"elementor-widget-container\">\n\t\t\t\t\t\t\t\t\t<div class=\"vc_row wpb_row vc_inner vc_row-fluid vc_custom_1595249926089 vc_row-o-content-middle vc_row-flex\"><div class=\"iconimg wpb_column vc_column_container vc_col-sm-6\"><div class=\"vc_column-inner \"><div class=\"wpb_wrapper\"><div class=\"wpb_text_column wpb_content_element \"><div class=\"wpb_wrapper\"><h2 class=\"titoletto\"><span>Materialien<\/span><\/h2><p>Neue Technologien, gebaut mit avantgardistischen Materialien.<\/p><\/div><\/div><\/div><\/div><\/div><\/div>\t\t\t\t\t\t\t\t<\/div>\n\t\t\t\t<\/div>\n\t\t\t\t\t<\/div>\n\t\t<\/div>\n\t\t\t\t<div class=\"has_eae_slider elementor-column elementor-col-50 elementor-inner-column elementor-element elementor-element-336eddb\" data-eae-slider=\"44911\" data-id=\"336eddb\" data-element_type=\"column\" data-e-type=\"column\">\n\t\t\t<div class=\"elementor-widget-wrap elementor-element-populated\">\n\t\t\t\t\t\t<div class=\"elementor-element elementor-element-c85b003 elementor-widget elementor-widget-image\" data-id=\"c85b003\" data-element_type=\"widget\" data-e-type=\"widget\" data-widget_type=\"image.default\">\n\t\t\t\t<div class=\"elementor-widget-container\">\n\t\t\t\t\t\t\t\t\t\t\t\t\t\t\t<img decoding=\"async\" width=\"280\" height=\"280\" src=\"https:\/\/schokoma.de\/wp-content\/uploads\/2024\/04\/temperatrici-materiali-pomati-chocolate.png\" class=\"attachment-large size-large wp-image-60169\" alt=\"\" srcset=\"https:\/\/schokoma.de\/wp-content\/uploads\/2024\/04\/temperatrici-materiali-pomati-chocolate.png 280w, https:\/\/schokoma.de\/wp-content\/uploads\/2024\/04\/temperatrici-materiali-pomati-chocolate-150x150.png 150w, https:\/\/schokoma.de\/wp-content\/uploads\/2024\/04\/temperatrici-materiali-pomati-chocolate-100x100.png 100w\" sizes=\"(max-width: 280px) 100vw, 280px\" \/>\t\t\t\t\t\t\t\t\t\t\t\t\t\t\t<\/div>\n\t\t\t\t<\/div>\n\t\t\t\t\t<\/div>\n\t\t<\/div>\n\t\t\t\t\t<\/div>\n\t\t<\/section>\n\t\t\t\t\t<\/div>\n\t\t<\/div>\n\t\t\t\t\t<\/div>\n\t\t<\/section>\n\t\t\t\t<\/div>\n\t\t","protected":false},"excerpt":{"rendered":"<p>Pomati Temperier- und Schmelzmaschinen, entwickelt zum Schmelzen und Temperieren jeder Art von Schokolade Maximale Kontrolleund Effizienz Entwickelt zum Schmelzen und Temperieren jeder Art von Schokolade; Die direkte Temperierung mit Schnecken erm\u00f6glicht die Flie\u00dff\u00e4higkeit der Schokolade und eine perfekte Kristallmischung, wodurch ein Endprodukt von au\u00dfergew\u00f6hnlicher Qualit\u00e4t entsteht. Bezeichnung Beckenkapazit\u00e4t (Lt) St\u00e4rke (KW) SL16 16 kg 1 [&hellip;]<\/p>\n","protected":false},"featured_media":60161,"template":"","meta":[],"product_brand":[],"product_cat":[7916,7917],"product_tag":[],"class_list":{"0":"post-60194","1":"product","2":"type-product","3":"status-publish","4":"has-post-thumbnail","6":"product_cat-pomati","7":"product_cat-temperiermaschine","9":"first","10":"instock","11":"shipping-taxable","12":"product-type-simple"},"_links":{"self":[{"href":"https:\/\/schokoma.de\/fr\/wp-json\/wp\/v2\/product\/60194","targetHints":{"allow":["GET"]}}],"collection":[{"href":"https:\/\/schokoma.de\/fr\/wp-json\/wp\/v2\/product"}],"about":[{"href":"https:\/\/schokoma.de\/fr\/wp-json\/wp\/v2\/types\/product"}],"version-history":[{"count":7,"href":"https:\/\/schokoma.de\/fr\/wp-json\/wp\/v2\/product\/60194\/revisions"}],"predecessor-version":[{"id":60210,"href":"https:\/\/schokoma.de\/fr\/wp-json\/wp\/v2\/product\/60194\/revisions\/60210"}],"wp:featuredmedia":[{"embeddable":true,"href":"https:\/\/schokoma.de\/fr\/wp-json\/wp\/v2\/media\/60161"}],"wp:attachment":[{"href":"https:\/\/schokoma.de\/fr\/wp-json\/wp\/v2\/media?parent=60194"}],"wp:term":[{"taxonomy":"product_brand","embeddable":true,"href":"https:\/\/schokoma.de\/fr\/wp-json\/wp\/v2\/product_brand?post=60194"},{"taxonomy":"product_cat","embeddable":true,"href":"https:\/\/schokoma.de\/fr\/wp-json\/wp\/v2\/product_cat?post=60194"},{"taxonomy":"product_tag","embeddable":true,"href":"https:\/\/schokoma.de\/fr\/wp-json\/wp\/v2\/product_tag?post=60194"}],"curies":[{"name":"wp","href":"https:\/\/api.w.org\/{rel}","templated":true}]}}