{"id":59951,"date":"2023-11-29T07:46:25","date_gmt":"2023-11-29T06:46:25","guid":{"rendered":"https:\/\/temper-doctor.com\/?post_type=product&#038;p=59951"},"modified":"2024-03-19T08:27:17","modified_gmt":"2024-03-19T07:27:17","slug":"formingplus-formrollen","status":"publish","type":"product","link":"https:\/\/schokoma.de\/fr\/produkt\/formingplus-formrollen\/","title":{"rendered":"FORMINGPLUS \u2013 Formrollen"},"content":{"rendered":"\t\t<div data-elementor-type=\"product-post\" data-elementor-id=\"59951\" class=\"elementor elementor-59951\" data-elementor-post-type=\"product\">\n\t\t\t\t\t\t<section class=\"has_eae_slider elementor-section elementor-top-section elementor-element elementor-element-fda24e6 elementor-section-boxed elementor-section-height-default elementor-section-height-default\" data-eae-slider=\"54729\" data-id=\"fda24e6\" data-element_type=\"section\" data-e-type=\"section\">\n\t\t\t\t\t\t<div class=\"elementor-container elementor-column-gap-default\">\n\t\t\t\t\t<div class=\"has_eae_slider elementor-column elementor-col-100 elementor-top-column elementor-element elementor-element-b02844c\" data-eae-slider=\"58840\" data-id=\"b02844c\" data-element_type=\"column\" data-e-type=\"column\">\n\t\t\t<div class=\"elementor-widget-wrap elementor-element-populated\">\n\t\t\t\t\t\t<section class=\"has_eae_slider elementor-section elementor-inner-section elementor-element elementor-element-3cf600e elementor-section-boxed elementor-section-height-default elementor-section-height-default\" data-eae-slider=\"58436\" data-id=\"3cf600e\" data-element_type=\"section\" data-e-type=\"section\">\n\t\t\t\t\t\t<div class=\"elementor-container elementor-column-gap-default\">\n\t\t\t\t\t<div class=\"has_eae_slider elementor-column elementor-col-50 elementor-inner-column elementor-element elementor-element-9ae4142\" data-eae-slider=\"89511\" data-id=\"9ae4142\" data-element_type=\"column\" data-e-type=\"column\">\n\t\t\t<div class=\"elementor-widget-wrap elementor-element-populated\">\n\t\t\t\t\t\t<div class=\"elementor-element elementor-element-536a07e elementor-widget elementor-widget-text-editor\" data-id=\"536a07e\" data-element_type=\"widget\" data-e-type=\"widget\" data-widget_type=\"text-editor.default\">\n\t\t\t\t<div class=\"elementor-widget-container\">\n\t\t\t\t\t\t\t\t\t<h4>WAS IST FORMINGPLUS?<\/h4><p>FORMINGPLUS ist eine vollautomatische Anlage zur Herstellung von Linsen, Kugeln, Herzen, Eiern oder anderen Formen aus Schokolade, Compound oder Lebensmittelteig (wie Sesampaste, Erdnusspaste&#8230;) in kontinuierlicher Form.<\/p><p>Die Anlage besteht aus einem Paar Walzen, deren Oberfl\u00e4che die Form der herzustellenden Figuren aufweist. Die zu produzierenden Formen werden in jedem Projekt individuell nach den Anforderungen des Kunden angepasst. Die Walzen werden durch Glykolzirkulation auf eine Temperatur von -25\u00baC gek\u00fchlt. Jede Walze dreht sich in entgegengesetzter Richtung zur anderen und wird mit fl\u00fcssigem Produkt versorgt. Am Auslass der Walzen sind die Kerne\/Figuren bereits in fester Form gebildet, als Folge der tiefen K\u00fchlung, die durch die Formwalzen verursacht wird.<\/p><p>Bemerkenswert ist das hygienische Design, die Zug\u00e4nglichkeit zur Reinigung und die einfache \u00c4nderung eines Walzenpaares gegen ein anderes, wenn verschiedene Figuren hergestellt werden sollen.<\/p><p>Die vollst\u00e4ndige FORMINGPLUS-Linie besteht aus:<\/p><ul><li><strong>FORMINGPLUS:<\/strong> f\u00fcr die Produktion von Kernen\/Festk\u00f6rperfiguren.<\/li><li><strong>KALTENPLUS:<\/strong> K\u00fchlkanal f\u00fcr die vollst\u00e4ndige Kristallisation der Kerne\/Figuren, die aus dem FORMINGPLUS kommen. Der K\u00fchlkanal kann einstufig oder mehrstufig sein, um Platz in der Fabrik zu sparen.<\/li><li><strong>TROMMEL:<\/strong> zur Trennung der Kerne von der Produktlage, die sie zusammenh\u00e4lt.<\/li><\/ul>\t\t\t\t\t\t\t\t<\/div>\n\t\t\t\t<\/div>\n\t\t\t\t\t<\/div>\n\t\t<\/div>\n\t\t\t\t<div class=\"has_eae_slider elementor-column elementor-col-50 elementor-inner-column elementor-element elementor-element-a75464d\" data-eae-slider=\"70598\" data-id=\"a75464d\" data-element_type=\"column\" data-e-type=\"column\">\n\t\t\t<div class=\"elementor-widget-wrap elementor-element-populated\">\n\t\t\t\t\t\t<div class=\"elementor-element elementor-element-eb17c63 elementor-widget elementor-widget-heading\" data-id=\"eb17c63\" data-element_type=\"widget\" data-e-type=\"widget\" data-widget_type=\"heading.default\">\n\t\t\t\t<div class=\"elementor-widget-container\">\n\t\t\t\t\t<h4 class=\"elementor-heading-title elementor-size-default\">Jetzt Anfragen!<\/h4>\t\t\t\t<\/div>\n\t\t\t\t<\/div>\n\t\t\t\t<div class=\"elementor-element elementor-element-345b8ef elementor-button-align-stretch elementor-widget elementor-widget-form\" data-id=\"345b8ef\" data-element_type=\"widget\" data-e-type=\"widget\" data-settings=\"{&quot;step_next_label&quot;:&quot;N\\u00e4chster&quot;,&quot;step_previous_label&quot;:&quot;Voriger&quot;,&quot;button_width&quot;:&quot;100&quot;,&quot;step_type&quot;:&quot;number_text&quot;,&quot;step_icon_shape&quot;:&quot;circle&quot;}\" data-widget_type=\"form.default\">\n\t\t\t\t<div class=\"elementor-widget-container\">\n\t\t\t\t\t\t\t<form class=\"elementor-form\" method=\"post\" name=\"Anfrage Fecoatec Formingplus\" aria-label=\"Anfrage Fecoatec Formingplus\">\n\t\t\t<input type=\"hidden\" name=\"post_id\" value=\"59951\"\/>\n\t\t\t<input type=\"hidden\" name=\"form_id\" value=\"345b8ef\"\/>\n\t\t\t<input type=\"hidden\" name=\"referer_title\" value=\"FORMINGPLUS \u2013 Formrollen\" \/>\n\n\t\t\t\t\t\t\t<input type=\"hidden\" name=\"queried_id\" value=\"59951\"\/>\n\t\t\t\n\t\t\t<div class=\"elementor-form-fields-wrapper elementor-labels-above\">\n\t\t\t\t\t\t\t\t<div class=\"elementor-field-type-text elementor-field-group elementor-column elementor-field-group-name elementor-col-50\">\n\t\t\t\t\t\t\t\t\t\t\t\t<label for=\"form-field-name\" class=\"elementor-field-label\">\n\t\t\t\t\t\t\t\tFirma\t\t\t\t\t\t\t<\/label>\n\t\t\t\t\t\t\t\t\t\t\t\t\t\t<input size=\"1\" type=\"text\" name=\"form_fields[name]\" id=\"form-field-name\" class=\"elementor-field elementor-size-sm  elementor-field-textual\" placeholder=\"Firma\">\n\t\t\t\t\t\t\t\t\t\t\t<\/div>\n\t\t\t\t\t\t\t\t<div class=\"elementor-field-type-text elementor-field-group elementor-column elementor-field-group-field_491a5c4 elementor-col-50\">\n\t\t\t\t\t\t\t\t\t\t\t\t<label for=\"form-field-field_491a5c4\" class=\"elementor-field-label\">\n\t\t\t\t\t\t\t\tAnsprechpartner\t\t\t\t\t\t\t<\/label>\n\t\t\t\t\t\t\t\t\t\t\t\t\t\t<input size=\"1\" type=\"text\" name=\"form_fields[field_491a5c4]\" id=\"form-field-field_491a5c4\" class=\"elementor-field elementor-size-sm  elementor-field-textual\" placeholder=\"Name Nachname\">\n\t\t\t\t\t\t\t\t\t\t\t<\/div>\n\t\t\t\t\t\t\t\t<div class=\"elementor-field-type-text elementor-field-group elementor-column elementor-field-group-field_ba7982e elementor-col-70\">\n\t\t\t\t\t\t\t\t\t\t\t\t<label for=\"form-field-field_ba7982e\" class=\"elementor-field-label\">\n\t\t\t\t\t\t\t\tStra\u00dfe\t\t\t\t\t\t\t<\/label>\n\t\t\t\t\t\t\t\t\t\t\t\t\t\t<input size=\"1\" type=\"text\" name=\"form_fields[field_ba7982e]\" id=\"form-field-field_ba7982e\" class=\"elementor-field elementor-size-sm  elementor-field-textual\" placeholder=\"Stra\u00dfe\">\n\t\t\t\t\t\t\t\t\t\t\t<\/div>\n\t\t\t\t\t\t\t\t<div class=\"elementor-field-type-text elementor-field-group elementor-column elementor-field-group-field_1a7be15 elementor-col-30\">\n\t\t\t\t\t\t\t\t\t\t\t\t<label for=\"form-field-field_1a7be15\" class=\"elementor-field-label\">\n\t\t\t\t\t\t\t\tHausnummer\t\t\t\t\t\t\t<\/label>\n\t\t\t\t\t\t\t\t\t\t\t\t\t\t<input size=\"1\" type=\"text\" name=\"form_fields[field_1a7be15]\" id=\"form-field-field_1a7be15\" class=\"elementor-field elementor-size-sm  elementor-field-textual\" placeholder=\"Hausnummer\">\n\t\t\t\t\t\t\t\t\t\t\t<\/div>\n\t\t\t\t\t\t\t\t<div class=\"elementor-field-type-text elementor-field-group elementor-column elementor-field-group-field_0a6e10e elementor-col-40\">\n\t\t\t\t\t\t\t\t\t\t\t\t<label for=\"form-field-field_0a6e10e\" class=\"elementor-field-label\">\n\t\t\t\t\t\t\t\tPostleitzahl\t\t\t\t\t\t\t<\/label>\n\t\t\t\t\t\t\t\t\t\t\t\t\t\t<input size=\"1\" type=\"text\" name=\"form_fields[field_0a6e10e]\" id=\"form-field-field_0a6e10e\" class=\"elementor-field elementor-size-sm  elementor-field-textual\">\n\t\t\t\t\t\t\t\t\t\t\t<\/div>\n\t\t\t\t\t\t\t\t<div class=\"elementor-field-type-text elementor-field-group elementor-column elementor-field-group-field_20a0a06 elementor-col-60\">\n\t\t\t\t\t\t\t\t\t\t\t\t<label for=\"form-field-field_20a0a06\" class=\"elementor-field-label\">\n\t\t\t\t\t\t\t\tOrt\t\t\t\t\t\t\t<\/label>\n\t\t\t\t\t\t\t\t\t\t\t\t\t\t<input size=\"1\" type=\"text\" name=\"form_fields[field_20a0a06]\" id=\"form-field-field_20a0a06\" class=\"elementor-field elementor-size-sm  elementor-field-textual\">\n\t\t\t\t\t\t\t\t\t\t\t<\/div>\n\t\t\t\t\t\t\t\t<div class=\"elementor-field-type-email elementor-field-group elementor-column elementor-field-group-email elementor-col-50 elementor-field-required\">\n\t\t\t\t\t\t\t\t\t\t\t\t<label for=\"form-field-email\" class=\"elementor-field-label\">\n\t\t\t\t\t\t\t\tE-Mail\t\t\t\t\t\t\t<\/label>\n\t\t\t\t\t\t\t\t\t\t\t\t\t\t<input size=\"1\" type=\"email\" name=\"form_fields[email]\" id=\"form-field-email\" class=\"elementor-field elementor-size-sm  elementor-field-textual\" placeholder=\"E-Mail\" required=\"required\">\n\t\t\t\t\t\t\t\t\t\t\t<\/div>\n\t\t\t\t\t\t\t\t<div class=\"elementor-field-type-text elementor-field-group elementor-column elementor-field-group-field_5f6e84e elementor-col-50\">\n\t\t\t\t\t\t\t\t\t\t\t\t<label for=\"form-field-field_5f6e84e\" class=\"elementor-field-label\">\n\t\t\t\t\t\t\t\tTelefonnummer\t\t\t\t\t\t\t<\/label>\n\t\t\t\t\t\t\t\t\t\t\t\t\t\t<input size=\"1\" type=\"text\" name=\"form_fields[field_5f6e84e]\" id=\"form-field-field_5f6e84e\" class=\"elementor-field elementor-size-sm  elementor-field-textual\">\n\t\t\t\t\t\t\t\t\t\t\t<\/div>\n\t\t\t\t\t\t\t\t<div class=\"elementor-field-group elementor-column elementor-field-type-submit elementor-col-100 e-form__buttons\">\n\t\t\t\t\t<button class=\"elementor-button elementor-size-sm\" type=\"submit\">\n\t\t\t\t\t\t<span class=\"elementor-button-content-wrapper\">\n\t\t\t\t\t\t\t\t\t\t\t\t\t\t\t\t\t\t\t\t\t\t<span class=\"elementor-button-text\">Senden<\/span>\n\t\t\t\t\t\t\t\t\t\t\t\t\t<\/span>\n\t\t\t\t\t<\/button>\n\t\t\t\t<\/div>\n\t\t\t<\/div>\n\t\t<\/form>\n\t\t\t\t\t\t<\/div>\n\t\t\t\t<\/div>\n\t\t\t\t\t<\/div>\n\t\t<\/div>\n\t\t\t\t\t<\/div>\n\t\t<\/section>\n\t\t\t\t<div class=\"elementor-element elementor-element-b5ac5ad elementor-widget-divider--view-line elementor-widget elementor-widget-divider\" data-id=\"b5ac5ad\" data-element_type=\"widget\" data-e-type=\"widget\" data-widget_type=\"divider.default\">\n\t\t\t\t<div class=\"elementor-widget-container\">\n\t\t\t\t\t\t\t<div class=\"elementor-divider\">\n\t\t\t<span class=\"elementor-divider-separator\">\n\t\t\t\t\t\t<\/span>\n\t\t<\/div>\n\t\t\t\t\t\t<\/div>\n\t\t\t\t<\/div>\n\t\t\t\t<section class=\"has_eae_slider elementor-section elementor-inner-section elementor-element elementor-element-e30854c elementor-section-boxed elementor-section-height-default elementor-section-height-default\" data-eae-slider=\"80891\" data-id=\"e30854c\" data-element_type=\"section\" data-e-type=\"section\">\n\t\t\t\t\t\t<div class=\"elementor-container elementor-column-gap-default\">\n\t\t\t\t\t<div class=\"has_eae_slider elementor-column elementor-col-50 elementor-inner-column elementor-element elementor-element-39724cd\" data-eae-slider=\"37988\" data-id=\"39724cd\" data-element_type=\"column\" data-e-type=\"column\">\n\t\t\t<div class=\"elementor-widget-wrap elementor-element-populated\">\n\t\t\t\t\t\t<div class=\"elementor-element elementor-element-6c461f6 elementor-widget elementor-widget-text-editor\" data-id=\"6c461f6\" data-element_type=\"widget\" data-e-type=\"widget\" data-widget_type=\"text-editor.default\">\n\t\t\t\t<div class=\"elementor-widget-container\">\n\t\t\t\t\t\t\t\t\t<h4>FORMINGPLUS DIENT WELCHEM ZWECK?<\/h4><p>Von kleinen bis zu gro\u00dfen Produktionen, erh\u00e4ltlich in Breiten von 400 mm bis 1.200 mm.<\/p><p>Produktionen von 100 kg\/h bis 800 kg\/h.<\/p><p>Es ist die ideale L\u00f6sung f\u00fcr die kontinuierliche und automatische Herstellung von Figuren\/Kernen aus Schokolade, Compound oder anderen Lebensmittelteigen.<\/p><p>Die Einstellung der Formwalzen \u2013 FORMINGPLUS erfolgt \u00fcber das Touchscreen-HMI der Maschine.<\/p>\t\t\t\t\t\t\t\t<\/div>\n\t\t\t\t<\/div>\n\t\t\t\t\t<\/div>\n\t\t<\/div>\n\t\t\t\t<div class=\"has_eae_slider elementor-column elementor-col-50 elementor-inner-column elementor-element elementor-element-95ab358\" data-eae-slider=\"24134\" data-id=\"95ab358\" data-element_type=\"column\" data-e-type=\"column\">\n\t\t\t<div class=\"elementor-widget-wrap elementor-element-populated\">\n\t\t\t\t\t\t<div class=\"elementor-element elementor-element-150b99d elementor-widget elementor-widget-gallery\" data-id=\"150b99d\" data-element_type=\"widget\" data-e-type=\"widget\" data-settings=\"{&quot;columns&quot;:3,&quot;aspect_ratio&quot;:&quot;4:3&quot;,&quot;lazyload&quot;:&quot;yes&quot;,&quot;gallery_layout&quot;:&quot;grid&quot;,&quot;columns_tablet&quot;:2,&quot;columns_mobile&quot;:1,&quot;gap&quot;:{&quot;unit&quot;:&quot;px&quot;,&quot;size&quot;:10,&quot;sizes&quot;:[]},&quot;gap_tablet&quot;:{&quot;unit&quot;:&quot;px&quot;,&quot;size&quot;:10,&quot;sizes&quot;:[]},&quot;gap_mobile&quot;:{&quot;unit&quot;:&quot;px&quot;,&quot;size&quot;:10,&quot;sizes&quot;:[]},&quot;link_to&quot;:&quot;file&quot;,&quot;overlay_background&quot;:&quot;yes&quot;,&quot;content_hover_animation&quot;:&quot;fade-in&quot;}\" data-widget_type=\"gallery.default\">\n\t\t\t\t<div class=\"elementor-widget-container\">\n\t\t\t\t\t\t\t<div class=\"elementor-gallery__container\">\n\t\t\t\t\t\t\t<a class=\"e-gallery-item elementor-gallery-item elementor-animated-content\" href=\"https:\/\/schokoma.de\/wp-content\/uploads\/2023\/11\/forming-roller-V2-1024x768-1.jpg\" data-elementor-open-lightbox=\"yes\" data-elementor-lightbox-slideshow=\"150b99d\" data-elementor-lightbox-title=\"forming-roller-V2-1024x768\" data-e-action-hash=\"#elementor-action%3Aaction%3Dlightbox%26settings%3DeyJpZCI6NTk5NjEsInVybCI6Imh0dHBzOlwvXC9zY2hva29tYS5kZVwvd3AtY29udGVudFwvdXBsb2Fkc1wvMjAyM1wvMTFcL2Zvcm1pbmctcm9sbGVyLVYyLTEwMjR4NzY4LTEuanBnIiwic2xpZGVzaG93IjoiMTUwYjk5ZCJ9\">\n\t\t\t\t\t<div class=\"e-gallery-image elementor-gallery-item__image\" data-thumbnail=\"https:\/\/schokoma.de\/wp-content\/uploads\/2023\/11\/forming-roller-V2-1024x768-1-300x225.jpg\" data-width=\"300\" data-height=\"225\" aria-label=\"\" role=\"img\" ><\/div>\n\t\t\t\t\t\t\t\t\t\t\t<div class=\"elementor-gallery-item__overlay\"><\/div>\n\t\t\t\t\t\t\t\t\t\t\t\t\t\t<\/a>\n\t\t\t\t\t\t\t<a class=\"e-gallery-item elementor-gallery-item elementor-animated-content\" href=\"https:\/\/schokoma.de\/wp-content\/uploads\/2023\/11\/ROLLER-V2-1024x768-1.jpg\" data-elementor-open-lightbox=\"yes\" data-elementor-lightbox-slideshow=\"150b99d\" data-elementor-lightbox-title=\"ROLLER-V2-1024x768\" data-e-action-hash=\"#elementor-action%3Aaction%3Dlightbox%26settings%3DeyJpZCI6NTk5NTgsInVybCI6Imh0dHBzOlwvXC9zY2hva29tYS5kZVwvd3AtY29udGVudFwvdXBsb2Fkc1wvMjAyM1wvMTFcL1JPTExFUi1WMi0xMDI0eDc2OC0xLmpwZyIsInNsaWRlc2hvdyI6IjE1MGI5OWQifQ%3D%3D\">\n\t\t\t\t\t<div class=\"e-gallery-image elementor-gallery-item__image\" data-thumbnail=\"https:\/\/schokoma.de\/wp-content\/uploads\/2023\/11\/ROLLER-V2-1024x768-1-300x225.jpg\" data-width=\"300\" data-height=\"225\" aria-label=\"\" role=\"img\" ><\/div>\n\t\t\t\t\t\t\t\t\t\t\t<div class=\"elementor-gallery-item__overlay\"><\/div>\n\t\t\t\t\t\t\t\t\t\t\t\t\t\t<\/a>\n\t\t\t\t\t\t\t<a class=\"e-gallery-item elementor-gallery-item elementor-animated-content\" href=\"https:\/\/schokoma.de\/wp-content\/uploads\/2023\/11\/ROLLERS-V2-1024x768-1.jpg\" data-elementor-open-lightbox=\"yes\" data-elementor-lightbox-slideshow=\"150b99d\" data-elementor-lightbox-title=\"ROLLERS-V2-1024x768\" data-e-action-hash=\"#elementor-action%3Aaction%3Dlightbox%26settings%3DeyJpZCI6NTk5NTUsInVybCI6Imh0dHBzOlwvXC9zY2hva29tYS5kZVwvd3AtY29udGVudFwvdXBsb2Fkc1wvMjAyM1wvMTFcL1JPTExFUlMtVjItMTAyNHg3NjgtMS5qcGciLCJzbGlkZXNob3ciOiIxNTBiOTlkIn0%3D\">\n\t\t\t\t\t<div class=\"e-gallery-image elementor-gallery-item__image\" data-thumbnail=\"https:\/\/schokoma.de\/wp-content\/uploads\/2023\/11\/ROLLERS-V2-1024x768-1-300x225.jpg\" data-width=\"300\" data-height=\"225\" aria-label=\"\" role=\"img\" ><\/div>\n\t\t\t\t\t\t\t\t\t\t\t<div class=\"elementor-gallery-item__overlay\"><\/div>\n\t\t\t\t\t\t\t\t\t\t\t\t\t\t<\/a>\n\t\t\t\t\t\t\t<a class=\"e-gallery-item elementor-gallery-item elementor-animated-content\" href=\"https:\/\/schokoma.de\/wp-content\/uploads\/2023\/11\/Grupo-de-rodillos_V2-1024x769-1.jpg\" data-elementor-open-lightbox=\"yes\" data-elementor-lightbox-slideshow=\"150b99d\" data-elementor-lightbox-title=\"Grupo-de-rodillos_V2-1024x769\" data-e-action-hash=\"#elementor-action%3Aaction%3Dlightbox%26settings%3DeyJpZCI6NTk5NTIsInVybCI6Imh0dHBzOlwvXC9zY2hva29tYS5kZVwvd3AtY29udGVudFwvdXBsb2Fkc1wvMjAyM1wvMTFcL0dydXBvLWRlLXJvZGlsbG9zX1YyLTEwMjR4NzY5LTEuanBnIiwic2xpZGVzaG93IjoiMTUwYjk5ZCJ9\">\n\t\t\t\t\t<div class=\"e-gallery-image elementor-gallery-item__image\" data-thumbnail=\"https:\/\/schokoma.de\/wp-content\/uploads\/2023\/11\/Grupo-de-rodillos_V2-1024x769-1-300x225.jpg\" data-width=\"300\" data-height=\"225\" aria-label=\"\" role=\"img\" ><\/div>\n\t\t\t\t\t\t\t\t\t\t\t<div class=\"elementor-gallery-item__overlay\"><\/div>\n\t\t\t\t\t\t\t\t\t\t\t\t\t\t<\/a>\n\t\t\t\t\t<\/div>\n\t\t\t\t\t<\/div>\n\t\t\t\t<\/div>\n\t\t\t\t\t<\/div>\n\t\t<\/div>\n\t\t\t\t\t<\/div>\n\t\t<\/section>\n\t\t\t\t<div class=\"elementor-element elementor-element-0965df1 elementor-widget-divider--view-line elementor-widget elementor-widget-divider\" data-id=\"0965df1\" data-element_type=\"widget\" data-e-type=\"widget\" data-widget_type=\"divider.default\">\n\t\t\t\t<div class=\"elementor-widget-container\">\n\t\t\t\t\t\t\t<div class=\"elementor-divider\">\n\t\t\t<span class=\"elementor-divider-separator\">\n\t\t\t\t\t\t<\/span>\n\t\t<\/div>\n\t\t\t\t\t\t<\/div>\n\t\t\t\t<\/div>\n\t\t\t\t<section class=\"has_eae_slider elementor-section elementor-inner-section elementor-element elementor-element-6f8dd2c elementor-section-boxed elementor-section-height-default elementor-section-height-default\" data-eae-slider=\"95762\" data-id=\"6f8dd2c\" data-element_type=\"section\" data-e-type=\"section\">\n\t\t\t\t\t\t<div class=\"elementor-container elementor-column-gap-default\">\n\t\t\t\t\t<div class=\"has_eae_slider elementor-column elementor-col-100 elementor-inner-column elementor-element elementor-element-612d84b\" data-eae-slider=\"79995\" data-id=\"612d84b\" data-element_type=\"column\" data-e-type=\"column\">\n\t\t\t<div class=\"elementor-widget-wrap elementor-element-populated\">\n\t\t\t\t\t\t<div class=\"elementor-element elementor-element-5b3bc2a elementor-widget elementor-widget-text-editor\" data-id=\"5b3bc2a\" data-element_type=\"widget\" data-e-type=\"widget\" data-widget_type=\"text-editor.default\">\n\t\t\t\t<div class=\"elementor-widget-container\">\n\t\t\t\t\t\t\t\t\t<h4>FORMINGPLUS &#8211; HAUPTMERKMALE<\/h4><ul><li><strong>Hygienisches Design:<\/strong> Alle Teile, die mit dem Produkt in Kontakt kommen, sind leicht zug\u00e4nglich.<\/li><li><strong>Robuste mechanische Fertigung:<\/strong> Sehr robuste Bauweise und bearbeitete Oberfl\u00e4chen f\u00fcr pr\u00e4zise Einstellungen.<\/li><li><strong>St\u00fctzrahmen der Formwalzen:<\/strong> Hergestellt aus Edelstahl AISI304L.<\/li><li><strong>Abnehmbare Abdeckungen:<\/strong> Aus Edelstahl und lebensmittelechtem Polycarbonat.<\/li><li><strong>Material der Formwalzen:<\/strong> Kann Bronze oder Edelstahl AISI304L sein.<\/li><li><strong>Form der Kerne\/Figuren:<\/strong> Wird gem\u00e4\u00df den Anforderungen des Kunden entworfen. Die h\u00e4ufigsten Formen sind Linsen, Herzen, Kugeln, Eier, usw.<\/li><li><strong>Abstand zwischen den Walzen:<\/strong> Einstellbar durch ein mikrometrisches Ger\u00e4t zur Einstellung der Produktst\u00e4rke.<\/li><li><strong>Winkelverstellung der Walzen:<\/strong> F\u00fcr perfekte Ausrichtung zwischen den beiden Formwalzen.<\/li><li><strong>Glykolzirkulation innerhalb der Walzen:<\/strong> Durch einen Ringraum, erreicht eine hohe Geschwindigkeit und Turbulenzen, und somit eine sehr effiziente K\u00fchlung des Produkts.<\/li><li><strong>Oberfl\u00e4chentemperatur jeder Walze:<\/strong> Konstant entlang der gesamten Walze.<\/li><li><strong>Elektronischer Schutz gegen \u00dcberlastung des Antriebsgetriebemotors der Formwalzen.<\/strong><\/li><li><strong>Doppelmantel-Zufuhrtrichter f\u00fcr das Produkt:<\/strong> Beheizt durch Umw\u00e4lzung des Heizmediums. Der Trichter kann durch pneumatische Zylinder angehoben werden, um einen besseren Zugang und Wartung zu erm\u00f6glichen. Gew\u00e4hrleistet eine gleichm\u00e4\u00dfige Verteilung des Produkts entlang der Formwalzen.<\/li><li><strong>Einfacher und schneller Austausch des Walzenpaares:<\/strong> F\u00fcr einen einfachen Produktionswechsel, bei gleichbleibender Tr\u00e4gerstruktur. Es ist kein Hebezeug erforderlich.<\/li><li><strong>Steuerung durch PLC und Bedienerzugriff auf alle Parameter \u00fcber das Touchscreen-HMI.<\/strong><\/li><\/ul>\t\t\t\t\t\t\t\t<\/div>\n\t\t\t\t<\/div>\n\t\t\t\t<div class=\"elementor-element elementor-element-36036c9 elementor-widget-divider--view-line elementor-widget elementor-widget-divider\" data-id=\"36036c9\" data-element_type=\"widget\" data-e-type=\"widget\" data-widget_type=\"divider.default\">\n\t\t\t\t<div class=\"elementor-widget-container\">\n\t\t\t\t\t\t\t<div class=\"elementor-divider\">\n\t\t\t<span class=\"elementor-divider-separator\">\n\t\t\t\t\t\t<\/span>\n\t\t<\/div>\n\t\t\t\t\t\t<\/div>\n\t\t\t\t<\/div>\n\t\t\t\t<div class=\"elementor-element elementor-element-91a04b6 elementor-widget elementor-widget-text-editor\" data-id=\"91a04b6\" data-element_type=\"widget\" data-e-type=\"widget\" data-widget_type=\"text-editor.default\">\n\t\t\t\t<div class=\"elementor-widget-container\">\n\t\t\t\t\t\t\t\t\t<h4>Produkte Hergestellt mit FORMINGPLUS<\/h4><ul><li aria-level=\"1\">Schokoladenlinsen<\/li><li aria-level=\"1\">Schokoladenherzen<\/li><li aria-level=\"1\">Schokoladenkugeln<\/li><li aria-level=\"1\">Erdnussbutterlinsen<\/li><\/ul>\t\t\t\t\t\t\t\t<\/div>\n\t\t\t\t<\/div>\n\t\t\t\t\t<\/div>\n\t\t<\/div>\n\t\t\t\t\t<\/div>\n\t\t<\/section>\n\t\t\t\t\t<\/div>\n\t\t<\/div>\n\t\t\t\t\t<\/div>\n\t\t<\/section>\n\t\t\t\t<\/div>\n\t\t","protected":false},"excerpt":{"rendered":"<p>WAS IST FORMINGPLUS? FORMINGPLUS ist eine vollautomatische Anlage zur Herstellung von Linsen, Kugeln, Herzen, Eiern oder anderen Formen aus Schokolade, Compound oder Lebensmittelteig (wie Sesampaste, Erdnusspaste&#8230;) in kontinuierlicher Form. Die Anlage besteht aus einem Paar Walzen, deren Oberfl\u00e4che die Form der herzustellenden Figuren aufweist. Die zu produzierenden Formen werden in jedem Projekt individuell nach den [&hellip;]<\/p>\n","protected":false},"featured_media":60129,"template":"","meta":[],"product_brand":[],"product_cat":[7863,7909,7879,7861],"product_tag":[],"class_list":{"0":"post-59951","1":"product","2":"type-product","3":"status-publish","4":"has-post-thumbnail","6":"product_cat-fecoatec","7":"product_cat-formrollen","8":"product_cat-formwalzen","9":"product_cat-neumaschinen","11":"first","12":"instock","13":"shipping-taxable","14":"product-type-simple"},"_links":{"self":[{"href":"https:\/\/schokoma.de\/fr\/wp-json\/wp\/v2\/product\/59951","targetHints":{"allow":["GET"]}}],"collection":[{"href":"https:\/\/schokoma.de\/fr\/wp-json\/wp\/v2\/product"}],"about":[{"href":"https:\/\/schokoma.de\/fr\/wp-json\/wp\/v2\/types\/product"}],"version-history":[{"count":8,"href":"https:\/\/schokoma.de\/fr\/wp-json\/wp\/v2\/product\/59951\/revisions"}],"predecessor-version":[{"id":60132,"href":"https:\/\/schokoma.de\/fr\/wp-json\/wp\/v2\/product\/59951\/revisions\/60132"}],"wp:featuredmedia":[{"embeddable":true,"href":"https:\/\/schokoma.de\/fr\/wp-json\/wp\/v2\/media\/60129"}],"wp:attachment":[{"href":"https:\/\/schokoma.de\/fr\/wp-json\/wp\/v2\/media?parent=59951"}],"wp:term":[{"taxonomy":"product_brand","embeddable":true,"href":"https:\/\/schokoma.de\/fr\/wp-json\/wp\/v2\/product_brand?post=59951"},{"taxonomy":"product_cat","embeddable":true,"href":"https:\/\/schokoma.de\/fr\/wp-json\/wp\/v2\/product_cat?post=59951"},{"taxonomy":"product_tag","embeddable":true,"href":"https:\/\/schokoma.de\/fr\/wp-json\/wp\/v2\/product_tag?post=59951"}],"curies":[{"name":"wp","href":"https:\/\/api.w.org\/{rel}","templated":true}]}}