{"id":43835,"date":"2021-11-11T08:21:01","date_gmt":"2021-11-11T07:21:01","guid":{"rendered":"https:\/\/temper-doctor.com\/prestations-de-service\/developpement-de-produits-et-recettes\/"},"modified":"2025-02-14T09:51:19","modified_gmt":"2025-02-14T08:51:19","slug":"developpement-de-produits-et-recettes","status":"publish","type":"page","link":"https:\/\/schokoma.de\/fr\/prestations-de-service\/developpement-de-produits-et-recettes\/","title":{"rendered":"D\u00e9veloppement de produits et recettes"},"content":{"rendered":"\t\t<div data-elementor-type=\"wp-page\" data-elementor-id=\"43835\" class=\"elementor elementor-43835 elementor-28771\" data-elementor-post-type=\"page\">\n\t\t\t\t<div class=\"has_eae_slider elementor-element elementor-element-f0d0849 e-con-full e-flex e-con e-parent\" data-eae-slider=\"36506\" data-id=\"f0d0849\" data-element_type=\"container\" data-e-type=\"container\">\n\t\t<div class=\"has_eae_slider elementor-element elementor-element-6985a77 e-con-full e-flex e-con e-child\" data-eae-slider=\"82141\" data-id=\"6985a77\" data-element_type=\"container\" data-e-type=\"container\">\n\t\t\t\t<div class=\"elementor-element elementor-element-e1d2963 elementor-widget elementor-widget-heading\" data-id=\"e1d2963\" data-element_type=\"widget\" data-e-type=\"widget\" data-widget_type=\"heading.default\">\n\t\t\t\t<div class=\"elementor-widget-container\">\n\t\t\t\t\t<h2 class=\"elementor-heading-title elementor-size-default\">D\u00e9veloppement de Produits &amp; Recettes<\/h2>\t\t\t\t<\/div>\n\t\t\t\t<\/div>\n\t\t\t\t<div class=\"elementor-element elementor-element-879cce3 elementor-widget elementor-widget-heading\" data-id=\"879cce3\" data-element_type=\"widget\" data-e-type=\"widget\" data-widget_type=\"heading.default\">\n\t\t\t\t<div class=\"elementor-widget-container\">\n\t\t\t\t\t<h3 class=\"elementor-heading-title elementor-size-default\">Notre Partenaire : RCC Consulting GmbH<\/h3>\t\t\t\t<\/div>\n\t\t\t\t<\/div>\n\t\t\t\t<div class=\"elementor-element elementor-element-94103ab elementor-widget elementor-widget-text-editor\" data-id=\"94103ab\" data-element_type=\"widget\" data-e-type=\"widget\" data-widget_type=\"text-editor.default\">\n\t\t\t\t<div class=\"elementor-widget-container\">\n\t\t\t\t\t\t\t\t\t<p><strong>Innovation pour Vos Produits de Confiserie<\/strong><\/p>\n<p>Le d\u00e9veloppement de produits est une \u00e9tape cruciale pour r\u00e9ussir dans l&#8217;industrie de la confiserie. Chez Schokoma, nous comprenons l&#8217;importance de produits de haute qualit\u00e9 et innovants. C&#8217;est pourquoi nous travaillons en \u00e9troite collaboration avec RCC Consulting GmbH (RCC), un fournisseur leader de services de conseil et de d\u00e9veloppement dans l&#8217;industrie alimentaire. Ensemble, nous vous offrons des solutions sur mesure pour concr\u00e9tiser et commercialiser vos id\u00e9es de produits.<\/p>\n\t\t\t\t\t\t\t\t<\/div>\n\t\t\t\t<\/div>\n\t\t\t\t<\/div>\n\t\t<div class=\"has_eae_slider elementor-element elementor-element-c30192f e-con-full e-flex e-con e-child\" data-eae-slider=\"18854\" data-id=\"c30192f\" data-element_type=\"container\" data-e-type=\"container\">\n\t\t\t\t<div class=\"elementor-element elementor-element-35779a7 elementor-widget elementor-widget-image\" data-id=\"35779a7\" data-element_type=\"widget\" data-e-type=\"widget\" data-widget_type=\"image.default\">\n\t\t\t\t<div class=\"elementor-widget-container\">\n\t\t\t\t\t\t\t\t\t\t\t\t\t\t\t<img decoding=\"async\" width=\"128\" height=\"51\" src=\"https:\/\/schokoma.de\/wp-content\/uploads\/2024\/11\/rcc-logo-footer.png\" class=\"attachment-large size-large wp-image-60584\" alt=\"\" \/>\t\t\t\t\t\t\t\t\t\t\t\t\t\t\t<\/div>\n\t\t\t\t<\/div>\n\t\t\t\t<div class=\"elementor-element elementor-element-2f2cfce elementor-align-left elementor-widget elementor-widget-button\" data-id=\"2f2cfce\" data-element_type=\"widget\" data-e-type=\"widget\" data-widget_type=\"button.default\">\n\t\t\t\t<div class=\"elementor-widget-container\">\n\t\t\t\t\t\t\t\t\t<div class=\"elementor-button-wrapper\">\n\t\t\t\t\t<a class=\"elementor-button elementor-button-link elementor-size-md\" href=\"https:\/\/rcc-online.com\/\" target=\"_blank\">\n\t\t\t\t\t\t<span class=\"elementor-button-content-wrapper\">\n\t\t\t\t\t\t\t\t\t<span class=\"elementor-button-text\">Visitez RCC le site Web<\/span>\n\t\t\t\t\t<\/span>\n\t\t\t\t\t<\/a>\n\t\t\t\t<\/div>\n\t\t\t\t\t\t\t\t<\/div>\n\t\t\t\t<\/div>\n\t\t\t\t<\/div>\n\t\t\t\t<\/div>\n\t\t<div class=\"has_eae_slider elementor-element elementor-element-400ca79 e-flex e-con-boxed e-con e-parent\" data-eae-slider=\"72675\" data-id=\"400ca79\" data-element_type=\"container\" data-e-type=\"container\">\n\t\t\t\t\t<div class=\"e-con-inner\">\n\t\t\t\t<div class=\"elementor-element elementor-element-2d32b28 elementor-widget elementor-widget-n-accordion\" data-id=\"2d32b28\" data-element_type=\"widget\" data-e-type=\"widget\" data-settings=\"{&quot;default_state&quot;:&quot;all_collapsed&quot;,&quot;max_items_expended&quot;:&quot;one&quot;,&quot;n_accordion_animation_duration&quot;:{&quot;unit&quot;:&quot;ms&quot;,&quot;size&quot;:400,&quot;sizes&quot;:[]}}\" data-widget_type=\"nested-accordion.default\">\n\t\t\t\t<div class=\"elementor-widget-container\">\n\t\t\t\t\t\t\t<div class=\"e-n-accordion\" aria-label=\"Accordion. Open links with Enter or Space, close with Escape, and navigate with Arrow Keys\">\n\t\t\t\t\t\t<details id=\"e-n-accordion-item-4730\" class=\"e-n-accordion-item\" >\n\t\t\t\t<summary class=\"e-n-accordion-item-title\" data-accordion-index=\"1\" tabindex=\"0\" aria-expanded=\"false\" aria-controls=\"e-n-accordion-item-4730\" >\n\t\t\t\t\t<span class='e-n-accordion-item-title-header'><div class=\"e-n-accordion-item-title-text\"> En savoir plus <\/div><\/span>\n\t\t\t\t\t\t\t<span class='e-n-accordion-item-title-icon'>\n\t\t\t<span class='e-opened' ><svg aria-hidden=\"true\" class=\"e-font-icon-svg e-fas-minus\" viewBox=\"0 0 448 512\" xmlns=\"http:\/\/www.w3.org\/2000\/svg\"><path d=\"M416 208H32c-17.67 0-32 14.33-32 32v32c0 17.67 14.33 32 32 32h384c17.67 0 32-14.33 32-32v-32c0-17.67-14.33-32-32-32z\"><\/path><\/svg><\/span>\n\t\t\t<span class='e-closed'><svg aria-hidden=\"true\" class=\"e-font-icon-svg e-fas-plus\" viewBox=\"0 0 448 512\" xmlns=\"http:\/\/www.w3.org\/2000\/svg\"><path d=\"M416 208H272V64c0-17.67-14.33-32-32-32h-32c-17.67 0-32 14.33-32 32v144H32c-17.67 0-32 14.33-32 32v32c0 17.67 14.33 32 32 32h144v144c0 17.67 14.33 32 32 32h32c17.67 0 32-14.33 32-32V304h144c17.67 0 32-14.33 32-32v-32c0-17.67-14.33-32-32-32z\"><\/path><\/svg><\/span>\n\t\t<\/span>\n\n\t\t\t\t\t\t<\/summary>\n\t\t\t\t<div class=\"has_eae_slider elementor-element elementor-element-bdbd4aa e-con-full e-flex e-con e-child\" data-eae-slider=\"88093\" role=\"region\" aria-labelledby=\"e-n-accordion-item-4730\" data-id=\"bdbd4aa\" data-element_type=\"container\" data-e-type=\"container\">\n\t\t\t\t<div class=\"elementor-element elementor-element-adb4871 elementor-widget elementor-widget-text-editor\" data-id=\"adb4871\" data-element_type=\"widget\" data-e-type=\"widget\" data-widget_type=\"text-editor.default\">\n\t\t\t\t<div class=\"elementor-widget-container\">\n\t\t\t\t\t\t\t\t\t<p><strong>Une Expertise qui Enthousiasme<\/strong><\/p>\n<p>RCC Consulting GmbH est reconnue pour son expertise dans le d\u00e9veloppement de nouvelles recettes et l&#8217;optimisation de produits existants. Avec des ann\u00e9es d&#8217;exp\u00e9rience dans l&#8217;industrie de la confiserie et une compr\u00e9hension approfondie des techniques de production modernes, des tendances et des pr\u00e9f\u00e9rences des consommateurs, RCC fournit des concepts personnalis\u00e9s qui sont \u00e0 la fois techniquement r\u00e9alisables et adapt\u00e9s au march\u00e9. L&#8217;\u00e9quipe de RCC utilise les m\u00e9thodes les plus r\u00e9centes pour perfectionner la qualit\u00e9, la durabilit\u00e9 et le go\u00fbt de vos produits.<\/p>\n\t\t\t\t\t\t\t\t<\/div>\n\t\t\t\t<\/div>\n\t\t<div class=\"has_eae_slider elementor-element elementor-element-ef0eca9 e-grid e-con-boxed e-con e-child\" data-eae-slider=\"43863\" role=\"region\" aria-labelledby=\"e-n-accordion-item-4730\" data-id=\"ef0eca9\" data-element_type=\"container\" data-e-type=\"container\">\n\t\t\t\t\t<div class=\"e-con-inner\">\n\t\t\t\t<div class=\"elementor-element elementor-element-b46e8aa elementor-widget elementor-widget-text-editor\" data-id=\"b46e8aa\" data-element_type=\"widget\" data-e-type=\"widget\" data-widget_type=\"text-editor.default\">\n\t\t\t\t<div class=\"elementor-widget-container\">\n\t\t\t\t\t\t\t\t\t<p><strong>Nos Services en Collaboration avec RCC<\/strong><\/p>\n<ul>\n<li><strong>D\u00e9veloppement de Produits<\/strong>: De la premi\u00e8re id\u00e9e \u00e0 la finalisation de la recette, RCC vous offre un accompagnement complet pour la cr\u00e9ation de nouveaux produits de confiserie.<\/li>\n<li><strong>Optimisation des Recettes<\/strong>: Vous avez d\u00e9j\u00e0 un produit, mais souhaitez am\u00e9liorer son go\u00fbt, sa texture ou son processus de production ? RCC vous aide \u00e0 optimiser vos recettes existantes.<\/li>\n<li><strong>Recherche de Tendances et Analyse de March\u00e9<\/strong>: RCC suit les derni\u00e8res tendances dans l&#8217;industrie de la confiserie et peut vous aider \u00e0 d\u00e9velopper des produits qui r\u00e9sonnent sur le march\u00e9.<\/li>\n<li><strong>Conseil Technique<\/strong>: De la s\u00e9lection des bons ingr\u00e9dients \u00e0 la mise \u00e0 l&#8217;\u00e9chelle de la production, RCC fournit des conseils techniques pratiques pour rendre vos processus de production plus efficaces.<\/li>\n<\/ul>\n\t\t\t\t\t\t\t\t<\/div>\n\t\t\t\t<\/div>\n\t\t\t\t<div class=\"elementor-element elementor-element-9994bb8 elementor-widget elementor-widget-text-editor\" data-id=\"9994bb8\" data-element_type=\"widget\" data-e-type=\"widget\" data-widget_type=\"text-editor.default\">\n\t\t\t\t<div class=\"elementor-widget-container\">\n\t\t\t\t\t\t\t\t\t<p><strong>Pourquoi Choisir RCC Consulting GmbH ?<\/strong><\/p>\n<p>RCC Consulting GmbH est synonyme de haute comp\u00e9tence, d&#8217;id\u00e9es innovantes et de solutions pratiques. L&#8217;\u00e9quipe exp\u00e9riment\u00e9e vous guide tout au long du processus de d\u00e9veloppement avec pour objectif de cr\u00e9er des produits non seulement efficaces \u00e0 produire, mais aussi adapt\u00e9s aux go\u00fbts de votre public cible.<\/p>\n<p>Avec RCC, nous garantissons que vos visions de produit deviennent une r\u00e9alit\u00e9. Que vous cr\u00e9iez de nouvelles confiseries ou am\u00e9lioriez des produits existants, RCC est le partenaire id\u00e9al pour concr\u00e9tiser vos id\u00e9es.<\/p>\n<p><strong>Contactez-nous pour Plus d&#8217;Informations<\/strong><\/p>\n<p>Profitez des synergies issues de la collaboration entre Schokoma et RCC pour \u00e9lever vos produits de confiserie \u00e0 un niveau sup\u00e9rieur. Contactez-nous d\u00e8s aujourd&#8217;hui pour en savoir plus sur le d\u00e9veloppement de produits et l&#8217;optimisation des recettes.<\/p>\n\t\t\t\t\t\t\t\t<\/div>\n\t\t\t\t<\/div>\n\t\t\t\t\t<\/div>\n\t\t\t\t<\/div>\n\t\t\t\t<\/div>\n\t\t\t\t\t<\/details>\n\t\t\t\t\t<\/div>\n\t\t\t\t\t\t<\/div>\n\t\t\t\t<\/div>\n\t\t\t\t\t<\/div>\n\t\t\t\t<\/div>\n\t\t\t\t<section class=\"has_eae_slider elementor-section elementor-top-section elementor-element elementor-element-93cfad4 elementor-section-boxed elementor-section-height-default elementor-section-height-default\" data-eae-slider=\"76261\" data-id=\"93cfad4\" data-element_type=\"section\" data-e-type=\"section\">\n\t\t\t\t\t\t<div class=\"elementor-container elementor-column-gap-default\">\n\t\t\t\t\t<div class=\"has_eae_slider elementor-column elementor-col-100 elementor-top-column elementor-element elementor-element-bb4c56e\" data-eae-slider=\"86301\" data-id=\"bb4c56e\" data-element_type=\"column\" data-e-type=\"column\">\n\t\t\t<div class=\"elementor-widget-wrap elementor-element-populated\">\n\t\t\t\t\t\t<div class=\"elementor-element elementor-element-51b71af elementor-widget-divider--view-line elementor-widget elementor-widget-divider\" data-id=\"51b71af\" data-element_type=\"widget\" data-e-type=\"widget\" data-widget_type=\"divider.default\">\n\t\t\t\t<div class=\"elementor-widget-container\">\n\t\t\t\t\t\t\t<div class=\"elementor-divider\">\n\t\t\t<span class=\"elementor-divider-separator\">\n\t\t\t\t\t\t<\/span>\n\t\t<\/div>\n\t\t\t\t\t\t<\/div>\n\t\t\t\t<\/div>\n\t\t\t\t\t<\/div>\n\t\t<\/div>\n\t\t\t\t\t<\/div>\n\t\t<\/section>\n\t\t<div class=\"has_eae_slider elementor-element elementor-element-54eb509 e-con-full e-flex e-con e-parent\" data-eae-slider=\"58484\" data-id=\"54eb509\" data-element_type=\"container\" data-e-type=\"container\">\n\t\t<div class=\"has_eae_slider elementor-element elementor-element-ef87ba0 e-con-full e-flex e-con e-child\" data-eae-slider=\"41373\" data-id=\"ef87ba0\" data-element_type=\"container\" data-e-type=\"container\">\n\t\t\t\t<div class=\"elementor-element elementor-element-b7de401 elementor-widget elementor-widget-heading\" data-id=\"b7de401\" data-element_type=\"widget\" data-e-type=\"widget\" data-widget_type=\"heading.default\">\n\t\t\t\t<div class=\"elementor-widget-container\">\n\t\t\t\t\t<h2 class=\"elementor-heading-title elementor-size-default\">\u00c9cole Centrale Technique de l'Industrie Allemande de la Confiserie e.V. (ZDS)<\/h2>\t\t\t\t<\/div>\n\t\t\t\t<\/div>\n\t\t\t\t<div class=\"elementor-element elementor-element-c461613 elementor-widget elementor-widget-heading\" data-id=\"c461613\" data-element_type=\"widget\" data-e-type=\"widget\" data-widget_type=\"heading.default\">\n\t\t\t\t<div class=\"elementor-widget-container\">\n\t\t\t\t\t<h3 class=\"elementor-heading-title elementor-size-default\">Partenaire Officiel<\/h3>\t\t\t\t<\/div>\n\t\t\t\t<\/div>\n\t\t\t\t<div class=\"elementor-element elementor-element-e316c72 elementor-widget elementor-widget-text-editor\" data-id=\"e316c72\" data-element_type=\"widget\" data-e-type=\"widget\" data-widget_type=\"text-editor.default\">\n\t\t\t\t<div class=\"elementor-widget-container\">\n\t\t\t\t\t\t\t\t\t<p>Dans le cadre de nos efforts continus pour renforcer notre expertise dans le domaine de la confiserie et fournir \u00e0 nos clients une qualit\u00e9 et une innovation de premier plan, nous sommes fiers de collaborer avec<strong> l&#8217;\u00c9cole Centrale Technique de l&#8217;Industrie Allemande de la Confiserie e.V. (ZDS)<\/strong>. La ZDS est l&#8217;une des principales institutions de formation et de recherche dans l&#8217;industrie de la confiserie, r\u00e9put\u00e9e pour son enseignement pratique et sa recherche avanc\u00e9e.<\/p>\n\t\t\t\t\t\t\t\t<\/div>\n\t\t\t\t<\/div>\n\t\t\t\t<\/div>\n\t\t<div class=\"has_eae_slider elementor-element elementor-element-b826a33 e-con-full e-flex e-con e-child\" data-eae-slider=\"65915\" data-id=\"b826a33\" data-element_type=\"container\" data-e-type=\"container\">\n\t\t\t\t<div class=\"elementor-element elementor-element-228fbef elementor-widget elementor-widget-image\" data-id=\"228fbef\" data-element_type=\"widget\" data-e-type=\"widget\" data-widget_type=\"image.default\">\n\t\t\t\t<div class=\"elementor-widget-container\">\n\t\t\t\t\t\t\t\t\t\t\t\t\t\t\t<img decoding=\"async\" width=\"227\" height=\"136\" src=\"https:\/\/schokoma.de\/wp-content\/uploads\/2023\/05\/logo-zds-home.png\" class=\"attachment-large size-large wp-image-59595\" alt=\"\" \/>\t\t\t\t\t\t\t\t\t\t\t\t\t\t\t<\/div>\n\t\t\t\t<\/div>\n\t\t\t\t<div class=\"elementor-element elementor-element-f8a762c elementor-align-left elementor-widget elementor-widget-button\" data-id=\"f8a762c\" data-element_type=\"widget\" data-e-type=\"widget\" data-widget_type=\"button.default\">\n\t\t\t\t<div class=\"elementor-widget-container\">\n\t\t\t\t\t\t\t\t\t<div class=\"elementor-button-wrapper\">\n\t\t\t\t\t<a class=\"elementor-button elementor-button-link elementor-size-md\" href=\"https:\/\/www.zds-solingen.de\/index.php?id=zds-startseite\" target=\"_blank\">\n\t\t\t\t\t\t<span class=\"elementor-button-content-wrapper\">\n\t\t\t\t\t\t\t\t\t<span class=\"elementor-button-text\">Visitez ZDS-Webseite le site Web<\/span>\n\t\t\t\t\t<\/span>\n\t\t\t\t\t<\/a>\n\t\t\t\t<\/div>\n\t\t\t\t\t\t\t\t<\/div>\n\t\t\t\t<\/div>\n\t\t\t\t<\/div>\n\t\t\t\t<\/div>\n\t\t<div class=\"has_eae_slider elementor-element elementor-element-58e596f e-flex e-con-boxed e-con e-parent\" data-eae-slider=\"82686\" data-id=\"58e596f\" data-element_type=\"container\" data-e-type=\"container\">\n\t\t\t\t\t<div class=\"e-con-inner\">\n\t\t\t\t<div class=\"elementor-element elementor-element-3001d9f elementor-widget elementor-widget-n-accordion\" data-id=\"3001d9f\" data-element_type=\"widget\" data-e-type=\"widget\" data-settings=\"{&quot;default_state&quot;:&quot;all_collapsed&quot;,&quot;max_items_expended&quot;:&quot;one&quot;,&quot;n_accordion_animation_duration&quot;:{&quot;unit&quot;:&quot;ms&quot;,&quot;size&quot;:400,&quot;sizes&quot;:[]}}\" data-widget_type=\"nested-accordion.default\">\n\t\t\t\t<div class=\"elementor-widget-container\">\n\t\t\t\t\t\t\t<div class=\"e-n-accordion\" aria-label=\"Accordion. Open links with Enter or Space, close with Escape, and navigate with Arrow Keys\">\n\t\t\t\t\t\t<details id=\"e-n-accordion-item-5030\" class=\"e-n-accordion-item\" >\n\t\t\t\t<summary class=\"e-n-accordion-item-title\" data-accordion-index=\"1\" tabindex=\"0\" aria-expanded=\"false\" aria-controls=\"e-n-accordion-item-5030\" >\n\t\t\t\t\t<span class='e-n-accordion-item-title-header'><div class=\"e-n-accordion-item-title-text\"> En savoir plus <\/div><\/span>\n\t\t\t\t\t\t\t<span class='e-n-accordion-item-title-icon'>\n\t\t\t<span class='e-opened' ><svg aria-hidden=\"true\" class=\"e-font-icon-svg e-fas-minus\" viewBox=\"0 0 448 512\" xmlns=\"http:\/\/www.w3.org\/2000\/svg\"><path d=\"M416 208H32c-17.67 0-32 14.33-32 32v32c0 17.67 14.33 32 32 32h384c17.67 0 32-14.33 32-32v-32c0-17.67-14.33-32-32-32z\"><\/path><\/svg><\/span>\n\t\t\t<span class='e-closed'><svg aria-hidden=\"true\" class=\"e-font-icon-svg e-fas-plus\" viewBox=\"0 0 448 512\" xmlns=\"http:\/\/www.w3.org\/2000\/svg\"><path d=\"M416 208H272V64c0-17.67-14.33-32-32-32h-32c-17.67 0-32 14.33-32 32v144H32c-17.67 0-32 14.33-32 32v32c0 17.67 14.33 32 32 32h144v144c0 17.67 14.33 32 32 32h32c17.67 0 32-14.33 32-32V304h144c17.67 0 32-14.33 32-32v-32c0-17.67-14.33-32-32-32z\"><\/path><\/svg><\/span>\n\t\t<\/span>\n\n\t\t\t\t\t\t<\/summary>\n\t\t\t\t<div class=\"has_eae_slider elementor-element elementor-element-37d1b64 e-con-full e-flex e-con e-child\" data-eae-slider=\"8221\" role=\"region\" aria-labelledby=\"e-n-accordion-item-5030\" data-id=\"37d1b64\" data-element_type=\"container\" data-e-type=\"container\">\n\t\t\t\t<div class=\"elementor-element elementor-element-b94b1b7 elementor-widget elementor-widget-text-editor\" data-id=\"b94b1b7\" data-element_type=\"widget\" data-e-type=\"widget\" data-widget_type=\"text-editor.default\">\n\t\t\t\t<div class=\"elementor-widget-container\">\n\t\t\t\t\t\t\t\t\t<p><strong>ZDS \u2013 L&#8217;Acad\u00e9mie de la Confiserie<\/strong><\/p>\n<p>La ZDS est une institution \u00e9tablie fournissant expertise et solutions pratiques aux entreprises du secteur de la confiserie. Ses programmes acad\u00e9miques et formations fournissent des connaissances approfondies sur les derniers d\u00e9veloppements en production, technologie et s\u00e9curit\u00e9 de la confiserie. En tant que partenaire, nous b\u00e9n\u00e9ficions de l&#8217;expertise approfondie de la ZDS et pouvons ainsi offrir \u00e0 nos clients un conseil scientifique et technique solide.<\/p>\n<p><strong>Notre Partenariat avec ZDS<\/strong><\/p>\n<p>Gr\u00e2ce \u00e0 notre partenariat avec la ZDS, nous renfor\u00e7ons non seulement notre r\u00e9seau, mais \u00e9largissons \u00e9galement notre offre de services dans le d\u00e9veloppement de produits et l&#8217;optimisation des processus. Avec la ZDS, nous offrons \u00e0 nos clients une gamme plus large de services de formation, de formation continue et de conseil \u2013 tous bas\u00e9s sur les technologies les plus r\u00e9centes.<\/p>\n<p>Qu&#8217;il s&#8217;agisse de d\u00e9velopper des produits de confiserie innovants ou d&#8217;optimiser les processus de production existants, avec la ZDS \u00e0 nos c\u00f4t\u00e9s, nous avons un partenaire solide<\/p>\n\t\t\t\t\t\t\t\t<\/div>\n\t\t\t\t<\/div>\n\t\t\t\t<\/div>\n\t\t\t\t\t<\/details>\n\t\t\t\t\t<\/div>\n\t\t\t\t\t\t<\/div>\n\t\t\t\t<\/div>\n\t\t\t\t\t<\/div>\n\t\t\t\t<\/div>\n\t\t\t\t<\/div>\n\t\t","protected":false},"excerpt":{"rendered":"<p>D\u00e9veloppement de Produits &amp; Recettes Notre Partenaire : RCC Consulting GmbH Innovation pour Vos Produits de Confiserie Le d\u00e9veloppement de produits est une \u00e9tape cruciale pour r\u00e9ussir dans l&#8217;industrie de la confiserie. Chez Schokoma, nous comprenons l&#8217;importance de produits de haute qualit\u00e9 et innovants. C&#8217;est pourquoi nous travaillons en \u00e9troite collaboration avec RCC Consulting GmbH [&hellip;]<\/p>\n","protected":false},"author":2,"featured_media":28774,"parent":43831,"menu_order":0,"comment_status":"closed","ping_status":"closed","template":"","meta":{"footnotes":""},"class_list":["post-43835","page","type-page","status-publish","has-post-thumbnail","hentry"],"_links":{"self":[{"href":"https:\/\/schokoma.de\/fr\/wp-json\/wp\/v2\/pages\/43835","targetHints":{"allow":["GET"]}}],"collection":[{"href":"https:\/\/schokoma.de\/fr\/wp-json\/wp\/v2\/pages"}],"about":[{"href":"https:\/\/schokoma.de\/fr\/wp-json\/wp\/v2\/types\/page"}],"author":[{"embeddable":true,"href":"https:\/\/schokoma.de\/fr\/wp-json\/wp\/v2\/users\/2"}],"replies":[{"embeddable":true,"href":"https:\/\/schokoma.de\/fr\/wp-json\/wp\/v2\/comments?post=43835"}],"version-history":[{"count":2,"href":"https:\/\/schokoma.de\/fr\/wp-json\/wp\/v2\/pages\/43835\/revisions"}],"predecessor-version":[{"id":60594,"href":"https:\/\/schokoma.de\/fr\/wp-json\/wp\/v2\/pages\/43835\/revisions\/60594"}],"up":[{"embeddable":true,"href":"https:\/\/schokoma.de\/fr\/wp-json\/wp\/v2\/pages\/43831"}],"wp:featuredmedia":[{"embeddable":true,"href":"https:\/\/schokoma.de\/fr\/wp-json\/wp\/v2\/media\/28774"}],"wp:attachment":[{"href":"https:\/\/schokoma.de\/fr\/wp-json\/wp\/v2\/media?parent=43835"}],"curies":[{"name":"wp","href":"https:\/\/api.w.org\/{rel}","templated":true}]}}