{"id":43833,"date":"2021-11-11T08:20:40","date_gmt":"2021-11-11T07:20:40","guid":{"rendered":"https:\/\/temper-doctor.com\/prestations-de-service\/leasing-et-financement\/"},"modified":"2025-02-14T10:04:50","modified_gmt":"2025-02-14T09:04:50","slug":"leasing-et-financement","status":"publish","type":"page","link":"https:\/\/schokoma.de\/fr\/prestations-de-service\/leasing-et-financement\/","title":{"rendered":"Location et financement"},"content":{"rendered":"\t\t<div data-elementor-type=\"wp-page\" data-elementor-id=\"43833\" class=\"elementor elementor-43833 elementor-28807\" data-elementor-post-type=\"page\">\n\t\t\t\t\t\t<section class=\"has_eae_slider elementor-section elementor-top-section elementor-element elementor-element-6f09b73 elementor-section-boxed elementor-section-height-default elementor-section-height-default\" data-eae-slider=\"71370\" data-id=\"6f09b73\" data-element_type=\"section\" data-e-type=\"section\">\n\t\t\t\t\t\t<div class=\"elementor-container elementor-column-gap-default\">\n\t\t\t\t\t<div class=\"has_eae_slider elementor-column elementor-col-50 elementor-top-column elementor-element elementor-element-8619add\" data-eae-slider=\"64808\" data-id=\"8619add\" data-element_type=\"column\" data-e-type=\"column\">\n\t\t\t<div class=\"elementor-widget-wrap elementor-element-populated\">\n\t\t\t\t\t\t<div class=\"elementor-element elementor-element-8195c1c elementor-widget elementor-widget-text-editor\" data-id=\"8195c1c\" data-element_type=\"widget\" data-e-type=\"widget\" data-widget_type=\"text-editor.default\">\n\t\t\t\t<div class=\"elementor-widget-container\">\n\t\t\t\t\t\t\t\t\t<p data-start=\"1659\" data-end=\"1705\"><strong data-start=\"1659\" data-end=\"1703\">Avez-vous re\u00e7u une offre de notre part ?<\/strong><\/p>\n<p data-start=\"1707\" data-end=\"1781\">Nous avons un partenaire solide pour votre investissement dans l&#8217;avenir.<\/p>\n<h5 data-start=\"1783\" data-end=\"1862\"><strong data-start=\"1787\" data-end=\"1860\">RaaS \u2013 Le mod\u00e8le d&#8217;utilisation innovant pour une comp\u00e9titivit\u00e9 accrue<\/strong><\/h5>\n<p data-start=\"1864\" data-end=\"2191\">De plus en plus d\u2019entreprises abandonnent la vente classique au profit de mod\u00e8les \u00e9conomiques bas\u00e9s sur la location ou le leasing. Avec <strong data-start=\"2000\" data-end=\"2030\">Rental as a Service (RaaS)<\/strong>, notre partenaire propose une solution de financement flexible permettant aux entreprises de taille moyenne de passer \u00e0 un mod\u00e8le d&#8217;utilisation plus rentable.<\/p>\n<h5 data-start=\"2193\" data-end=\"2226\"><strong data-start=\"2197\" data-end=\"2224\">Pourquoi choisir RaaS ?<\/strong><\/h5>\n<ul data-start=\"2228\" data-end=\"2841\">\n<li data-start=\"2228\" data-end=\"2373\"><strong data-start=\"2230\" data-end=\"2275\">Fid\u00e9lisation client &amp; marges plus \u00e9lev\u00e9es<\/strong> : Au lieu de ventes uniques, les fabricants et distributeurs b\u00e9n\u00e9ficient de revenus r\u00e9currents.<\/li>\n<li data-start=\"2374\" data-end=\"2474\"><strong data-start=\"2376\" data-end=\"2408\">Pr\u00e9servation de la liquidit\u00e9<\/strong> : La position de loueur garantit un contr\u00f4le financier optimal.<\/li>\n<li data-start=\"2475\" data-end=\"2645\"><strong data-start=\"2477\" data-end=\"2503\">Flexibilit\u00e9 &amp; contr\u00f4le<\/strong> : Les fabricants conservent leurs produits tout au long du cycle de vie, y compris la remise \u00e0 neuf et la revente sur le march\u00e9 secondaire.<\/li>\n<li data-start=\"2646\" data-end=\"2841\"><strong data-start=\"2648\" data-end=\"2674\">Avantage concurrentiel<\/strong> : Les entreprises de taille moyenne ont acc\u00e8s \u00e0 des mod\u00e8les modernes de paiement \u00e0 l&#8217;usage et de services \u00e0 la demande, auparavant r\u00e9serv\u00e9s aux grandes entreprises.<\/li>\n<\/ul>\n<p data-start=\"2843\" data-end=\"3205\">La soci\u00e9t\u00e9 de leasing joue le r\u00f4le de d\u00e9partement financier, tandis que les fabricants peuvent influencer les tarifs de leasing et concevoir des mod\u00e8les d&#8217;utilisation attractifs. Plut\u00f4t que d\u2019accorder des remises dans la vente traditionnelle, le RaaS permet de g\u00e9n\u00e9rer des revenus suppl\u00e9mentaires gr\u00e2ce \u00e0 la relocation et \u00e0 la revente sur le march\u00e9 secondaire.<\/p>\n<h5 data-start=\"3207\" data-end=\"3269\"><strong data-start=\"3211\" data-end=\"3267\">Objectifs des fabricants &amp; distributeurs avec RaaS :<\/strong><\/h5>\n<p data-start=\"3271\" data-end=\"3474\">\u2714 Augmentation des marges globales<br data-start=\"3305\" data-end=\"3308\" \/>\u2714 Renforcement de la fid\u00e9lisation client<br data-start=\"3348\" data-end=\"3351\" \/>\u2714 Croissance du chiffre d\u2019affaires &amp; gain de parts de march\u00e9<br data-start=\"3411\" data-end=\"3414\" \/>\u2714 Am\u00e9lioration de la liquidit\u00e9 &amp; du ratio de fonds propres<\/p>\n<p data-start=\"3476\" data-end=\"3613\" data-is-last-node=\"\">Avec RaaS, les entreprises adoptent <strong data-start=\"3512\" data-end=\"3560\">une strat\u00e9gie de vente tourn\u00e9e vers l\u2019avenir<\/strong> et b\u00e9n\u00e9ficient <strong data-start=\"3576\" data-end=\"3612\">d\u2019avantages \u00e9conomiques durables<\/strong>.<\/p>\n\t\t\t\t\t\t\t\t<\/div>\n\t\t\t\t<\/div>\n\t\t\t\t\t<\/div>\n\t\t<\/div>\n\t\t\t\t<div class=\"has_eae_slider elementor-column elementor-col-50 elementor-top-column elementor-element elementor-element-07238f2\" data-eae-slider=\"57580\" data-id=\"07238f2\" data-element_type=\"column\" data-e-type=\"column\">\n\t\t\t<div class=\"elementor-widget-wrap elementor-element-populated\">\n\t\t\t\t\t\t<div class=\"elementor-element elementor-element-6c82aec elementor-widget elementor-widget-image\" data-id=\"6c82aec\" data-element_type=\"widget\" data-e-type=\"widget\" data-widget_type=\"image.default\">\n\t\t\t\t<div class=\"elementor-widget-container\">\n\t\t\t\t\t\t\t\t\t\t\t\t\t\t\t<img decoding=\"async\" width=\"300\" height=\"149\" src=\"https:\/\/schokoma.de\/wp-content\/uploads\/2025\/02\/logo-raas-future-of-sales-financing-300x149.jpg\" class=\"attachment-medium size-medium wp-image-60597\" alt=\"\" srcset=\"https:\/\/schokoma.de\/wp-content\/uploads\/2025\/02\/logo-raas-future-of-sales-financing-300x149.jpg 300w, https:\/\/schokoma.de\/wp-content\/uploads\/2025\/02\/logo-raas-future-of-sales-financing.jpg 403w\" sizes=\"(max-width: 300px) 100vw, 300px\" \/>\t\t\t\t\t\t\t\t\t\t\t\t\t\t\t<\/div>\n\t\t\t\t<\/div>\n\t\t\t\t<div class=\"elementor-element elementor-element-8e6b997 elementor-widget elementor-widget-text-editor\" data-id=\"8e6b997\" data-element_type=\"widget\" data-e-type=\"widget\" data-widget_type=\"text-editor.default\">\n\t\t\t\t<div class=\"elementor-widget-container\">\n\t\t\t\t\t\t\t\t\t<h3>RaaS \u2013 Rental as a Service<\/h3>\n<pre id=\"tw-target-text\" class=\"tw-data-text tw-text-large tw-ta\" dir=\"ltr\" data-placeholder=\"\u00dcbersetzung\" data-ved=\"2ahUKEwjGiY_M5sKLAxWDhv0HHcU_GSMQ3ewLegQIBxAV\" aria-label=\"\u00dcbersetzter Text: Monsieur\"><span class=\"Y2IQFc\" lang=\"fr\">Monsieur <\/span>Wolfgang Fuchs<\/pre>\n<p>Weichselstr. 55, 51371 Rheindorf (Leverkusen)<\/p>\n<pre id=\"tw-target-text\" class=\"tw-data-text tw-text-large tw-ta\" dir=\"ltr\" data-placeholder=\"\u00dcbersetzung\" data-ved=\"2ahUKEwjGiY_M5sKLAxWDhv0HHcU_GSMQ3ewLegQIBxAV\" aria-label=\"\u00dcbersetzter Text: T\u00e9l\u00e9phone\r\nCourrier\r\nWeb\"><span class=\"Y2IQFc\" lang=\"fr\">T\u00e9l\u00e9phone<\/span>: <a href=\"tel:004921487093664\">+49 (0) 214 \/ 870 936 64<\/a>\r\nE-Mail: <a href=\"mailto:wf@raas-leasing.de\">wf@raas-leasing.de<\/a>\r\nWeb: <a href=\"https:\/\/www.raas-finance.de\/\">www.raas-finance.de<\/a><\/pre>\n\t\t\t\t\t\t\t\t<\/div>\n\t\t\t\t<\/div>\n\t\t\t\t\t<\/div>\n\t\t<\/div>\n\t\t\t\t\t<\/div>\n\t\t<\/section>\n\t\t\t\t<\/div>\n\t\t","protected":false},"excerpt":{"rendered":"<p>Avez-vous re\u00e7u une offre de notre part ? Nous avons un partenaire solide pour votre investissement dans l&#8217;avenir. RaaS \u2013 Le mod\u00e8le d&#8217;utilisation innovant pour une comp\u00e9titivit\u00e9 accrue De plus en plus d\u2019entreprises abandonnent la vente classique au profit de mod\u00e8les \u00e9conomiques bas\u00e9s sur la location ou le leasing. Avec Rental as a Service (RaaS), [&hellip;]<\/p>\n","protected":false},"author":2,"featured_media":28810,"parent":43831,"menu_order":0,"comment_status":"closed","ping_status":"closed","template":"","meta":{"footnotes":""},"class_list":["post-43833","page","type-page","status-publish","has-post-thumbnail","hentry"],"_links":{"self":[{"href":"https:\/\/schokoma.de\/fr\/wp-json\/wp\/v2\/pages\/43833","targetHints":{"allow":["GET"]}}],"collection":[{"href":"https:\/\/schokoma.de\/fr\/wp-json\/wp\/v2\/pages"}],"about":[{"href":"https:\/\/schokoma.de\/fr\/wp-json\/wp\/v2\/types\/page"}],"author":[{"embeddable":true,"href":"https:\/\/schokoma.de\/fr\/wp-json\/wp\/v2\/users\/2"}],"replies":[{"embeddable":true,"href":"https:\/\/schokoma.de\/fr\/wp-json\/wp\/v2\/comments?post=43833"}],"version-history":[{"count":3,"href":"https:\/\/schokoma.de\/fr\/wp-json\/wp\/v2\/pages\/43833\/revisions"}],"predecessor-version":[{"id":60605,"href":"https:\/\/schokoma.de\/fr\/wp-json\/wp\/v2\/pages\/43833\/revisions\/60605"}],"up":[{"embeddable":true,"href":"https:\/\/schokoma.de\/fr\/wp-json\/wp\/v2\/pages\/43831"}],"wp:featuredmedia":[{"embeddable":true,"href":"https:\/\/schokoma.de\/fr\/wp-json\/wp\/v2\/media\/28810"}],"wp:attachment":[{"href":"https:\/\/schokoma.de\/fr\/wp-json\/wp\/v2\/media?parent=43833"}],"curies":[{"name":"wp","href":"https:\/\/api.w.org\/{rel}","templated":true}]}}