{"id":43824,"date":"2021-11-11T08:14:02","date_gmt":"2021-11-11T07:14:02","guid":{"rendered":"https:\/\/temper-doctor.com\/contact\/"},"modified":"2025-10-24T11:09:51","modified_gmt":"2025-10-24T09:09:51","slug":"contact","status":"publish","type":"page","link":"https:\/\/schokoma.de\/fr\/contact\/","title":{"rendered":"Contact"},"content":{"rendered":"\t\t<div data-elementor-type=\"wp-page\" data-elementor-id=\"43824\" class=\"elementor elementor-43824 elementor-204\" data-elementor-post-type=\"page\">\n\t\t\t\t\t\t<section class=\"has_eae_slider elementor-section elementor-top-section elementor-element elementor-element-e445ffe elementor-section-boxed elementor-section-height-default elementor-section-height-default\" data-eae-slider=\"14673\" data-id=\"e445ffe\" data-element_type=\"section\" data-e-type=\"section\">\n\t\t\t\t\t\t<div class=\"elementor-container elementor-column-gap-default\">\n\t\t\t\t\t<div class=\"has_eae_slider elementor-column elementor-col-50 elementor-top-column elementor-element elementor-element-7770803\" data-eae-slider=\"79286\" data-id=\"7770803\" data-element_type=\"column\" data-e-type=\"column\">\n\t\t\t<div class=\"elementor-widget-wrap elementor-element-populated\">\n\t\t\t\t\t\t<div class=\"elementor-element elementor-element-11de996 elementor-widget elementor-widget-heading\" data-id=\"11de996\" data-element_type=\"widget\" data-e-type=\"widget\" data-widget_type=\"heading.default\">\n\t\t\t\t<div class=\"elementor-widget-container\">\n\t\t\t\t\t<h3 class=\"elementor-heading-title elementor-size-default\">formulaire de contact<\/h3>\t\t\t\t<\/div>\n\t\t\t\t<\/div>\n\t\t\t\t<div class=\"elementor-element elementor-element-b8b423d elementor-button-align-start elementor-widget elementor-widget-form\" data-id=\"b8b423d\" data-element_type=\"widget\" data-e-type=\"widget\" data-settings=\"{&quot;step_next_label&quot;:&quot;la plus proche&quot;,&quot;step_previous_label&quot;:&quot;pr\\u00e9c\\u00e9dent&quot;,&quot;button_width&quot;:&quot;100&quot;,&quot;step_type&quot;:&quot;number_text&quot;,&quot;step_icon_shape&quot;:&quot;circle&quot;}\" data-widget_type=\"form.default\">\n\t\t\t\t<div class=\"elementor-widget-container\">\n\t\t\t\t\t\t\t<form class=\"elementor-form\" method=\"post\" name=\"Kontaktformular FR\" aria-label=\"Kontaktformular FR\">\n\t\t\t<input type=\"hidden\" name=\"post_id\" value=\"43824\"\/>\n\t\t\t<input type=\"hidden\" name=\"form_id\" value=\"b8b423d\"\/>\n\t\t\t<input type=\"hidden\" name=\"referer_title\" value=\"Contact\" \/>\n\n\t\t\t\t\t\t\t<input type=\"hidden\" name=\"queried_id\" value=\"43824\"\/>\n\t\t\t\n\t\t\t<div class=\"elementor-form-fields-wrapper elementor-labels-above\">\n\t\t\t\t\t\t\t\t<div class=\"elementor-field-type-text elementor-field-group elementor-column elementor-field-group-field_41ae896 elementor-col-100 elementor-field-required elementor-mark-required\">\n\t\t\t\t\t\t\t\t\t\t\t\t<label for=\"form-field-field_41ae896\" class=\"elementor-field-label\">\n\t\t\t\t\t\t\t\tEntreprise\t\t\t\t\t\t\t<\/label>\n\t\t\t\t\t\t\t\t\t\t\t\t\t\t<input size=\"1\" type=\"text\" name=\"form_fields[field_41ae896]\" id=\"form-field-field_41ae896\" class=\"elementor-field elementor-size-md  elementor-field-textual\" placeholder=\"Le nom de votre soci\u00e9t\u00e9\" required=\"required\">\n\t\t\t\t\t\t\t\t\t\t\t<\/div>\n\t\t\t\t\t\t\t\t<div class=\"elementor-field-type-text elementor-field-group elementor-column elementor-field-group-name elementor-col-50 elementor-field-required elementor-mark-required\">\n\t\t\t\t\t\t\t\t\t\t\t\t<label for=\"form-field-name\" class=\"elementor-field-label\">\n\t\t\t\t\t\t\t\tPr\u00e9nom\t\t\t\t\t\t\t<\/label>\n\t\t\t\t\t\t\t\t\t\t\t\t\t\t<input size=\"1\" type=\"text\" name=\"form_fields[name]\" id=\"form-field-name\" class=\"elementor-field elementor-size-md  elementor-field-textual\" placeholder=\"Ton pr\u00e9nom\" required=\"required\">\n\t\t\t\t\t\t\t\t\t\t\t<\/div>\n\t\t\t\t\t\t\t\t<div class=\"elementor-field-type-text elementor-field-group elementor-column elementor-field-group-field_23ea08b elementor-col-50 elementor-field-required elementor-mark-required\">\n\t\t\t\t\t\t\t\t\t\t\t\t<label for=\"form-field-field_23ea08b\" class=\"elementor-field-label\">\n\t\t\t\t\t\t\t\tNom de famille\t\t\t\t\t\t\t<\/label>\n\t\t\t\t\t\t\t\t\t\t\t\t\t\t<input size=\"1\" type=\"text\" name=\"form_fields[field_23ea08b]\" id=\"form-field-field_23ea08b\" class=\"elementor-field elementor-size-md  elementor-field-textual\" placeholder=\"Votre nom de famille\" required=\"required\">\n\t\t\t\t\t\t\t\t\t\t\t<\/div>\n\t\t\t\t\t\t\t\t<div class=\"elementor-field-type-email elementor-field-group elementor-column elementor-field-group-email elementor-col-50 elementor-field-required elementor-mark-required\">\n\t\t\t\t\t\t\t\t\t\t\t\t<label for=\"form-field-email\" class=\"elementor-field-label\">\n\t\t\t\t\t\t\t\tE-Mail\t\t\t\t\t\t\t<\/label>\n\t\t\t\t\t\t\t\t\t\t\t\t\t\t<input size=\"1\" type=\"email\" name=\"form_fields[email]\" id=\"form-field-email\" class=\"elementor-field elementor-size-md  elementor-field-textual\" placeholder=\"Votre e-mail\" required=\"required\">\n\t\t\t\t\t\t\t\t\t\t\t<\/div>\n\t\t\t\t\t\t\t\t<div class=\"elementor-field-type-tel elementor-field-group elementor-column elementor-field-group-field_dbea257 elementor-col-50\">\n\t\t\t\t\t\t\t\t\t\t\t\t<label for=\"form-field-field_dbea257\" class=\"elementor-field-label\">\n\t\t\t\t\t\t\t\tNum\u00e9ro de t\u00e9l\u00e9phone\t\t\t\t\t\t\t<\/label>\n\t\t\t\t\t\t\t\t<input size=\"1\" type=\"tel\" name=\"form_fields[field_dbea257]\" id=\"form-field-field_dbea257\" class=\"elementor-field elementor-size-md  elementor-field-textual\" placeholder=\"Votre num\u00e9ro de t\u00e9l\u00e9phone\" pattern=\"[0-9()#&amp;+*-=.]+\" title=\"Seuls les caract\u00e8res de num\u00e9ros de t\u00e9l\u00e9phone (#, -, *, etc.) sont accept\u00e9s.\">\n\n\t\t\t\t\t\t<\/div>\n\t\t\t\t\t\t\t\t<div class=\"elementor-field-type-text elementor-field-group elementor-column elementor-field-group-field_2ca261a elementor-col-100\">\n\t\t\t\t\t\t\t\t\t\t\t\t<label for=\"form-field-field_2ca261a\" class=\"elementor-field-label\">\n\t\t\t\t\t\t\t\tRue + num\u00e9ro de maison\t\t\t\t\t\t\t<\/label>\n\t\t\t\t\t\t\t\t\t\t\t\t\t\t<input size=\"1\" type=\"text\" name=\"form_fields[field_2ca261a]\" id=\"form-field-field_2ca261a\" class=\"elementor-field elementor-size-md  elementor-field-textual\" placeholder=\"Votre rue + num\u00e9ro de maison\">\n\t\t\t\t\t\t\t\t\t\t\t<\/div>\n\t\t\t\t\t\t\t\t<div class=\"elementor-field-type-text elementor-field-group elementor-column elementor-field-group-field_a769dd9 elementor-col-50\">\n\t\t\t\t\t\t\t\t\t\t\t\t<label for=\"form-field-field_a769dd9\" class=\"elementor-field-label\">\n\t\t\t\t\t\t\t\tCode Postal\t\t\t\t\t\t\t<\/label>\n\t\t\t\t\t\t\t\t\t\t\t\t\t\t<input size=\"1\" type=\"text\" name=\"form_fields[field_a769dd9]\" id=\"form-field-field_a769dd9\" class=\"elementor-field elementor-size-md  elementor-field-textual\" placeholder=\"Votre code postal\">\n\t\t\t\t\t\t\t\t\t\t\t<\/div>\n\t\t\t\t\t\t\t\t<div class=\"elementor-field-type-text elementor-field-group elementor-column elementor-field-group-field_628f450 elementor-col-50\">\n\t\t\t\t\t\t\t\t\t\t\t\t<label for=\"form-field-field_628f450\" class=\"elementor-field-label\">\n\t\t\t\t\t\t\t\tVille\t\t\t\t\t\t\t<\/label>\n\t\t\t\t\t\t\t\t\t\t\t\t\t\t<input size=\"1\" type=\"text\" name=\"form_fields[field_628f450]\" id=\"form-field-field_628f450\" class=\"elementor-field elementor-size-md  elementor-field-textual\" placeholder=\"Ta ville\">\n\t\t\t\t\t\t\t\t\t\t\t<\/div>\n\t\t\t\t\t\t\t\t<div class=\"elementor-field-type-textarea elementor-field-group elementor-column elementor-field-group-message elementor-col-100\">\n\t\t\t\t\t\t\t\t\t\t\t\t<label for=\"form-field-message\" class=\"elementor-field-label\">\n\t\t\t\t\t\t\t\tNouvelles\t\t\t\t\t\t\t<\/label>\n\t\t\t\t\t\t<textarea class=\"elementor-field-textual elementor-field  elementor-size-md\" name=\"form_fields[message]\" id=\"form-field-message\" rows=\"4\" placeholder=\"Nouvelles\"><\/textarea>\t\t\t\t<\/div>\n\t\t\t\t\t\t\t\t<div class=\"elementor-field-type-acceptance elementor-field-group elementor-column elementor-field-group-field_e0e42e4 elementor-col-100 elementor-field-required elementor-mark-required\">\n\t\t\t\t\t\t\t\t\t\t\t\t<label for=\"form-field-field_e0e42e4\" class=\"elementor-field-label\">\n\t\t\t\t\t\t\t\tIntimit\u00e9\t\t\t\t\t\t\t<\/label>\n\t\t\t\t\t\t\t\t<div class=\"elementor-field-subgroup\">\n\t\t\t<span class=\"elementor-field-option\">\n\t\t\t\t<input type=\"checkbox\" name=\"form_fields[field_e0e42e4]\" id=\"form-field-field_e0e42e4\" class=\"elementor-field elementor-size-md  elementor-acceptance-field\" required=\"required\">\n\t\t\t\t<label for=\"form-field-field_e0e42e4\">J'ai lu la <a href=\"https:\/\/temper-doctor.com\/datenschutzerklaerung\/\">Politique de confidentialit\u00e9<\/a>. J'accepte que mes coordonn\u00e9es et donn\u00e9es soient collect\u00e9es et stock\u00e9es \u00e9lectroniquement pour r\u00e9pondre \u00e0 ma demande<\/label>\t\t\t<\/span>\n\t\t<\/div>\n\t\t\t\t\t\t<\/div>\n\t\t\t\t\t\t\t\t<div class=\"elementor-field-group elementor-column elementor-field-type-submit elementor-col-100 e-form__buttons\">\n\t\t\t\t\t<button class=\"elementor-button elementor-size-md elementor-animation-pulse\" type=\"submit\">\n\t\t\t\t\t\t<span class=\"elementor-button-content-wrapper\">\n\t\t\t\t\t\t\t\t\t\t\t\t\t\t\t\t\t\t\t\t\t\t<span class=\"elementor-button-text\">Soumettre<\/span>\n\t\t\t\t\t\t\t\t\t\t\t\t\t<\/span>\n\t\t\t\t\t<\/button>\n\t\t\t\t<\/div>\n\t\t\t<\/div>\n\t\t<\/form>\n\t\t\t\t\t\t<\/div>\n\t\t\t\t<\/div>\n\t\t\t\t\t<\/div>\n\t\t<\/div>\n\t\t\t\t<div class=\"has_eae_slider elementor-column elementor-col-50 elementor-top-column elementor-element elementor-element-c61557a\" data-eae-slider=\"225\" data-id=\"c61557a\" data-element_type=\"column\" data-e-type=\"column\">\n\t\t\t<div class=\"elementor-widget-wrap elementor-element-populated\">\n\t\t\t\t\t\t<div class=\"elementor-element elementor-element-1e1710d elementor-view-framed elementor-shape-circle elementor-position-block-start elementor-mobile-position-block-start elementor-widget elementor-widget-icon-box\" data-id=\"1e1710d\" data-element_type=\"widget\" data-e-type=\"widget\" data-widget_type=\"icon-box.default\">\n\t\t\t\t<div class=\"elementor-widget-container\">\n\t\t\t\t\t\t\t<div class=\"elementor-icon-box-wrapper\">\n\n\t\t\t\t\t\t<div class=\"elementor-icon-box-icon\">\n\t\t\t\t<span  class=\"elementor-icon\">\n\t\t\t\t<svg xmlns=\"http:\/\/www.w3.org\/2000\/svg\" height=\"512\" viewBox=\"0 0 520 520\" width=\"512\"><g id=\"_x33_42_x5F_9_-_Layer_9_x2C__Apartment_x2C__building_x2C__city_hotel\"><g><g><g><g><path d=\"m420 495h-320c-2.761 0-5-2.238-5-5v-350c0-2.761 2.239-5 5-5h320c2.762 0 5 2.239 5 5v350c0 2.762-2.238 5-5 5zm-315-10h310v-340h-310z\"><\/path><\/g><g><path d=\"m450 145h-30c-2.762 0-5-2.239-5-5s2.238-5 5-5h25v-50h-370v50h35c2.761 0 5 2.239 5 5s-2.239 5-5 5h-40c-2.761 0-5-2.239-5-5v-60c0-2.761 2.239-5 5-5h380c2.762 0 5 2.239 5 5v60c0 2.761-2.238 5-5 5z\"><\/path><\/g><g><path d=\"m370 85c-2.762 0-5-2.239-5-5v-45h-210v45c0 2.761-2.239 5-5 5s-5-2.239-5-5v-50c0-2.761 2.239-5 5-5h220c2.762 0 5 2.239 5 5v50c0 2.761-2.238 5-5 5z\"><\/path><\/g><\/g><g><path d=\"m330 495c-2.762 0-5-2.238-5-5v-145h-130v145c0 2.762-2.239 5-5 5s-5-2.238-5-5v-150c0-2.762 2.239-5 5-5h140c2.762 0 5 2.238 5 5v150c0 2.762-2.238 5-5 5z\"><\/path><\/g><g><path d=\"m260 495c-2.762 0-5-2.238-5-5v-150c0-2.762 2.238-5 5-5s5 2.238 5 5v150c0 2.762-2.238 5-5 5z\"><\/path><\/g><g><g><path d=\"m200 225h-40c-2.761 0-5-2.239-5-5v-40c0-2.761 2.239-5 5-5h40c2.761 0 5 2.239 5 5v40c0 2.761-2.239 5-5 5zm-35-10h30v-30h-30z\"><\/path><\/g><g><path d=\"m280 225h-40c-2.761 0-5-2.239-5-5v-40c0-2.761 2.239-5 5-5h40c2.762 0 5 2.239 5 5v40c0 2.761-2.238 5-5 5zm-35-10h30v-30h-30z\"><\/path><\/g><g><path d=\"m360 225h-40c-2.762 0-5-2.239-5-5v-40c0-2.761 2.238-5 5-5h40c2.762 0 5 2.239 5 5v40c0 2.761-2.238 5-5 5zm-35-10h30v-30h-30z\"><\/path><\/g><\/g><g><g><path d=\"m200 305h-40c-2.761 0-5-2.238-5-5v-40c0-2.762 2.239-5 5-5h40c2.761 0 5 2.238 5 5v40c0 2.762-2.239 5-5 5zm-35-10h30v-30h-30z\"><\/path><\/g><g><path d=\"m280 305h-40c-2.761 0-5-2.238-5-5v-40c0-2.762 2.239-5 5-5h40c2.762 0 5 2.238 5 5v40c0 2.762-2.238 5-5 5zm-35-10h30v-30h-30z\"><\/path><\/g><g><path d=\"m360 305h-40c-2.762 0-5-2.238-5-5v-40c0-2.762 2.238-5 5-5h40c2.762 0 5 2.238 5 5v40c0 2.762-2.238 5-5 5zm-35-10h30v-30h-30z\"><\/path><\/g><\/g><g><path d=\"m330 115h-260c-2.761 0-5-2.239-5-5s2.239-5 5-5h260c2.762 0 5 2.239 5 5s-2.238 5-5 5z\"><\/path><\/g><g><g><path d=\"m50 495c-2.761 0-5-2.238-5-5v-40c0-2.762 2.239-5 5-5s5 2.238 5 5v40c0 2.762-2.239 5-5 5z\"><\/path><\/g><g><path d=\"m50 455c-14.252 0-25-19.346-25-45s10.748-45 25-45 25 19.346 25 45-10.748 45-25 45zm0-80c-7.081 0-15 14.968-15 35s7.919 35 15 35 15-14.968 15-35-7.919-35-15-35z\"><\/path><\/g><\/g><g><g><path d=\"m470 495c-2.762 0-5-2.238-5-5v-40c0-2.762 2.238-5 5-5s5 2.238 5 5v40c0 2.762-2.238 5-5 5z\"><\/path><\/g><g><path d=\"m470 455c-14.252 0-25-19.346-25-45s10.748-45 25-45 25 19.346 25 45-10.748 45-25 45zm0-80c-7.081 0-15 14.968-15 35s7.919 35 15 35 15-14.968 15-35-7.919-35-15-35z\"><\/path><\/g><\/g><g><path d=\"m490 495h-460c-2.761 0-5-2.238-5-5s2.239-5 5-5h460c2.762 0 5 2.238 5 5s-2.238 5-5 5z\"><\/path><\/g><g><path d=\"m460 315c-2.762 0-5-2.238-5-5v-120c0-2.761 2.238-5 5-5s5 2.239 5 5v120c0 2.762-2.238 5-5 5z\"><\/path><\/g><g><path d=\"m60 315c-2.761 0-5-2.238-5-5v-120c0-2.761 2.239-5 5-5s5 2.239 5 5v120c0 2.762-2.239 5-5 5z\"><\/path><\/g><\/g><\/g><\/g><\/svg>\t\t\t\t<\/span>\n\t\t\t<\/div>\n\t\t\t\n\t\t\t\t\t\t<div class=\"elementor-icon-box-content\">\n\n\t\t\t\t\t\t\t\t\t<h4 class=\"elementor-icon-box-title\">\n\t\t\t\t\t\t<span  >\n\t\t\t\t\t\t\tRendez nous visite!\t\t\t\t\t\t<\/span>\n\t\t\t\t\t<\/h4>\n\t\t\t\t\n\t\t\t\t\t\t\t\t\t<p class=\"elementor-icon-box-description\">\n\t\t\t\t\t\tNiersweg 84\r\n47877 Willich-Neersen\r\nAllemagne\t\t\t\t\t<\/p>\n\t\t\t\t\n\t\t\t<\/div>\n\t\t\t\n\t\t<\/div>\n\t\t\t\t\t\t<\/div>\n\t\t\t\t<\/div>\n\t\t\t\t<div class=\"elementor-element elementor-element-3cbf855 elementor-widget elementor-widget-spacer\" data-id=\"3cbf855\" data-element_type=\"widget\" data-e-type=\"widget\" data-widget_type=\"spacer.default\">\n\t\t\t\t<div class=\"elementor-widget-container\">\n\t\t\t\t\t\t\t<div class=\"elementor-spacer\">\n\t\t\t<div class=\"elementor-spacer-inner\"><\/div>\n\t\t<\/div>\n\t\t\t\t\t\t<\/div>\n\t\t\t\t<\/div>\n\t\t\t\t<div class=\"elementor-element elementor-element-4be17aa elementor-view-framed elementor-shape-circle elementor-position-block-start elementor-mobile-position-block-start elementor-widget elementor-widget-icon-box\" data-id=\"4be17aa\" data-element_type=\"widget\" data-e-type=\"widget\" data-widget_type=\"icon-box.default\">\n\t\t\t\t<div class=\"elementor-widget-container\">\n\t\t\t\t\t\t\t<div class=\"elementor-icon-box-wrapper\">\n\n\t\t\t\t\t\t<div class=\"elementor-icon-box-icon\">\n\t\t\t\t<span  class=\"elementor-icon\">\n\t\t\t\t<svg xmlns=\"http:\/\/www.w3.org\/2000\/svg\" id=\"Icons\" height=\"512\" viewBox=\"0 0 74 74\" width=\"512\"><path d=\"m26.22 60.78h-2.9a1 1 0 1 1 0-2h2.9a1 1 0 0 1 0 2z\"><\/path><path d=\"m62.2 60.78h-19.01a1 1 0 0 1 0-2h19.01a1 1 0 0 0 1-1v-11.21a1.006 1.006 0 0 0 -.379-.783l-10.127-8.127a1 1 0 0 1 -.374-.78v-8.74h-30.64v8.74a1 1 0 0 1 -.374.78l-10.13 8.13a1 1 0 0 0 -.376.78v11.21a1 1 0 0 0 1 1h4.52a1 1 0 0 1 0 2h-4.52a3 3 0 0 1 -3-3v-11.21a3 3 0 0 1 1.121-2.338l9.759-7.832v-9.26a1 1 0 0 1 1-1h32.64a1 1 0 0 1 1 1v9.26l9.756 7.83a3 3 0 0 1 1.124 2.34v11.21a3 3 0 0 1 -3 3z\"><\/path><path d=\"m36.19 60.78h-2.97a1 1 0 0 1 0-2h2.97a1 1 0 0 1 0 2z\"><\/path><path d=\"m68.28 36.517h-12.24a3.724 3.724 0 0 1 -3.72-3.72v-4.657h-30.64v4.66a3.724 3.724 0 0 1 -3.72 3.72h-12.24a3.724 3.724 0 0 1 -3.72-3.72v-5.34c0-8.785 11.775-13.24 35-13.24s35 4.455 35 13.24v5.34a3.724 3.724 0 0 1 -3.72 3.717zm-47.6-10.377h32.64a1 1 0 0 1 1 1v5.66a1.722 1.722 0 0 0 1.72 1.72h12.24a1.722 1.722 0 0 0 1.72-1.72v-5.34c0-7.353-11.411-11.24-33-11.24s-33 3.887-33 11.24v5.34a1.722 1.722 0 0 0 1.72 1.72h12.24a1.722 1.722 0 0 0 1.72-1.72v-5.66a1 1 0 0 1 1-1z\"><\/path><path d=\"m37 55a9.625 9.625 0 1 1 9.625-9.625 9.636 9.636 0 0 1 -9.625 9.625zm0-17.25a7.625 7.625 0 1 0 7.625 7.625 7.634 7.634 0 0 0 -7.625-7.625z\"><\/path><\/svg>\t\t\t\t<\/span>\n\t\t\t<\/div>\n\t\t\t\n\t\t\t\t\t\t<div class=\"elementor-icon-box-content\">\n\n\t\t\t\t\t\t\t\t\t<h4 class=\"elementor-icon-box-title\">\n\t\t\t\t\t\t<span  >\n\t\t\t\t\t\t\tAppelez-nous!\t\t\t\t\t\t<\/span>\n\t\t\t\t\t<\/h4>\n\t\t\t\t\n\t\t\t\t\t\t\t\t\t<p class=\"elementor-icon-box-description\">\n\t\t\t\t\t\tS\u00e8che-cheveux: <a href=\"tel.00490215649660\">+49 (0) 21 56. 496 60<\/a>\t\t\t\t\t<\/p>\n\t\t\t\t\n\t\t\t<\/div>\n\t\t\t\n\t\t<\/div>\n\t\t\t\t\t\t<\/div>\n\t\t\t\t<\/div>\n\t\t\t\t<div class=\"elementor-element elementor-element-beeea30 elementor-widget elementor-widget-spacer\" data-id=\"beeea30\" data-element_type=\"widget\" data-e-type=\"widget\" data-widget_type=\"spacer.default\">\n\t\t\t\t<div class=\"elementor-widget-container\">\n\t\t\t\t\t\t\t<div class=\"elementor-spacer\">\n\t\t\t<div class=\"elementor-spacer-inner\"><\/div>\n\t\t<\/div>\n\t\t\t\t\t\t<\/div>\n\t\t\t\t<\/div>\n\t\t\t\t<div class=\"elementor-element elementor-element-7687c4f elementor-view-framed elementor-shape-circle elementor-position-block-start elementor-mobile-position-block-start elementor-widget elementor-widget-icon-box\" data-id=\"7687c4f\" data-element_type=\"widget\" data-e-type=\"widget\" data-widget_type=\"icon-box.default\">\n\t\t\t\t<div class=\"elementor-widget-container\">\n\t\t\t\t\t\t\t<div class=\"elementor-icon-box-wrapper\">\n\n\t\t\t\t\t\t<div class=\"elementor-icon-box-icon\">\n\t\t\t\t<span  class=\"elementor-icon\">\n\t\t\t\t<svg xmlns=\"http:\/\/www.w3.org\/2000\/svg\" height=\"512\" viewBox=\"0 0 520 520\" width=\"512\"><g id=\"_x33_42_x5F_9_-_Layer_9_x2C__Apartment_x2C__building_x2C__city_hotel\"><g><g><g><g><path d=\"m420 495h-320c-2.761 0-5-2.238-5-5v-350c0-2.761 2.239-5 5-5h320c2.762 0 5 2.239 5 5v350c0 2.762-2.238 5-5 5zm-315-10h310v-340h-310z\"><\/path><\/g><g><path d=\"m450 145h-30c-2.762 0-5-2.239-5-5s2.238-5 5-5h25v-50h-370v50h35c2.761 0 5 2.239 5 5s-2.239 5-5 5h-40c-2.761 0-5-2.239-5-5v-60c0-2.761 2.239-5 5-5h380c2.762 0 5 2.239 5 5v60c0 2.761-2.238 5-5 5z\"><\/path><\/g><g><path d=\"m370 85c-2.762 0-5-2.239-5-5v-45h-210v45c0 2.761-2.239 5-5 5s-5-2.239-5-5v-50c0-2.761 2.239-5 5-5h220c2.762 0 5 2.239 5 5v50c0 2.761-2.238 5-5 5z\"><\/path><\/g><\/g><g><path d=\"m330 495c-2.762 0-5-2.238-5-5v-145h-130v145c0 2.762-2.239 5-5 5s-5-2.238-5-5v-150c0-2.762 2.239-5 5-5h140c2.762 0 5 2.238 5 5v150c0 2.762-2.238 5-5 5z\"><\/path><\/g><g><path d=\"m260 495c-2.762 0-5-2.238-5-5v-150c0-2.762 2.238-5 5-5s5 2.238 5 5v150c0 2.762-2.238 5-5 5z\"><\/path><\/g><g><g><path d=\"m200 225h-40c-2.761 0-5-2.239-5-5v-40c0-2.761 2.239-5 5-5h40c2.761 0 5 2.239 5 5v40c0 2.761-2.239 5-5 5zm-35-10h30v-30h-30z\"><\/path><\/g><g><path d=\"m280 225h-40c-2.761 0-5-2.239-5-5v-40c0-2.761 2.239-5 5-5h40c2.762 0 5 2.239 5 5v40c0 2.761-2.238 5-5 5zm-35-10h30v-30h-30z\"><\/path><\/g><g><path d=\"m360 225h-40c-2.762 0-5-2.239-5-5v-40c0-2.761 2.238-5 5-5h40c2.762 0 5 2.239 5 5v40c0 2.761-2.238 5-5 5zm-35-10h30v-30h-30z\"><\/path><\/g><\/g><g><g><path d=\"m200 305h-40c-2.761 0-5-2.238-5-5v-40c0-2.762 2.239-5 5-5h40c2.761 0 5 2.238 5 5v40c0 2.762-2.239 5-5 5zm-35-10h30v-30h-30z\"><\/path><\/g><g><path d=\"m280 305h-40c-2.761 0-5-2.238-5-5v-40c0-2.762 2.239-5 5-5h40c2.762 0 5 2.238 5 5v40c0 2.762-2.238 5-5 5zm-35-10h30v-30h-30z\"><\/path><\/g><g><path d=\"m360 305h-40c-2.762 0-5-2.238-5-5v-40c0-2.762 2.238-5 5-5h40c2.762 0 5 2.238 5 5v40c0 2.762-2.238 5-5 5zm-35-10h30v-30h-30z\"><\/path><\/g><\/g><g><path d=\"m330 115h-260c-2.761 0-5-2.239-5-5s2.239-5 5-5h260c2.762 0 5 2.239 5 5s-2.238 5-5 5z\"><\/path><\/g><g><g><path d=\"m50 495c-2.761 0-5-2.238-5-5v-40c0-2.762 2.239-5 5-5s5 2.238 5 5v40c0 2.762-2.239 5-5 5z\"><\/path><\/g><g><path d=\"m50 455c-14.252 0-25-19.346-25-45s10.748-45 25-45 25 19.346 25 45-10.748 45-25 45zm0-80c-7.081 0-15 14.968-15 35s7.919 35 15 35 15-14.968 15-35-7.919-35-15-35z\"><\/path><\/g><\/g><g><g><path d=\"m470 495c-2.762 0-5-2.238-5-5v-40c0-2.762 2.238-5 5-5s5 2.238 5 5v40c0 2.762-2.238 5-5 5z\"><\/path><\/g><g><path d=\"m470 455c-14.252 0-25-19.346-25-45s10.748-45 25-45 25 19.346 25 45-10.748 45-25 45zm0-80c-7.081 0-15 14.968-15 35s7.919 35 15 35 15-14.968 15-35-7.919-35-15-35z\"><\/path><\/g><\/g><g><path d=\"m490 495h-460c-2.761 0-5-2.238-5-5s2.239-5 5-5h460c2.762 0 5 2.238 5 5s-2.238 5-5 5z\"><\/path><\/g><g><path d=\"m460 315c-2.762 0-5-2.238-5-5v-120c0-2.761 2.238-5 5-5s5 2.239 5 5v120c0 2.762-2.238 5-5 5z\"><\/path><\/g><g><path d=\"m60 315c-2.761 0-5-2.238-5-5v-120c0-2.761 2.239-5 5-5s5 2.239 5 5v120c0 2.762-2.239 5-5 5z\"><\/path><\/g><\/g><\/g><\/g><\/svg>\t\t\t\t<\/span>\n\t\t\t<\/div>\n\t\t\t\n\t\t\t\t\t\t<div class=\"elementor-icon-box-content\">\n\n\t\t\t\t\t\t\t\t\t<h4 class=\"elementor-icon-box-title\">\n\t\t\t\t\t\t<span  >\n\t\t\t\t\t\t\t\u00c9crivez-nous!\t\t\t\t\t\t<\/span>\n\t\t\t\t\t<\/h4>\n\t\t\t\t\n\t\t\t\t\t\t\t\t\t<p class=\"elementor-icon-box-description\">\n\t\t\t\t\t\tCourrier: <a href=\"mailto:info@schokoma.de\" rel=\"\u201dnofollow\u201d\">info[at]schokoma.de<\/a>\t\t\t\t\t<\/p>\n\t\t\t\t\n\t\t\t<\/div>\n\t\t\t\n\t\t<\/div>\n\t\t\t\t\t\t<\/div>\n\t\t\t\t<\/div>\n\t\t\t\t\t<\/div>\n\t\t<\/div>\n\t\t\t\t\t<\/div>\n\t\t<\/section>\n\t\t\t\t<\/div>\n\t\t","protected":false},"excerpt":{"rendered":"<p>formulaire de contact Rendez nous visite! Niersweg 84 47877 Willich-Neersen Allemagne Appelez-nous! S\u00e8che-cheveux: +49 (0) 21 56. 496 60 \u00c9crivez-nous! Courrier: info[at]schokoma.de<\/p>\n","protected":false},"author":2,"featured_media":0,"parent":0,"menu_order":0,"comment_status":"closed","ping_status":"closed","template":"","meta":{"footnotes":""},"class_list":["post-43824","page","type-page","status-publish","hentry"],"_links":{"self":[{"href":"https:\/\/schokoma.de\/fr\/wp-json\/wp\/v2\/pages\/43824","targetHints":{"allow":["GET"]}}],"collection":[{"href":"https:\/\/schokoma.de\/fr\/wp-json\/wp\/v2\/pages"}],"about":[{"href":"https:\/\/schokoma.de\/fr\/wp-json\/wp\/v2\/types\/page"}],"author":[{"embeddable":true,"href":"https:\/\/schokoma.de\/fr\/wp-json\/wp\/v2\/users\/2"}],"replies":[{"embeddable":true,"href":"https:\/\/schokoma.de\/fr\/wp-json\/wp\/v2\/comments?post=43824"}],"version-history":[{"count":3,"href":"https:\/\/schokoma.de\/fr\/wp-json\/wp\/v2\/pages\/43824\/revisions"}],"predecessor-version":[{"id":61111,"href":"https:\/\/schokoma.de\/fr\/wp-json\/wp\/v2\/pages\/43824\/revisions\/61111"}],"wp:attachment":[{"href":"https:\/\/schokoma.de\/fr\/wp-json\/wp\/v2\/media?parent=43824"}],"curies":[{"name":"wp","href":"https:\/\/api.w.org\/{rel}","templated":true}]}}