{"id":43818,"date":"2021-11-11T07:57:28","date_gmt":"2021-11-11T06:57:28","guid":{"rendered":"https:\/\/temper-doctor.com\/avis-et-evaluation\/"},"modified":"2021-11-11T07:57:28","modified_gmt":"2021-11-11T06:57:28","slug":"avis-et-evaluation","status":"publish","type":"page","link":"https:\/\/schokoma.de\/fr\/prestations-de-service\/avis-et-evaluation\/","title":{"rendered":"AVIS ET \u00c9VALUATION"},"content":{"rendered":"\t\t<div data-elementor-type=\"wp-page\" data-elementor-id=\"43818\" class=\"elementor elementor-43818 elementor-28743\" data-elementor-post-type=\"page\">\n\t\t\t\t\t\t<section class=\"has_eae_slider elementor-section elementor-top-section elementor-element elementor-element-1ff4ef6 elementor-section-boxed elementor-section-height-default elementor-section-height-default\" data-eae-slider=\"58586\" data-id=\"1ff4ef6\" data-element_type=\"section\" data-e-type=\"section\">\n\t\t\t\t\t\t<div class=\"elementor-container elementor-column-gap-default\">\n\t\t\t\t\t<div class=\"has_eae_slider elementor-column elementor-col-50 elementor-top-column elementor-element elementor-element-a839143\" data-eae-slider=\"8861\" data-id=\"a839143\" data-element_type=\"column\" data-e-type=\"column\">\n\t\t\t<div class=\"elementor-widget-wrap elementor-element-populated\">\n\t\t\t\t\t\t<div class=\"elementor-element elementor-element-28015ff elementor-widget elementor-widget-text-editor\" data-id=\"28015ff\" data-element_type=\"widget\" data-e-type=\"widget\" data-widget_type=\"text-editor.default\">\n\t\t\t\t<div class=\"elementor-widget-container\">\n\t\t\t\t\t\t\t\t\t<p>Valeurs pour les machines ou syst\u00e8mes d&#8217;occasion\u00a0? Soyez prudent et faites \u00e9valuer vos machines et cr\u00e9er une \u00e9valuation neutre pour le vendeur, l&#8217;acheteur, la compagnie d&#8217;assurance ou la banque.<\/p>\n<p><strong>Raisons d&#8217;une expertise \/ \u00e9valuation<\/strong><\/p>\n<ul>\n<li>D\u00e9termination de la valeur de march\u00e9 en cas de cession d&#8217;entreprise<\/li>\n<li>Transmission au sein de la famille<\/li>\n<li>Insolvabilit\u00e9s et d\u00e9mant\u00e8lements pour les \u00e9tablissements de cr\u00e9dit et les autorit\u00e9s financi\u00e8res<\/li>\n<li>Expertise pour le compte d&#8217;un tribunal en cas de d\u00e9fauts de la machine \u00e0 \u00e9valuer<\/li>\n<li>Dommages pendant le transport<\/li>\n<li>\u00c9valuation des dommages<\/li>\n<li>Estimations r\u00e9siduelles pour les \u00e9tablissements de cr\u00e9dit et les compagnies d&#8217;assurance<\/li>\n<\/ul>\n\t\t\t\t\t\t\t\t<\/div>\n\t\t\t\t<\/div>\n\t\t\t\t\t<\/div>\n\t\t<\/div>\n\t\t\t\t<div class=\"has_eae_slider elementor-column elementor-col-50 elementor-top-column elementor-element elementor-element-2ef2d97\" data-eae-slider=\"83726\" data-id=\"2ef2d97\" data-element_type=\"column\" data-e-type=\"column\">\n\t\t\t<div class=\"elementor-widget-wrap elementor-element-populated\">\n\t\t\t\t\t\t<div class=\"elementor-element elementor-element-0095a94 elementor-widget elementor-widget-image\" data-id=\"0095a94\" data-element_type=\"widget\" data-e-type=\"widget\" data-widget_type=\"image.default\">\n\t\t\t\t<div class=\"elementor-widget-container\">\n\t\t\t\t\t\t\t\t\t\t\t\t\t\t\t<img fetchpriority=\"high\" decoding=\"async\" width=\"800\" height=\"370\" src=\"https:\/\/schokoma.de\/wp-content\/uploads\/2020\/11\/AdobeStock_296082962-1024x473.jpeg\" class=\"attachment-large size-large wp-image-28810\" alt=\"\" srcset=\"https:\/\/schokoma.de\/wp-content\/uploads\/2020\/11\/AdobeStock_296082962-1024x473.jpeg 1024w, https:\/\/schokoma.de\/wp-content\/uploads\/2020\/11\/AdobeStock_296082962-scaled-600x277.jpeg 600w, https:\/\/schokoma.de\/wp-content\/uploads\/2020\/11\/AdobeStock_296082962-300x139.jpeg 300w, https:\/\/schokoma.de\/wp-content\/uploads\/2020\/11\/AdobeStock_296082962-768x355.jpeg 768w, https:\/\/schokoma.de\/wp-content\/uploads\/2020\/11\/AdobeStock_296082962-1536x709.jpeg 1536w, https:\/\/schokoma.de\/wp-content\/uploads\/2020\/11\/AdobeStock_296082962-2048x946.jpeg 2048w\" sizes=\"(max-width: 800px) 100vw, 800px\" \/>\t\t\t\t\t\t\t\t\t\t\t\t\t\t\t<\/div>\n\t\t\t\t<\/div>\n\t\t\t\t\t<\/div>\n\t\t<\/div>\n\t\t\t\t\t<\/div>\n\t\t<\/section>\n\t\t\t\t<section class=\"has_eae_slider elementor-section elementor-top-section elementor-element elementor-element-0645f15 elementor-section-boxed elementor-section-height-default elementor-section-height-default\" data-eae-slider=\"7600\" data-id=\"0645f15\" data-element_type=\"section\" data-e-type=\"section\">\n\t\t\t\t\t\t<div class=\"elementor-container elementor-column-gap-default\">\n\t\t\t\t\t<div class=\"has_eae_slider elementor-column elementor-col-100 elementor-top-column elementor-element elementor-element-4ddf599\" data-eae-slider=\"29874\" data-id=\"4ddf599\" data-element_type=\"column\" data-e-type=\"column\">\n\t\t\t<div class=\"elementor-widget-wrap elementor-element-populated\">\n\t\t\t\t\t\t<div class=\"elementor-element elementor-element-fae8b78 elementor-widget elementor-widget-text-editor\" data-id=\"fae8b78\" data-element_type=\"widget\" data-e-type=\"widget\" data-widget_type=\"text-editor.default\">\n\t\t\t\t<div class=\"elementor-widget-container\">\n\t\t\t\t\t\t\t\t\t<p>Depuis plus de 15 ans, nous conseillons les soci\u00e9t\u00e9s de cr\u00e9dit-bail et de financement ou nos clients par l&#8217;interm\u00e9diaire de leurs commissaires aux comptes dans la valorisation de leurs moyens de production actuels.<\/p>\n<p>&nbsp;<\/p>\n<p>Gr\u00e2ce \u00e0 nos nombreuses ann\u00e9es d&#8217;exp\u00e9rience dans l&#8217;ing\u00e9nierie m\u00e9canique, un r\u00e9seau mondial dans le commerce de machines et une analyse de la propri\u00e9t\u00e9 avec l&#8217;\u00e9tat d&#8217;entretien, nous pouvons d\u00e9terminer les valeurs comptables. Nous serions ravis d&#8217;avoir de vos nouvelles au cas o\u00f9 vous auriez un besoin.<\/p>\n\t\t\t\t\t\t\t\t<\/div>\n\t\t\t\t<\/div>\n\t\t\t\t\t<\/div>\n\t\t<\/div>\n\t\t\t\t\t<\/div>\n\t\t<\/section>\n\t\t\t\t<\/div>\n\t\t","protected":false},"excerpt":{"rendered":"<p>Valeurs pour les machines ou syst\u00e8mes d&#8217;occasion\u00a0? Soyez prudent et faites \u00e9valuer vos machines et cr\u00e9er une \u00e9valuation neutre pour le vendeur, l&#8217;acheteur, la compagnie d&#8217;assurance ou la banque. Raisons d&#8217;une expertise \/ \u00e9valuation D\u00e9termination de la valeur de march\u00e9 en cas de cession d&#8217;entreprise Transmission au sein de la famille Insolvabilit\u00e9s et d\u00e9mant\u00e8lements pour [&hellip;]<\/p>\n","protected":false},"author":2,"featured_media":28790,"parent":43831,"menu_order":0,"comment_status":"closed","ping_status":"closed","template":"","meta":{"footnotes":""},"class_list":["post-43818","page","type-page","status-publish","has-post-thumbnail","hentry"],"_links":{"self":[{"href":"https:\/\/schokoma.de\/fr\/wp-json\/wp\/v2\/pages\/43818","targetHints":{"allow":["GET"]}}],"collection":[{"href":"https:\/\/schokoma.de\/fr\/wp-json\/wp\/v2\/pages"}],"about":[{"href":"https:\/\/schokoma.de\/fr\/wp-json\/wp\/v2\/types\/page"}],"author":[{"embeddable":true,"href":"https:\/\/schokoma.de\/fr\/wp-json\/wp\/v2\/users\/2"}],"replies":[{"embeddable":true,"href":"https:\/\/schokoma.de\/fr\/wp-json\/wp\/v2\/comments?post=43818"}],"version-history":[{"count":1,"href":"https:\/\/schokoma.de\/fr\/wp-json\/wp\/v2\/pages\/43818\/revisions"}],"predecessor-version":[{"id":43819,"href":"https:\/\/schokoma.de\/fr\/wp-json\/wp\/v2\/pages\/43818\/revisions\/43819"}],"up":[{"embeddable":true,"href":"https:\/\/schokoma.de\/fr\/wp-json\/wp\/v2\/pages\/43831"}],"wp:featuredmedia":[{"embeddable":true,"href":"https:\/\/schokoma.de\/fr\/wp-json\/wp\/v2\/media\/28790"}],"wp:attachment":[{"href":"https:\/\/schokoma.de\/fr\/wp-json\/wp\/v2\/media?parent=43818"}],"curies":[{"name":"wp","href":"https:\/\/api.w.org\/{rel}","templated":true}]}}