{"id":43814,"date":"2021-11-11T07:56:06","date_gmt":"2021-11-11T06:56:06","guid":{"rendered":"https:\/\/temper-doctor.com\/vente-votre-machine-systeme\/"},"modified":"2021-11-11T07:56:15","modified_gmt":"2021-11-11T06:56:15","slug":"vente-votre-machine-systeme","status":"publish","type":"page","link":"https:\/\/schokoma.de\/fr\/prestations-de-service\/vente-votre-machine-systeme\/","title":{"rendered":"VENTE VOTRE MACHINE \/ SYST\u00c8ME"},"content":{"rendered":"\t\t<div data-elementor-type=\"wp-page\" data-elementor-id=\"43814\" class=\"elementor elementor-43814 elementor-28787\" data-elementor-post-type=\"page\">\n\t\t\t\t\t\t<section class=\"has_eae_slider elementor-section elementor-top-section elementor-element elementor-element-ca83783 elementor-section-boxed elementor-section-height-default elementor-section-height-default\" data-eae-slider=\"44411\" data-id=\"ca83783\" data-element_type=\"section\" data-e-type=\"section\">\n\t\t\t\t\t\t<div class=\"elementor-container elementor-column-gap-default\">\n\t\t\t\t\t<div class=\"has_eae_slider elementor-column elementor-col-50 elementor-top-column elementor-element elementor-element-995f88a\" data-eae-slider=\"57580\" data-id=\"995f88a\" data-element_type=\"column\" data-e-type=\"column\">\n\t\t\t<div class=\"elementor-widget-wrap elementor-element-populated\">\n\t\t\t\t\t\t<div class=\"elementor-element elementor-element-af612e4 elementor-widget elementor-widget-text-editor\" data-id=\"af612e4\" data-element_type=\"widget\" data-e-type=\"widget\" data-widget_type=\"text-editor.default\">\n\t\t\t\t<div class=\"elementor-widget-container\">\n\t\t\t\t\t\t\t\t\t<p><strong>Vous souhaitez vendre votre machine, votre usine de production ou votre entreprise?<\/strong><\/p>\n<p>Peut-\u00eatre souhaitez-vous \u00e9changer votre ancien syst\u00e8me contre un nouveau, ou quelque chose se trouve dans votre entrep\u00f4t depuis des ann\u00e9es et n&#8217;est plus n\u00e9cessaire. La devise ici est : \u00ab\u00a0Mieux vaut vendre que mettre au rebut\u00a0!\u00a0\u00bb<\/p>\n<p>Nous sommes constamment \u00e0 la recherche de machines et d&#8217;installations d&#8217;occasion pour notre compte ou celui de nos clients. S&#8217;il vous pla\u00eet envoyez-nous photos et donn\u00e9es avec votre prix demand\u00e9.<\/p>\n<p>Nous proposons des machines et des syst\u00e8mes non seulement sur notre site Web, mais \u00e9galement sur d&#8217;autres plates-formes internationales afin de r\u00e9pondre \u00e0 une grande vari\u00e9t\u00e9 d&#8217;int\u00e9ress\u00e9s. De plus, nous coop\u00e9rons avec divers sp\u00e9cialistes du monde entier.<\/p>\n<p>Nous offrons m\u00eame notre service de courtage aux propri\u00e9taires d&#8217;entreprise qui souhaitent vendre l&#8217;ensemble de leur entreprise. Nous avons des int\u00e9ress\u00e9s dans le pays et \u00e0 l&#8217;\u00e9tranger et pouvons \u00e9galement les aider avec comp\u00e9tence ici. La confiance et la discr\u00e9tion sont ici primordiales.<\/p>\n\t\t\t\t\t\t\t\t<\/div>\n\t\t\t\t<\/div>\n\t\t\t\t\t<\/div>\n\t\t<\/div>\n\t\t\t\t<div class=\"has_eae_slider elementor-column elementor-col-50 elementor-top-column elementor-element elementor-element-99f09c2\" data-eae-slider=\"18011\" data-id=\"99f09c2\" data-element_type=\"column\" data-e-type=\"column\">\n\t\t\t<div class=\"elementor-widget-wrap elementor-element-populated\">\n\t\t\t\t\t\t<div class=\"elementor-element elementor-element-bf5bc79 elementor-widget elementor-widget-image\" data-id=\"bf5bc79\" data-element_type=\"widget\" data-e-type=\"widget\" data-widget_type=\"image.default\">\n\t\t\t\t<div class=\"elementor-widget-container\">\n\t\t\t\t\t\t\t\t\t\t\t\t\t\t\t<img fetchpriority=\"high\" decoding=\"async\" width=\"800\" height=\"534\" src=\"https:\/\/schokoma.de\/wp-content\/uploads\/2020\/11\/pexels-sora-shimazaki-5668842-1024x683.jpg\" class=\"attachment-large size-large wp-image-28747\" alt=\"\" srcset=\"https:\/\/schokoma.de\/wp-content\/uploads\/2020\/11\/pexels-sora-shimazaki-5668842-1024x683.jpg 1024w, https:\/\/schokoma.de\/wp-content\/uploads\/2020\/11\/pexels-sora-shimazaki-5668842-scaled-600x400.jpg 600w, https:\/\/schokoma.de\/wp-content\/uploads\/2020\/11\/pexels-sora-shimazaki-5668842-300x200.jpg 300w, https:\/\/schokoma.de\/wp-content\/uploads\/2020\/11\/pexels-sora-shimazaki-5668842-768x512.jpg 768w, https:\/\/schokoma.de\/wp-content\/uploads\/2020\/11\/pexels-sora-shimazaki-5668842-1536x1024.jpg 1536w, https:\/\/schokoma.de\/wp-content\/uploads\/2020\/11\/pexels-sora-shimazaki-5668842-2048x1365.jpg 2048w\" sizes=\"(max-width: 800px) 100vw, 800px\" \/>\t\t\t\t\t\t\t\t\t\t\t\t\t\t\t<\/div>\n\t\t\t\t<\/div>\n\t\t\t\t\t<\/div>\n\t\t<\/div>\n\t\t\t\t\t<\/div>\n\t\t<\/section>\n\t\t\t\t<\/div>\n\t\t","protected":false},"excerpt":{"rendered":"<p>Vous souhaitez vendre votre machine, votre usine de production ou votre entreprise? Peut-\u00eatre souhaitez-vous \u00e9changer votre ancien syst\u00e8me contre un nouveau, ou quelque chose se trouve dans votre entrep\u00f4t depuis des ann\u00e9es et n&#8217;est plus n\u00e9cessaire. La devise ici est : \u00ab\u00a0Mieux vaut vendre que mettre au rebut\u00a0!\u00a0\u00bb Nous sommes constamment \u00e0 la recherche de [&hellip;]<\/p>\n","protected":false},"author":2,"featured_media":28747,"parent":43831,"menu_order":0,"comment_status":"closed","ping_status":"closed","template":"","meta":{"footnotes":""},"class_list":["post-43814","page","type-page","status-publish","has-post-thumbnail","hentry"],"_links":{"self":[{"href":"https:\/\/schokoma.de\/fr\/wp-json\/wp\/v2\/pages\/43814","targetHints":{"allow":["GET"]}}],"collection":[{"href":"https:\/\/schokoma.de\/fr\/wp-json\/wp\/v2\/pages"}],"about":[{"href":"https:\/\/schokoma.de\/fr\/wp-json\/wp\/v2\/types\/page"}],"author":[{"embeddable":true,"href":"https:\/\/schokoma.de\/fr\/wp-json\/wp\/v2\/users\/2"}],"replies":[{"embeddable":true,"href":"https:\/\/schokoma.de\/fr\/wp-json\/wp\/v2\/comments?post=43814"}],"version-history":[{"count":3,"href":"https:\/\/schokoma.de\/fr\/wp-json\/wp\/v2\/pages\/43814\/revisions"}],"predecessor-version":[{"id":43817,"href":"https:\/\/schokoma.de\/fr\/wp-json\/wp\/v2\/pages\/43814\/revisions\/43817"}],"up":[{"embeddable":true,"href":"https:\/\/schokoma.de\/fr\/wp-json\/wp\/v2\/pages\/43831"}],"wp:featuredmedia":[{"embeddable":true,"href":"https:\/\/schokoma.de\/fr\/wp-json\/wp\/v2\/media\/28747"}],"wp:attachment":[{"href":"https:\/\/schokoma.de\/fr\/wp-json\/wp\/v2\/media?parent=43814"}],"curies":[{"name":"wp","href":"https:\/\/api.w.org\/{rel}","templated":true}]}}