{"id":43812,"date":"2021-11-11T07:55:05","date_gmt":"2021-11-11T06:55:05","guid":{"rendered":"https:\/\/temper-doctor.com\/fabrication-de-machine-speciale\/"},"modified":"2025-10-24T11:10:25","modified_gmt":"2025-10-24T09:10:25","slug":"fabrication-de-machine-speciale","status":"publish","type":"page","link":"https:\/\/schokoma.de\/fr\/prestations-de-service\/fabrication-de-machine-speciale\/","title":{"rendered":"Fabrication de machine sp\u00e9ciale"},"content":{"rendered":"\t\t<div data-elementor-type=\"wp-page\" data-elementor-id=\"43812\" class=\"elementor elementor-43812 elementor-28755\" data-elementor-post-type=\"page\">\n\t\t\t\t\t\t<section class=\"has_eae_slider elementor-section elementor-top-section elementor-element elementor-element-501827c elementor-section-boxed elementor-section-height-default elementor-section-height-default\" data-eae-slider=\"78307\" data-id=\"501827c\" data-element_type=\"section\" data-e-type=\"section\">\n\t\t\t\t\t\t<div class=\"elementor-container elementor-column-gap-default\">\n\t\t\t\t\t<div class=\"has_eae_slider elementor-column elementor-col-50 elementor-top-column elementor-element elementor-element-7ff665d\" data-eae-slider=\"49726\" data-id=\"7ff665d\" data-element_type=\"column\" data-e-type=\"column\">\n\t\t\t<div class=\"elementor-widget-wrap elementor-element-populated\">\n\t\t\t\t\t\t<div class=\"elementor-element elementor-element-5e3f51e elementor-widget elementor-widget-text-editor\" data-id=\"5e3f51e\" data-element_type=\"widget\" data-e-type=\"widget\" data-widget_type=\"text-editor.default\">\n\t\t\t\t<div class=\"elementor-widget-container\">\n\t\t\t\t\t\t\t\t\t<p>Il nous est arriv\u00e9 d&#8217;avoir des clients qui ne trouvaient rien de convenable sur le march\u00e9 pour r\u00e9soudre leur probl\u00e8me et qui se sont retrouv\u00e9s chez nous, que ce soit sur recommandation ou par d\u00e9sespoir.<\/p>\n<p>&nbsp;<\/p>\n<p>Nous sommes toujours \u00e0 l&#8217;\u00e9coute de ces probl\u00e8mes et, gr\u00e2ce \u00e0 nos connaissances en mati\u00e8re d&#8217;ing\u00e9nierie des proc\u00e9d\u00e9s dans un large \u00e9ventail d&#8217;industries, nous avons \u00e9t\u00e9 en mesure d&#8217;apporter notre aide avec des id\u00e9es qui ont pu sembler inhabituelles au premier abord.<\/p>\n<p>&nbsp;<\/p>\n<p>Si nous ne pouvions pas trouver un nouveau fabricant de machines pr\u00eat \u00e0 sortir des sentiers battus, nous avions la possibilit\u00e9 de construire la solution nous-m\u00eames ou de convertir d&#8217;anciennes machines, m\u00eame provenant d&#8217;autres secteurs, afin qu&#8217;elles soient adapt\u00e9es \u00e0 la nouvelle fonction.<\/p>\n\t\t\t\t\t\t\t\t<\/div>\n\t\t\t\t<\/div>\n\t\t\t\t\t<\/div>\n\t\t<\/div>\n\t\t\t\t<div class=\"has_eae_slider elementor-column elementor-col-50 elementor-top-column elementor-element elementor-element-c1b9f85\" data-eae-slider=\"98855\" data-id=\"c1b9f85\" data-element_type=\"column\" data-e-type=\"column\">\n\t\t\t<div class=\"elementor-widget-wrap elementor-element-populated\">\n\t\t\t\t\t\t<div class=\"elementor-element elementor-element-5c10bc3 elementor-widget elementor-widget-image\" data-id=\"5c10bc3\" data-element_type=\"widget\" data-e-type=\"widget\" data-widget_type=\"image.default\">\n\t\t\t\t<div class=\"elementor-widget-container\">\n\t\t\t\t\t\t\t\t\t\t\t\t\t\t\t<img fetchpriority=\"high\" decoding=\"async\" width=\"800\" height=\"534\" src=\"https:\/\/schokoma.de\/wp-content\/uploads\/2020\/11\/AdobeStock_191578693-1024x683.jpeg\" class=\"attachment-large size-large wp-image-28253\" alt=\"\" srcset=\"https:\/\/schokoma.de\/wp-content\/uploads\/2020\/11\/AdobeStock_191578693-1024x683.jpeg 1024w, https:\/\/schokoma.de\/wp-content\/uploads\/2020\/11\/AdobeStock_191578693-scaled-600x400.jpeg 600w, https:\/\/schokoma.de\/wp-content\/uploads\/2020\/11\/AdobeStock_191578693-300x200.jpeg 300w, https:\/\/schokoma.de\/wp-content\/uploads\/2020\/11\/AdobeStock_191578693-768x512.jpeg 768w, https:\/\/schokoma.de\/wp-content\/uploads\/2020\/11\/AdobeStock_191578693-1536x1024.jpeg 1536w, https:\/\/schokoma.de\/wp-content\/uploads\/2020\/11\/AdobeStock_191578693-2048x1365.jpeg 2048w\" sizes=\"(max-width: 800px) 100vw, 800px\" \/>\t\t\t\t\t\t\t\t\t\t\t\t\t\t\t<\/div>\n\t\t\t\t<\/div>\n\t\t\t\t\t<\/div>\n\t\t<\/div>\n\t\t\t\t\t<\/div>\n\t\t<\/section>\n\t\t\t\t<section class=\"has_eae_slider elementor-section elementor-top-section elementor-element elementor-element-56ceb2a elementor-section-boxed elementor-section-height-default elementor-section-height-default\" data-eae-slider=\"9870\" data-id=\"56ceb2a\" data-element_type=\"section\" data-e-type=\"section\">\n\t\t\t\t\t\t<div class=\"elementor-container elementor-column-gap-default\">\n\t\t\t\t\t<div class=\"has_eae_slider elementor-column elementor-col-100 elementor-top-column elementor-element elementor-element-e257d11\" data-eae-slider=\"43124\" data-id=\"e257d11\" data-element_type=\"column\" data-e-type=\"column\">\n\t\t\t<div class=\"elementor-widget-wrap elementor-element-populated\">\n\t\t\t\t\t\t<div class=\"elementor-element elementor-element-532199b elementor-widget elementor-widget-text-editor\" data-id=\"532199b\" data-element_type=\"widget\" data-e-type=\"widget\" data-widget_type=\"text-editor.default\">\n\t\t\t\t<div class=\"elementor-widget-container\">\n\t\t\t\t\t\t\t\t\t<p class=\"P68B1DB1-Standard1\"><strong>Voici comment nous avons d\u00e9velopp\u00e9\/construit jusqu&#8217;\u00e0 pr\u00e9sent:<\/strong><\/p>\n\t\t\t\t\t\t\t\t<\/div>\n\t\t\t\t<\/div>\n\t\t\t\t<div class=\"elementor-element elementor-element-2394517 elementor-widget elementor-widget-text-editor\" data-id=\"2394517\" data-element_type=\"widget\" data-e-type=\"widget\" data-widget_type=\"text-editor.default\">\n\t\t\t\t<div class=\"elementor-widget-container\">\n\t\t\t\t\t\t\t\t\t<ul>\n<li>D\u00e9coupeur de flammekueche pour formes ovales,<\/li>\n<li>Turbine \u00e0 drag\u00e9es en acier inoxydable enti\u00e8rement inclinable, motoris\u00e9e, capacit\u00e9 nette de 100 kilos,<\/li>\n<li>Br\u00fbleurs \u00e0 gaz pour marmites \u00e0 drag\u00e9es et les grilloirs pour p\u00e2te d&#8217;amande,<\/li>\n<li>Ancien bonbon coussin \u00e0 fr\u00e9quence contr\u00f4l\u00e9e, qui peut bien s\u00fbr distribuer d&#8217;autres formes \u00e0 la cha\u00eene.<\/li>\n<li>Cuves mobiles \u00e0 chocolat, aujourd&#8217;hui via notre partenaire MASSA<\/li>\n<li>Boule de chocolat aux noix pour 1 x 100 grammes avec des noix enti\u00e8res sur une ceinture.<\/li>\n<li>Syst\u00e8me de dosage de mini pizza au chocolat, avec de grosses p\u00e9pites de chocolat et un saupoudrage de fruits secs<\/li>\n<li>Machine de cuisson rotative pour gaufres molles belges avec 21 pinces \u00e0 p\u00e2tisserie<\/li>\n<li>Guillotines pour produits collants<\/li>\n<li>M\u00e9langeur de masse de truffes de capacit\u00e9 nette 3000\u00a0kg, pouvant \u00e9galement fonctionner comme m\u00e9langeur de chocolat et conche de chocolat sec, sans raccordement eau froide et eau chaude, car il est int\u00e9gr\u00e9\u00a0!<\/li>\n<li>Extrudeuse de masse de truffes \u00e0 partir d&#8217;une construction d&#8217;extrudeuse Bazooka modifi\u00e9e de SOHN GmbH<\/li>\n<li>Syst\u00e8me de tourbillonnage de flocons de noix de coco pour application sur des confiseries \u00e0 la mousse l\u00e9g\u00e8re<\/li>\n<li>Dispositif de retournement de disques de riz souffl\u00e9 pour le refroidissement unilat\u00e9ral du rev\u00eatement<\/li>\n<li>Temp\u00e9reuse de chocolat, en acier inoxydable pour l&#8217;industrie laiti\u00e8re<\/li>\n<li>Conversion d&#8217;anciens torr\u00e9facteurs \u00e0 billes BARTH SIROCCO de stockage flottant en stockage rigide.<\/li>\n<li>Distributeur de p\u00e9pites de chocolat d&#8217;un ancien fa\u00e7onneur de p\u00e2tisserie<\/li>\n<li>Portionneur de chocolat Borken provenant du laminoir, avec section de longueur de produit<\/li>\n<li>Huilage des munitions dans la marmite \u00e0 drag\u00e9es<\/li>\n<li>Extrudeuse de granul\u00e9s d&#8217;aliments pour poissons \u00e0 partir d&#8217;un ancien moule pour pain aux amandes<\/li>\n<li>Syst\u00e8me \u00e0 cycle unique pour produits cassants enrob\u00e9s<\/li>\n<li>Distributeur de graines potag\u00e8res sur plaque support avec syst\u00e8me d&#8217;enrobage de solution nutritive<\/li>\n<li>Syst\u00e8me de refroidissement \u00e0 l&#8217;azote pour gouttes de graisse de noix de coco, domaine d&#8217;application substitut optique de graisse dans les produits \u00e0 base de viande v\u00e9g\u00e9talienne<\/li>\n<li>Transformation d&#8217;une machine de hachage de noix de chocolat WOLF de 12 \u00e014 rangs avec une largeur de travail de 800\u00a0mm. Impossible \u00e0 faire, d&#8217;autant que la machine est arriv\u00e9e chez nous comme accident de chargement d\u00e9form\u00e9 en diagonale.<\/li>\n<li>Syst\u00e8me de contr\u00f4le PLC pour les anciennes machines de dosage KNOBEL, \u00e0 commande pneumatique.<\/li>\n<li>R\u00e9gulateurs modernes d&#8217;eau froide \/ chaude pour les machines de contr\u00f4le de temp\u00e9rature classiques de tous les fabricants renomm\u00e9s.<\/li>\n<li>Rev\u00eatement complet des surfaces peintes d&#8217;anciennes machines en acier inoxydable pour les rendre compatible \u00e0 la transformation des aliments.<\/li>\n<\/ul>\n\t\t\t\t\t\t\t\t<\/div>\n\t\t\t\t<\/div>\n\t\t\t\t\t<\/div>\n\t\t<\/div>\n\t\t\t\t\t<\/div>\n\t\t<\/section>\n\t\t\t\t<\/div>\n\t\t","protected":false},"excerpt":{"rendered":"<p>Il nous est arriv\u00e9 d&#8217;avoir des clients qui ne trouvaient rien de convenable sur le march\u00e9 pour r\u00e9soudre leur probl\u00e8me et qui se sont retrouv\u00e9s chez nous, que ce soit sur recommandation ou par d\u00e9sespoir. &nbsp; Nous sommes toujours \u00e0 l&#8217;\u00e9coute de ces probl\u00e8mes et, gr\u00e2ce \u00e0 nos connaissances en mati\u00e8re d&#8217;ing\u00e9nierie des proc\u00e9d\u00e9s dans [&hellip;]<\/p>\n","protected":false},"author":2,"featured_media":28253,"parent":43831,"menu_order":0,"comment_status":"closed","ping_status":"closed","template":"","meta":{"footnotes":""},"class_list":["post-43812","page","type-page","status-publish","has-post-thumbnail","hentry"],"_links":{"self":[{"href":"https:\/\/schokoma.de\/fr\/wp-json\/wp\/v2\/pages\/43812","targetHints":{"allow":["GET"]}}],"collection":[{"href":"https:\/\/schokoma.de\/fr\/wp-json\/wp\/v2\/pages"}],"about":[{"href":"https:\/\/schokoma.de\/fr\/wp-json\/wp\/v2\/types\/page"}],"author":[{"embeddable":true,"href":"https:\/\/schokoma.de\/fr\/wp-json\/wp\/v2\/users\/2"}],"replies":[{"embeddable":true,"href":"https:\/\/schokoma.de\/fr\/wp-json\/wp\/v2\/comments?post=43812"}],"version-history":[{"count":2,"href":"https:\/\/schokoma.de\/fr\/wp-json\/wp\/v2\/pages\/43812\/revisions"}],"predecessor-version":[{"id":61113,"href":"https:\/\/schokoma.de\/fr\/wp-json\/wp\/v2\/pages\/43812\/revisions\/61113"}],"up":[{"embeddable":true,"href":"https:\/\/schokoma.de\/fr\/wp-json\/wp\/v2\/pages\/43831"}],"wp:featuredmedia":[{"embeddable":true,"href":"https:\/\/schokoma.de\/fr\/wp-json\/wp\/v2\/media\/28253"}],"wp:attachment":[{"href":"https:\/\/schokoma.de\/fr\/wp-json\/wp\/v2\/media?parent=43812"}],"curies":[{"name":"wp","href":"https:\/\/api.w.org\/{rel}","templated":true}]}}