{"id":43808,"date":"2021-11-11T07:44:57","date_gmt":"2021-11-11T06:44:57","guid":{"rendered":"https:\/\/temper-doctor.com\/planification-de-projet-ingenierie-de-processus\/"},"modified":"2021-11-11T07:44:58","modified_gmt":"2021-11-11T06:44:58","slug":"planification-de-projet-ingenierie-de-processus","status":"publish","type":"page","link":"https:\/\/schokoma.de\/fr\/prestations-de-service\/planification-de-projet-ingenierie-de-processus\/","title":{"rendered":"PLANIFICATION DE PROJET \/ ING\u00c9NIERIE DE PROCESSUS"},"content":{"rendered":"\t\t<div data-elementor-type=\"wp-page\" data-elementor-id=\"43808\" class=\"elementor elementor-43808 elementor-137\" data-elementor-post-type=\"page\">\n\t\t\t\t\t\t<section class=\"has_eae_slider elementor-section elementor-top-section elementor-element elementor-element-4fd9e59 elementor-section-content-middle elementor-section-boxed elementor-section-height-default elementor-section-height-default\" data-eae-slider=\"34843\" data-id=\"4fd9e59\" data-element_type=\"section\" data-e-type=\"section\">\n\t\t\t\t\t\t<div class=\"elementor-container elementor-column-gap-default\">\n\t\t\t\t\t<div class=\"has_eae_slider elementor-column elementor-col-50 elementor-top-column elementor-element elementor-element-f8f7ca9\" data-eae-slider=\"71054\" data-id=\"f8f7ca9\" data-element_type=\"column\" data-e-type=\"column\">\n\t\t\t<div class=\"elementor-widget-wrap elementor-element-populated\">\n\t\t\t\t\t\t<div class=\"elementor-element elementor-element-24aa80c elementor-widget elementor-widget-heading\" data-id=\"24aa80c\" data-element_type=\"widget\" data-e-type=\"widget\" data-widget_type=\"heading.default\">\n\t\t\t\t<div class=\"elementor-widget-container\">\n\t\t\t\t\t<h3 class=\"elementor-heading-title elementor-size-default\">NOUS CONCEVONS ET CR\u00c9ONS UN PROJET JUSTE POUR VOUS !<\/h3>\t\t\t\t<\/div>\n\t\t\t\t<\/div>\n\t\t\t\t<div class=\"elementor-element elementor-element-13c58b63 elementor-widget elementor-widget-text-editor\" data-id=\"13c58b63\" data-element_type=\"widget\" data-e-type=\"widget\" data-widget_type=\"text-editor.default\">\n\t\t\t\t<div class=\"elementor-widget-container\">\n\t\t\t\t\t\t\t\t\t<p>Les lignes compl\u00e8tes de A \u00e0 Z, c&#8217;est-\u00e0-dire de la mati\u00e8re premi\u00e8re \u00e0 l&#8217;emballage, ne sont pas toujours disponibles \u00e0 la vente en un seul endroit, en g\u00e9n\u00e9ral uniquement des composants individuels. Pour ce cas, nous pouvons vous proposer d&#8217;\u00e9laborer un projet adapt\u00e9 pour vous. Nous disposons du savoir-faire n\u00e9cessaire pour concevoir une ligne de production compl\u00e8te \u00e0 partir de composants d&#8217;usine usag\u00e9s \/ r\u00e9nov\u00e9s et neufs, correspondant \u00e0 vos sp\u00e9cifications de performance, et nous pouvons \u00e9galement vous aider \u00e0 d\u00e9velopper et formuler vos produits.<\/p>\n\t\t\t\t\t\t\t\t<\/div>\n\t\t\t\t<\/div>\n\t\t\t\t\t<\/div>\n\t\t<\/div>\n\t\t\t\t<div class=\"has_eae_slider elementor-column elementor-col-50 elementor-top-column elementor-element elementor-element-ffae37f\" data-eae-slider=\"35702\" data-id=\"ffae37f\" data-element_type=\"column\" data-e-type=\"column\">\n\t\t\t<div class=\"elementor-widget-wrap elementor-element-populated\">\n\t\t\t\t\t\t<div class=\"elementor-element elementor-element-e1f8dbc elementor-widget elementor-widget-image\" data-id=\"e1f8dbc\" data-element_type=\"widget\" data-e-type=\"widget\" data-widget_type=\"image.default\">\n\t\t\t\t<div class=\"elementor-widget-container\">\n\t\t\t\t\t\t\t\t\t\t\t\t\t\t\t<img fetchpriority=\"high\" decoding=\"async\" width=\"800\" height=\"534\" src=\"https:\/\/schokoma.de\/wp-content\/uploads\/2020\/11\/AdobeStock_198135664-1-1024x683.jpeg\" class=\"attachment-large size-large wp-image-28243\" alt=\"\" srcset=\"https:\/\/schokoma.de\/wp-content\/uploads\/2020\/11\/AdobeStock_198135664-1-1024x683.jpeg 1024w, https:\/\/schokoma.de\/wp-content\/uploads\/2020\/11\/AdobeStock_198135664-1-scaled-600x400.jpeg 600w, https:\/\/schokoma.de\/wp-content\/uploads\/2020\/11\/AdobeStock_198135664-1-300x200.jpeg 300w, https:\/\/schokoma.de\/wp-content\/uploads\/2020\/11\/AdobeStock_198135664-1-768x512.jpeg 768w, https:\/\/schokoma.de\/wp-content\/uploads\/2020\/11\/AdobeStock_198135664-1-1536x1024.jpeg 1536w, https:\/\/schokoma.de\/wp-content\/uploads\/2020\/11\/AdobeStock_198135664-1-2048x1365.jpeg 2048w\" sizes=\"(max-width: 800px) 100vw, 800px\" \/>\t\t\t\t\t\t\t\t\t\t\t\t\t\t\t<\/div>\n\t\t\t\t<\/div>\n\t\t\t\t<div class=\"elementor-element elementor-element-9c48151 elementor-widget elementor-widget-image\" data-id=\"9c48151\" data-element_type=\"widget\" data-e-type=\"widget\" data-widget_type=\"image.default\">\n\t\t\t\t<div class=\"elementor-widget-container\">\n\t\t\t\t\t\t\t\t\t\t\t\t\t\t\t<img decoding=\"async\" src=\"https:\/\/schokoma.de\/wp-content\/uploads\/2020\/08\/AdobeStock_198135664-scaled.jpeg\" title=\"\" alt=\"\" loading=\"lazy\" \/>\t\t\t\t\t\t\t\t\t\t\t\t\t\t\t<\/div>\n\t\t\t\t<\/div>\n\t\t\t\t\t<\/div>\n\t\t<\/div>\n\t\t\t\t\t<\/div>\n\t\t<\/section>\n\t\t\t\t<section class=\"has_eae_slider elementor-section elementor-top-section elementor-element elementor-element-d6de0f2 elementor-section-boxed elementor-section-height-default elementor-section-height-default\" data-eae-slider=\"78288\" data-id=\"d6de0f2\" data-element_type=\"section\" data-e-type=\"section\">\n\t\t\t\t\t\t<div class=\"elementor-container elementor-column-gap-default\">\n\t\t\t\t\t<div class=\"has_eae_slider elementor-column elementor-col-100 elementor-top-column elementor-element elementor-element-9e68db9\" data-eae-slider=\"57299\" data-id=\"9e68db9\" data-element_type=\"column\" data-e-type=\"column\">\n\t\t\t<div class=\"elementor-widget-wrap elementor-element-populated\">\n\t\t\t\t\t\t<div class=\"elementor-element elementor-element-1b3c42a elementor-widget-divider--view-line elementor-widget elementor-widget-divider\" data-id=\"1b3c42a\" data-element_type=\"widget\" data-e-type=\"widget\" data-widget_type=\"divider.default\">\n\t\t\t\t<div class=\"elementor-widget-container\">\n\t\t\t\t\t\t\t<div class=\"elementor-divider\">\n\t\t\t<span class=\"elementor-divider-separator\">\n\t\t\t\t\t\t<\/span>\n\t\t<\/div>\n\t\t\t\t\t\t<\/div>\n\t\t\t\t<\/div>\n\t\t\t\t\t<\/div>\n\t\t<\/div>\n\t\t\t\t\t<\/div>\n\t\t<\/section>\n\t\t\t\t<section class=\"has_eae_slider elementor-section elementor-top-section elementor-element elementor-element-05cf433 elementor-section-boxed elementor-section-height-default elementor-section-height-default\" data-eae-slider=\"40123\" data-id=\"05cf433\" data-element_type=\"section\" data-e-type=\"section\">\n\t\t\t\t\t\t<div class=\"elementor-container elementor-column-gap-wide\">\n\t\t\t\t\t<div class=\"has_eae_slider elementor-column elementor-col-50 elementor-top-column elementor-element elementor-element-8549ea0\" data-eae-slider=\"41710\" data-id=\"8549ea0\" data-element_type=\"column\" data-e-type=\"column\">\n\t\t\t<div class=\"elementor-widget-wrap elementor-element-populated\">\n\t\t\t\t\t\t<div class=\"elementor-element elementor-element-acac838 elementor-widget elementor-widget-text-editor\" data-id=\"acac838\" data-element_type=\"widget\" data-e-type=\"widget\" data-widget_type=\"text-editor.default\">\n\t\t\t\t<div class=\"elementor-widget-container\">\n\t\t\t\t\t\t\t\t\t<p><strong>Ainsi, si vous souhaitez produire un produit de confiserie, de boulangerie ou un aliment pour animaux domestiques, par exemple , veuillez nous communiquer au pr\u00e9alable les donn\u00e9es cl\u00e9s suivantes:<\/strong><\/p>\n<p>\u2022\tBudget maximum que vous souhaitez investir dans le projet.<br \/>\n\u2022\tDescription du produit (ou nom d&#8217;un produit comparable)<br \/>\n\u2022\tPerformance du syst\u00e8me en kg\/h<br \/>\n\u2022\tPoids unitaire du produit<br \/>\n\u2022\tType d&#8217;emballage souhait\u00e9<br \/>\n\u2022\tDimensions de votre zone de production et indication des plages de temp\u00e9rature possibles.<br \/>\n\u2022\tDisposez-vous d\u00e9j\u00e0 de composants d&#8217;usine qui doivent \u00eatre pris en compte dans la planification?<br \/>\n\u2022\tL&#8217;\u00e9lectricit\u00e9, l&#8217;air comprim\u00e9, l&#8217;eau chaude, l&#8217;eau froide, la vapeur, le gaz sont-ils disponibles?<\/p>\n\t\t\t\t\t\t\t\t<\/div>\n\t\t\t\t<\/div>\n\t\t\t\t\t<\/div>\n\t\t<\/div>\n\t\t\t\t<div class=\"has_eae_slider elementor-column elementor-col-50 elementor-top-column elementor-element elementor-element-8103ff0\" data-eae-slider=\"1674\" data-id=\"8103ff0\" data-element_type=\"column\" data-e-type=\"column\">\n\t\t\t<div class=\"elementor-widget-wrap elementor-element-populated\">\n\t\t\t\t\t\t<div class=\"elementor-element elementor-element-3273906 elementor-widget elementor-widget-text-editor\" data-id=\"3273906\" data-element_type=\"widget\" data-e-type=\"widget\" data-widget_type=\"text-editor.default\">\n\t\t\t\t<div class=\"elementor-widget-container\">\n\t\t\t\t\t\t\t\t\t<p><strong>Dans le cadre de la planification, vous recevrez alors de notre part \u00e0 l&#8217;avance:<\/strong><\/p>\n<ul>\n<li>Offre des machines con\u00e7ues en tant que syst\u00e8me avec photos et d\u00e9signation des emplacements en vue des visites communes.<\/li>\n<li>Offres de r\u00e9vision g\u00e9n\u00e9rale des composants usag\u00e9s.<\/li>\n<li>Plan de planification de l&#8217;usine de production et am\u00e9nagement de l&#8217;espace n\u00e9cessaire dans votre zone de production disponible<\/li>\n<li>Calcul de la consommation d&#8217;\u00e9nergie (\u00e9lectricit\u00e9, gaz, air, etc.)<\/li>\n<li>Calcul des besoins en personnel<\/li>\n<\/ul>\n\t\t\t\t\t\t\t\t<\/div>\n\t\t\t\t<\/div>\n\t\t\t\t<div class=\"elementor-element elementor-element-e0f2195 elementor-widget elementor-widget-text-editor\" data-id=\"e0f2195\" data-element_type=\"widget\" data-e-type=\"widget\" data-widget_type=\"text-editor.default\">\n\t\t\t\t<div class=\"elementor-widget-container\">\n\t\t\t\t\t\t\t\t\t<p>En moyenne, 5\u00a0% de la valeur approximative de la livraison sont d\u00e9finis comme frais de planification, qui sont bien s\u00fbr compens\u00e9s par l&#8217;acompte de la commande finale lorsque la commande finale du syst\u00e8me \u00e0 concevoir est pass\u00e9e.<\/p>\n\t\t\t\t\t\t\t\t<\/div>\n\t\t\t\t<\/div>\n\t\t\t\t\t<\/div>\n\t\t<\/div>\n\t\t\t\t\t<\/div>\n\t\t<\/section>\n\t\t\t\t<\/div>\n\t\t","protected":false},"excerpt":{"rendered":"<p>NOUS CONCEVONS ET CR\u00c9ONS UN PROJET JUSTE POUR VOUS ! Les lignes compl\u00e8tes de A \u00e0 Z, c&#8217;est-\u00e0-dire de la mati\u00e8re premi\u00e8re \u00e0 l&#8217;emballage, ne sont pas toujours disponibles \u00e0 la vente en un seul endroit, en g\u00e9n\u00e9ral uniquement des composants individuels. Pour ce cas, nous pouvons vous proposer d&#8217;\u00e9laborer un projet adapt\u00e9 pour vous. [&hellip;]<\/p>\n","protected":false},"author":2,"featured_media":0,"parent":43831,"menu_order":0,"comment_status":"closed","ping_status":"closed","template":"","meta":{"footnotes":""},"class_list":["post-43808","page","type-page","status-publish","hentry"],"_links":{"self":[{"href":"https:\/\/schokoma.de\/fr\/wp-json\/wp\/v2\/pages\/43808","targetHints":{"allow":["GET"]}}],"collection":[{"href":"https:\/\/schokoma.de\/fr\/wp-json\/wp\/v2\/pages"}],"about":[{"href":"https:\/\/schokoma.de\/fr\/wp-json\/wp\/v2\/types\/page"}],"author":[{"embeddable":true,"href":"https:\/\/schokoma.de\/fr\/wp-json\/wp\/v2\/users\/2"}],"replies":[{"embeddable":true,"href":"https:\/\/schokoma.de\/fr\/wp-json\/wp\/v2\/comments?post=43808"}],"version-history":[{"count":1,"href":"https:\/\/schokoma.de\/fr\/wp-json\/wp\/v2\/pages\/43808\/revisions"}],"predecessor-version":[{"id":43809,"href":"https:\/\/schokoma.de\/fr\/wp-json\/wp\/v2\/pages\/43808\/revisions\/43809"}],"up":[{"embeddable":true,"href":"https:\/\/schokoma.de\/fr\/wp-json\/wp\/v2\/pages\/43831"}],"wp:attachment":[{"href":"https:\/\/schokoma.de\/fr\/wp-json\/wp\/v2\/media?parent=43808"}],"curies":[{"name":"wp","href":"https:\/\/api.w.org\/{rel}","templated":true}]}}