{"id":60358,"date":"2024-10-24T08:00:50","date_gmt":"2024-10-24T06:00:50","guid":{"rendered":"https:\/\/temper-doctor.com\/?post_type=product&#038;p=60358"},"modified":"2024-10-24T15:05:35","modified_gmt":"2024-10-24T13:05:35","slug":"tcx-mega-serie","status":"publish","type":"product","link":"https:\/\/schokoma.de\/en\/produkt\/tcx-mega-serie\/","title":{"rendered":"TCX Mega-Serie"},"content":{"rendered":"\t\t<div data-elementor-type=\"product-post\" data-elementor-id=\"60358\" class=\"elementor elementor-60358\" data-elementor-post-type=\"product\">\n\t\t\t\t\t\t<section class=\"has_eae_slider elementor-section elementor-top-section elementor-element elementor-element-6af4d0d elementor-section-boxed elementor-section-height-default elementor-section-height-default\" data-eae-slider=\"10012\" data-id=\"6af4d0d\" data-element_type=\"section\" data-e-type=\"section\">\n\t\t\t\t\t\t<div class=\"elementor-container elementor-column-gap-default\">\n\t\t\t\t\t<div class=\"has_eae_slider elementor-column elementor-col-100 elementor-top-column elementor-element elementor-element-09f44cb\" data-eae-slider=\"72280\" data-id=\"09f44cb\" data-element_type=\"column\" data-e-type=\"column\">\n\t\t\t<div class=\"elementor-widget-wrap elementor-element-populated\">\n\t\t\t\t\t\t<section class=\"has_eae_slider elementor-section elementor-inner-section elementor-element elementor-element-673eb60 elementor-section-boxed elementor-section-height-default elementor-section-height-default\" data-eae-slider=\"66131\" data-id=\"673eb60\" data-element_type=\"section\" data-e-type=\"section\">\n\t\t\t\t\t\t<div class=\"elementor-container elementor-column-gap-default\">\n\t\t\t\t\t<div class=\"has_eae_slider elementor-column elementor-col-50 elementor-inner-column elementor-element elementor-element-52af687\" data-eae-slider=\"23897\" data-id=\"52af687\" data-element_type=\"column\" data-e-type=\"column\">\n\t\t\t<div class=\"elementor-widget-wrap elementor-element-populated\">\n\t\t\t\t\t\t<div class=\"elementor-element elementor-element-54d77cc elementor-widget elementor-widget-text-editor\" data-id=\"54d77cc\" data-element_type=\"widget\" data-e-type=\"widget\" data-widget_type=\"text-editor.default\">\n\t\t\t\t<div class=\"elementor-widget-container\">\n\t\t\t\t\t\t\t\t\t<h3>TCX Mega-Serie<\/h3><p>Dieser Tanktyp mit einem Fassungsverm\u00f6gen von 1000 bis 24000 kg eignet sich besonders f\u00fcr mittlere und gro\u00dfe Produktionsunternehmen.<\/p><h5>EINIGE DETAILS<\/h5><ul><li>2 BELADUNGS- UND PRODUKTINSPEKT\u00dcREN<\/li><li>R\u00dcHRWERK, BEH\u00c4LTERK\u00d6RPER UND AUSSENW\u00c4NDE AUS STAHL AISI 304<\/li><li>BEINE MIT VERSTELLBAREN F\u00dcSSEN<\/li><li>ELEKTRISCHES PANEL KONFORM MIT DEN CE-NORMEN<\/li><li>NOTFALLPILZ<\/li><\/ul><p>\u00a0<\/p><table><tbody><tr><td>Bezeichnung<\/td><td>Kapazit\u00e4t in L<\/td><td>St\u00e4rke (KW)<\/td><\/tr><tr><td>TCX Mega 10<\/td><td>1000<\/td><td>3<\/td><\/tr><tr><td>TCX Mega 20<\/td><td>1900<\/td><td>4<\/td><\/tr><tr><td>TCX Mega 25<\/td><td>2300<\/td><td>4<\/td><\/tr><tr><td>TCX Mega 30<\/td><td>2800<\/td><td>6<\/td><\/tr><tr><td>TCX Mega 40<\/td><td>3500<\/td><td>6<\/td><\/tr><tr><td>TCX Mega 50<\/td><td>4400<\/td><td>6<\/td><\/tr><tr><td>TCX Mega 60<\/td><td>5200<\/td><td>10<\/td><\/tr><tr><td>TCX Mega 80<\/td><td>7000<\/td><td>10<\/td><\/tr><tr><td>TCX Mega 100<\/td><td>9000<\/td><td>10<\/td><\/tr><tr><td>TCX Mega 120<\/td><td>11000<\/td><td>10<\/td><\/tr><tr><td>TCX Mega 150<\/td><td>13000<\/td><td>10<\/td><\/tr><tr><td>TCX Mega 200<\/td><td>17000<\/td><td>15<\/td><\/tr><tr><td>TCX Mega 240<\/td><td>20000<\/td><td>15<\/td><\/tr><\/tbody><\/table>\t\t\t\t\t\t\t\t<\/div>\n\t\t\t\t<\/div>\n\t\t\t\t\t<\/div>\n\t\t<\/div>\n\t\t\t\t<div class=\"has_eae_slider elementor-column elementor-col-50 elementor-inner-column elementor-element elementor-element-848d410\" data-eae-slider=\"59806\" data-id=\"848d410\" data-element_type=\"column\" data-e-type=\"column\">\n\t\t\t<div class=\"elementor-widget-wrap elementor-element-populated\">\n\t\t\t\t\t\t<div class=\"elementor-element elementor-element-340e61c elementor-widget elementor-widget-heading\" data-id=\"340e61c\" data-element_type=\"widget\" data-e-type=\"widget\" data-widget_type=\"heading.default\">\n\t\t\t\t<div class=\"elementor-widget-container\">\n\t\t\t\t\t<h4 class=\"elementor-heading-title elementor-size-default\">Jetzt Anfragen!<\/h4>\t\t\t\t<\/div>\n\t\t\t\t<\/div>\n\t\t\t\t<div class=\"elementor-element elementor-element-99feb65 elementor-button-align-stretch elementor-widget elementor-widget-form\" data-id=\"99feb65\" data-element_type=\"widget\" data-e-type=\"widget\" data-settings=\"{&quot;step_next_label&quot;:&quot;N\\u00e4chster&quot;,&quot;step_previous_label&quot;:&quot;Voriger&quot;,&quot;button_width&quot;:&quot;100&quot;,&quot;step_type&quot;:&quot;number_text&quot;,&quot;step_icon_shape&quot;:&quot;circle&quot;}\" data-widget_type=\"form.default\">\n\t\t\t\t<div class=\"elementor-widget-container\">\n\t\t\t\t\t\t\t<form class=\"elementor-form\" method=\"post\" name=\"Anfrage Massa TCX Mega-Serie\" aria-label=\"Anfrage Massa TCX Mega-Serie\">\n\t\t\t<input type=\"hidden\" name=\"post_id\" value=\"60358\"\/>\n\t\t\t<input type=\"hidden\" name=\"form_id\" value=\"99feb65\"\/>\n\t\t\t<input type=\"hidden\" name=\"referer_title\" value=\"Produkt-Kategorien  M.C.M Massa\" \/>\n\n\t\t\t\n\t\t\t<div class=\"elementor-form-fields-wrapper elementor-labels-above\">\n\t\t\t\t\t\t\t\t<div class=\"elementor-field-type-radio elementor-field-group elementor-column elementor-field-group-field_d65ab36 elementor-col-100\">\n\t\t\t\t\t\t\t\t\t\t\t\t<label for=\"form-field-field_d65ab36\" class=\"elementor-field-label\">\n\t\t\t\t\t\t\t\tZu welcher Maschine\t\t\t\t\t\t\t<\/label>\n\t\t\t\t\t\t<div class=\"elementor-field-subgroup  elementor-subgroup-inline\"><span class=\"elementor-field-option\"><input type=\"radio\" value=\"TCX Mega 10\" id=\"form-field-field_d65ab36-0\" name=\"form_fields[field_d65ab36]\"> <label for=\"form-field-field_d65ab36-0\">TCX Mega 10<\/label><\/span><span class=\"elementor-field-option\"><input type=\"radio\" value=\"TCX Mega 20\" id=\"form-field-field_d65ab36-1\" name=\"form_fields[field_d65ab36]\"> <label for=\"form-field-field_d65ab36-1\">TCX Mega 20<\/label><\/span><span class=\"elementor-field-option\"><input type=\"radio\" value=\"TCX Mega 25\" id=\"form-field-field_d65ab36-2\" name=\"form_fields[field_d65ab36]\"> <label for=\"form-field-field_d65ab36-2\">TCX Mega 25<\/label><\/span><span class=\"elementor-field-option\"><input type=\"radio\" value=\"TCX Mega 30\" id=\"form-field-field_d65ab36-3\" name=\"form_fields[field_d65ab36]\"> <label for=\"form-field-field_d65ab36-3\">TCX Mega 30<\/label><\/span><span class=\"elementor-field-option\"><input type=\"radio\" value=\"TCX Mega 40\" id=\"form-field-field_d65ab36-4\" name=\"form_fields[field_d65ab36]\"> <label for=\"form-field-field_d65ab36-4\">TCX Mega 40<\/label><\/span><span class=\"elementor-field-option\"><input type=\"radio\" value=\"TCX Mega 50\" id=\"form-field-field_d65ab36-5\" name=\"form_fields[field_d65ab36]\"> <label for=\"form-field-field_d65ab36-5\">TCX Mega 50<\/label><\/span><span class=\"elementor-field-option\"><input type=\"radio\" value=\"TCX Mega 60\" id=\"form-field-field_d65ab36-6\" name=\"form_fields[field_d65ab36]\"> <label for=\"form-field-field_d65ab36-6\">TCX Mega 60<\/label><\/span><span class=\"elementor-field-option\"><input type=\"radio\" value=\"TCX Mega 80\" id=\"form-field-field_d65ab36-7\" name=\"form_fields[field_d65ab36]\"> <label for=\"form-field-field_d65ab36-7\">TCX Mega 80<\/label><\/span><span class=\"elementor-field-option\"><input type=\"radio\" value=\"TCX Mega 100\" id=\"form-field-field_d65ab36-8\" name=\"form_fields[field_d65ab36]\"> <label for=\"form-field-field_d65ab36-8\">TCX Mega 100<\/label><\/span><span class=\"elementor-field-option\"><input type=\"radio\" value=\"TCX Mega 120\" id=\"form-field-field_d65ab36-9\" name=\"form_fields[field_d65ab36]\"> <label for=\"form-field-field_d65ab36-9\">TCX Mega 120<\/label><\/span><span class=\"elementor-field-option\"><input type=\"radio\" value=\"TCX Mega 150\" id=\"form-field-field_d65ab36-10\" name=\"form_fields[field_d65ab36]\"> <label for=\"form-field-field_d65ab36-10\">TCX Mega 150<\/label><\/span><span class=\"elementor-field-option\"><input type=\"radio\" value=\"TCX Mega 200\" id=\"form-field-field_d65ab36-11\" name=\"form_fields[field_d65ab36]\"> <label for=\"form-field-field_d65ab36-11\">TCX Mega 200<\/label><\/span><span class=\"elementor-field-option\"><input type=\"radio\" value=\"TCX Mega 240\" id=\"form-field-field_d65ab36-12\" name=\"form_fields[field_d65ab36]\"> <label for=\"form-field-field_d65ab36-12\">TCX Mega 240<\/label><\/span><span class=\"elementor-field-option\"><input type=\"radio\" value=\"\" id=\"form-field-field_d65ab36-13\" name=\"form_fields[field_d65ab36]\"> <label for=\"form-field-field_d65ab36-13\"><\/label><\/span><\/div>\t\t\t\t<\/div>\n\t\t\t\t\t\t\t\t<div class=\"elementor-field-type-text elementor-field-group elementor-column elementor-field-group-name elementor-col-50\">\n\t\t\t\t\t\t\t\t\t\t\t\t<label for=\"form-field-name\" class=\"elementor-field-label\">\n\t\t\t\t\t\t\t\tFirma\t\t\t\t\t\t\t<\/label>\n\t\t\t\t\t\t\t\t\t\t\t\t\t\t<input size=\"1\" type=\"text\" name=\"form_fields[name]\" id=\"form-field-name\" class=\"elementor-field elementor-size-sm  elementor-field-textual\" placeholder=\"Firma\">\n\t\t\t\t\t\t\t\t\t\t\t<\/div>\n\t\t\t\t\t\t\t\t<div class=\"elementor-field-type-text elementor-field-group elementor-column elementor-field-group-field_491a5c4 elementor-col-50\">\n\t\t\t\t\t\t\t\t\t\t\t\t<label for=\"form-field-field_491a5c4\" class=\"elementor-field-label\">\n\t\t\t\t\t\t\t\tAnsprechpartner\t\t\t\t\t\t\t<\/label>\n\t\t\t\t\t\t\t\t\t\t\t\t\t\t<input size=\"1\" type=\"text\" name=\"form_fields[field_491a5c4]\" id=\"form-field-field_491a5c4\" class=\"elementor-field elementor-size-sm  elementor-field-textual\" placeholder=\"Name Nachname\">\n\t\t\t\t\t\t\t\t\t\t\t<\/div>\n\t\t\t\t\t\t\t\t<div class=\"elementor-field-type-text elementor-field-group elementor-column elementor-field-group-field_ba7982e elementor-col-70\">\n\t\t\t\t\t\t\t\t\t\t\t\t<label for=\"form-field-field_ba7982e\" class=\"elementor-field-label\">\n\t\t\t\t\t\t\t\tStra\u00dfe\t\t\t\t\t\t\t<\/label>\n\t\t\t\t\t\t\t\t\t\t\t\t\t\t<input size=\"1\" type=\"text\" name=\"form_fields[field_ba7982e]\" id=\"form-field-field_ba7982e\" class=\"elementor-field elementor-size-sm  elementor-field-textual\" placeholder=\"Stra\u00dfe\">\n\t\t\t\t\t\t\t\t\t\t\t<\/div>\n\t\t\t\t\t\t\t\t<div class=\"elementor-field-type-text elementor-field-group elementor-column elementor-field-group-field_1a7be15 elementor-col-30\">\n\t\t\t\t\t\t\t\t\t\t\t\t<label for=\"form-field-field_1a7be15\" class=\"elementor-field-label\">\n\t\t\t\t\t\t\t\tHausnummer\t\t\t\t\t\t\t<\/label>\n\t\t\t\t\t\t\t\t\t\t\t\t\t\t<input size=\"1\" type=\"text\" name=\"form_fields[field_1a7be15]\" id=\"form-field-field_1a7be15\" class=\"elementor-field elementor-size-sm  elementor-field-textual\" placeholder=\"Hausnummer\">\n\t\t\t\t\t\t\t\t\t\t\t<\/div>\n\t\t\t\t\t\t\t\t<div class=\"elementor-field-type-text elementor-field-group elementor-column elementor-field-group-field_0a6e10e elementor-col-40\">\n\t\t\t\t\t\t\t\t\t\t\t\t<label for=\"form-field-field_0a6e10e\" class=\"elementor-field-label\">\n\t\t\t\t\t\t\t\tPostleitzahl\t\t\t\t\t\t\t<\/label>\n\t\t\t\t\t\t\t\t\t\t\t\t\t\t<input size=\"1\" type=\"text\" name=\"form_fields[field_0a6e10e]\" id=\"form-field-field_0a6e10e\" class=\"elementor-field elementor-size-sm  elementor-field-textual\">\n\t\t\t\t\t\t\t\t\t\t\t<\/div>\n\t\t\t\t\t\t\t\t<div class=\"elementor-field-type-text elementor-field-group elementor-column elementor-field-group-field_20a0a06 elementor-col-60\">\n\t\t\t\t\t\t\t\t\t\t\t\t<label for=\"form-field-field_20a0a06\" class=\"elementor-field-label\">\n\t\t\t\t\t\t\t\tOrt\t\t\t\t\t\t\t<\/label>\n\t\t\t\t\t\t\t\t\t\t\t\t\t\t<input size=\"1\" type=\"text\" name=\"form_fields[field_20a0a06]\" id=\"form-field-field_20a0a06\" class=\"elementor-field elementor-size-sm  elementor-field-textual\">\n\t\t\t\t\t\t\t\t\t\t\t<\/div>\n\t\t\t\t\t\t\t\t<div class=\"elementor-field-type-email elementor-field-group elementor-column elementor-field-group-email elementor-col-50 elementor-field-required\">\n\t\t\t\t\t\t\t\t\t\t\t\t<label for=\"form-field-email\" class=\"elementor-field-label\">\n\t\t\t\t\t\t\t\tE-Mail\t\t\t\t\t\t\t<\/label>\n\t\t\t\t\t\t\t\t\t\t\t\t\t\t<input size=\"1\" type=\"email\" name=\"form_fields[email]\" id=\"form-field-email\" class=\"elementor-field elementor-size-sm  elementor-field-textual\" placeholder=\"E-Mail\" required=\"required\">\n\t\t\t\t\t\t\t\t\t\t\t<\/div>\n\t\t\t\t\t\t\t\t<div class=\"elementor-field-type-text elementor-field-group elementor-column elementor-field-group-field_5f6e84e elementor-col-50\">\n\t\t\t\t\t\t\t\t\t\t\t\t<label for=\"form-field-field_5f6e84e\" class=\"elementor-field-label\">\n\t\t\t\t\t\t\t\tTelefonnummer\t\t\t\t\t\t\t<\/label>\n\t\t\t\t\t\t\t\t\t\t\t\t\t\t<input size=\"1\" type=\"text\" name=\"form_fields[field_5f6e84e]\" id=\"form-field-field_5f6e84e\" class=\"elementor-field elementor-size-sm  elementor-field-textual\">\n\t\t\t\t\t\t\t\t\t\t\t<\/div>\n\t\t\t\t\t\t\t\t<div class=\"elementor-field-group elementor-column elementor-field-type-submit elementor-col-100 e-form__buttons\">\n\t\t\t\t\t<button class=\"elementor-button elementor-size-sm\" type=\"submit\">\n\t\t\t\t\t\t<span class=\"elementor-button-content-wrapper\">\n\t\t\t\t\t\t\t\t\t\t\t\t\t\t\t\t\t\t\t\t\t\t<span class=\"elementor-button-text\">Senden<\/span>\n\t\t\t\t\t\t\t\t\t\t\t\t\t<\/span>\n\t\t\t\t\t<\/button>\n\t\t\t\t<\/div>\n\t\t\t<\/div>\n\t\t<\/form>\n\t\t\t\t\t\t<\/div>\n\t\t\t\t<\/div>\n\t\t\t\t\t<\/div>\n\t\t<\/div>\n\t\t\t\t\t<\/div>\n\t\t<\/section>\n\t\t\t\t<div class=\"elementor-element elementor-element-8f167c4 elementor-widget-divider--view-line elementor-widget elementor-widget-divider\" data-id=\"8f167c4\" data-element_type=\"widget\" data-e-type=\"widget\" data-widget_type=\"divider.default\">\n\t\t\t\t<div class=\"elementor-widget-container\">\n\t\t\t\t\t\t\t<div class=\"elementor-divider\">\n\t\t\t<span class=\"elementor-divider-separator\">\n\t\t\t\t\t\t<\/span>\n\t\t<\/div>\n\t\t\t\t\t\t<\/div>\n\t\t\t\t<\/div>\n\t\t<div class=\"has_eae_slider elementor-element elementor-element-3a731b3 e-flex e-con-boxed e-con e-parent\" data-eae-slider=\"81251\" data-id=\"3a731b3\" data-element_type=\"container\" data-e-type=\"container\">\n\t\t\t\t\t<div class=\"e-con-inner\">\n\t\t\t\t<div class=\"elementor-element elementor-element-457e960 elementor-widget__width-initial elementor-widget elementor-widget-text-editor\" data-id=\"457e960\" data-element_type=\"widget\" data-e-type=\"widget\" data-widget_type=\"text-editor.default\">\n\t\t\t\t<div class=\"elementor-widget-container\">\n\t\t\t\t\t\t\t\t\t<h4>Verarbeitbare Rohstoffe<\/h4>\n<ul>\n \t<li><span>Schokolade<\/span><\/li>\n \t<li><span>Schokoladenersatz<\/span><\/li>\n \t<li><span>Kakaopaste<\/span><\/li>\n \t<li><span>Kakaobutter<\/span><\/li>\n \t<li><span>Pflanzliche Fette<\/span><\/li>\n \t<li><span>Cremes<\/span><\/li>\n \t<li><span>Glucose<\/span><\/li>\n<\/ul>\t\t\t\t\t\t\t\t<\/div>\n\t\t\t\t<\/div>\n\t\t\t\t<div class=\"elementor-element elementor-element-c448dbf elementor-widget__width-initial elementor-widget elementor-widget-image\" data-id=\"c448dbf\" data-element_type=\"widget\" data-e-type=\"widget\" data-widget_type=\"image.default\">\n\t\t\t\t<div class=\"elementor-widget-container\">\n\t\t\t\t\t\t\t\t\t\t\t\t\t\t\t<img fetchpriority=\"high\" decoding=\"async\" width=\"697\" height=\"1024\" src=\"https:\/\/schokoma.de\/wp-content\/uploads\/2024\/10\/7a_TANK_MCM_chocolate_equipment_PRODOTTI_TCX_Mega-697x1024.png\" class=\"attachment-large size-large wp-image-60359\" alt=\"\" srcset=\"https:\/\/schokoma.de\/wp-content\/uploads\/2024\/10\/7a_TANK_MCM_chocolate_equipment_PRODOTTI_TCX_Mega-697x1024.png 697w, https:\/\/schokoma.de\/wp-content\/uploads\/2024\/10\/7a_TANK_MCM_chocolate_equipment_PRODOTTI_TCX_Mega-204x300.png 204w, https:\/\/schokoma.de\/wp-content\/uploads\/2024\/10\/7a_TANK_MCM_chocolate_equipment_PRODOTTI_TCX_Mega-768x1129.png 768w, https:\/\/schokoma.de\/wp-content\/uploads\/2024\/10\/7a_TANK_MCM_chocolate_equipment_PRODOTTI_TCX_Mega-600x882.png 600w, https:\/\/schokoma.de\/wp-content\/uploads\/2024\/10\/7a_TANK_MCM_chocolate_equipment_PRODOTTI_TCX_Mega.png 858w\" sizes=\"(max-width: 697px) 100vw, 697px\" \/>\t\t\t\t\t\t\t\t\t\t\t\t\t\t\t<\/div>\n\t\t\t\t<\/div>\n\t\t\t\t\t<\/div>\n\t\t\t\t<\/div>\n\t\t\t\t\t<\/div>\n\t\t<\/div>\n\t\t\t\t\t<\/div>\n\t\t<\/section>\n\t\t\t\t<\/div>\n\t\t","protected":false},"excerpt":{"rendered":"<p>TCX Mega-Serie Dieser Tanktyp mit einem Fassungsverm\u00f6gen von 1000 bis 24000 kg eignet sich besonders f\u00fcr mittlere und gro\u00dfe Produktionsunternehmen. EINIGE DETAILS 2 BELADUNGS- UND PRODUKTINSPEKT\u00dcREN R\u00dcHRWERK, BEH\u00c4LTERK\u00d6RPER UND AUSSENW\u00c4NDE AUS STAHL AISI 304 BEINE MIT VERSTELLBAREN F\u00dcSSEN ELEKTRISCHES PANEL KONFORM MIT DEN CE-NORMEN NOTFALLPILZ \u00a0 Bezeichnung Kapazit\u00e4t in L St\u00e4rke (KW) TCX Mega 10 [&hellip;]<\/p>\n","protected":false},"featured_media":60359,"template":"","meta":[],"product_brand":[],"product_cat":[7865,7862],"product_tag":[],"class_list":{"0":"post-60358","1":"product","2":"type-product","3":"status-publish","4":"has-post-thumbnail","6":"product_cat-isolierte-tanks","7":"product_cat-mcm-massa","9":"first","10":"instock","11":"shipping-taxable","12":"product-type-simple"},"_links":{"self":[{"href":"https:\/\/schokoma.de\/en\/wp-json\/wp\/v2\/product\/60358","targetHints":{"allow":["GET"]}}],"collection":[{"href":"https:\/\/schokoma.de\/en\/wp-json\/wp\/v2\/product"}],"about":[{"href":"https:\/\/schokoma.de\/en\/wp-json\/wp\/v2\/types\/product"}],"version-history":[{"count":7,"href":"https:\/\/schokoma.de\/en\/wp-json\/wp\/v2\/product\/60358\/revisions"}],"predecessor-version":[{"id":60519,"href":"https:\/\/schokoma.de\/en\/wp-json\/wp\/v2\/product\/60358\/revisions\/60519"}],"wp:featuredmedia":[{"embeddable":true,"href":"https:\/\/schokoma.de\/en\/wp-json\/wp\/v2\/media\/60359"}],"wp:attachment":[{"href":"https:\/\/schokoma.de\/en\/wp-json\/wp\/v2\/media?parent=60358"}],"wp:term":[{"taxonomy":"product_brand","embeddable":true,"href":"https:\/\/schokoma.de\/en\/wp-json\/wp\/v2\/product_brand?post=60358"},{"taxonomy":"product_cat","embeddable":true,"href":"https:\/\/schokoma.de\/en\/wp-json\/wp\/v2\/product_cat?post=60358"},{"taxonomy":"product_tag","embeddable":true,"href":"https:\/\/schokoma.de\/en\/wp-json\/wp\/v2\/product_tag?post=60358"}],"curies":[{"name":"wp","href":"https:\/\/api.w.org\/{rel}","templated":true}]}}